{"id":34713,"date":"2025-02-20T22:36:33","date_gmt":"2025-02-20T22:36:33","guid":{"rendered":"https:\/\/olemosaic.orbitalia.org\/producto\/libreta-de-80-hojas-mariposas\/"},"modified":"2025-07-25T18:53:23","modified_gmt":"2025-07-25T16:53:23","slug":"carnet-de-80-pages-papillons","status":"publish","type":"product","link":"https:\/\/olemosaic.orbitalia.org\/fr\/produit\/carnet-de-80-pages-papillons\/","title":{"rendered":"Carnet de 80 pages. Papillons."},"content":{"rendered":"<p>Carnet d\u00e9cor\u00e9 d&rsquo;un design vibrant d&rsquo;inspiration mosa\u00efque et de motifs de papillons. Ce carnet de 80 pages est une pi\u00e8ce captivante qui combine la beaut\u00e9 naturelle de papillons aux couleurs \u00e9clatantes \u2013 comme le bleu, le rouge et le jaune \u2013 avec l&rsquo;art d\u00e9coratif de la mosa\u00efque traditionnelle. Le fond blanc, orn\u00e9 de motifs de trencad\u00eds, met en valeur chaque papillon, apportant fra\u00eecheur et joie au design. Les papillons semblent prendre vie, embellissant tout espace de travail ou d&rsquo;\u00e9tude.<\/p>\n<p>La fermeture \u00e9lastique rouge est non seulement fonctionnelle, mais ajoute \u00e9galement une touche d&rsquo;\u00e9l\u00e9gance, faisant de ce carnet un accessoire id\u00e9al \u00e0 glisser dans un sac. Parfait pour ceux qui souhaitent conserver des notes, des croquis ou des pens\u00e9es inspirantes, ce carnet est bien plus qu&rsquo;un simple article de papeterie ; c&rsquo;est un hommage \u00e0 la culture espagnole color\u00e9e et \u00e0 la ma\u00eetrise de l&rsquo;art de la mosa\u00efque.<\/p>\n<p>En tant qu&rsquo;authentique souvenir, il refl\u00e8te la richesse du patrimoine artistique, devenant un cadeau significatif pour les touristes souhaitant emporter un morceau d&rsquo;Espagne. Chez Ol\u00e9 Mosaic, fiers distributeurs de souvenirs en gros, nous proposons ce carnet de papillons comme une option parfaite pour les boutiques de cadeaux touristiques, alliant art, fonctionnalit\u00e9 et une touche d&rsquo;histoire culturelle.<\/p>\n","protected":false},"excerpt":{"rendered":"<p>Carnet de 80 pages d\u00e9cor\u00e9 d&rsquo;un design vibrant de papillons et de fleurs, inspir\u00e9 du style de la mosa\u00efque traditionnelle. Cet article de papeterie pr\u00e9sente des papillons aux couleurs \u00e9clatantes, comme le bleu, le rouge et le jaune, sur un fond blanc avec des motifs de mosa\u00efque, \u00e9voquant l&rsquo;art du trencad\u00eds. Le carnet inclut une fermeture \u00e9lastique rouge, ce qui le rend id\u00e9al pour \u00eatre transport\u00e9 dans un sac et conserver vos notes avec style.<\/p>\n","protected":false},"featured_media":11651,"template":"","meta":{"_acf_changed":false},"product_brand":[],"product_cat":[806],"product_tag":[530],"class_list":{"0":"post-34713","1":"product","2":"type-product","3":"status-publish","4":"has-post-thumbnail","6":"product_cat-carnets","7":"product_tag-animaux","8":"pa_motivo-papillons","10":"first","11":"instock","12":"shipping-taxable","13":"product-type-simple"},"acf":[],"_links":{"self":[{"href":"https:\/\/olemosaic.orbitalia.org\/fr\/wp-json\/wp\/v2\/product\/34713","targetHints":{"allow":["GET"]}}],"collection":[{"href":"https:\/\/olemosaic.orbitalia.org\/fr\/wp-json\/wp\/v2\/product"}],"about":[{"href":"https:\/\/olemosaic.orbitalia.org\/fr\/wp-json\/wp\/v2\/types\/product"}],"wp:featuredmedia":[{"embeddable":true,"href":"https:\/\/olemosaic.orbitalia.org\/fr\/wp-json\/wp\/v2\/media\/11651"}],"wp:attachment":[{"href":"https:\/\/olemosaic.orbitalia.org\/fr\/wp-json\/wp\/v2\/media?parent=34713"}],"wp:term":[{"taxonomy":"product_brand","embeddable":true,"href":"https:\/\/olemosaic.orbitalia.org\/fr\/wp-json\/wp\/v2\/product_brand?post=34713"},{"taxonomy":"product_cat","embeddable":true,"href":"https:\/\/olemosaic.orbitalia.org\/fr\/wp-json\/wp\/v2\/product_cat?post=34713"},{"taxonomy":"product_tag","embeddable":true,"href":"https:\/\/olemosaic.orbitalia.org\/fr\/wp-json\/wp\/v2\/product_tag?post=34713"}],"curies":[{"name":"wp","href":"https:\/\/api.w.org\/{rel}","templated":true}]}}