{"id":34712,"date":"2025-02-20T23:36:33","date_gmt":"2025-02-20T22:36:33","guid":{"rendered":"https:\/\/olemosaic.orbitalia.org\/producto\/lata-inox-de-500-ml-salamandra-2\/"},"modified":"2025-07-25T18:38:10","modified_gmt":"2025-07-25T16:38:10","slug":"canette-inox-500-ml-salamandre-2","status":"publish","type":"product","link":"https:\/\/olemosaic.orbitalia.org\/fr\/produit\/canette-inox-500-ml-salamandre-2\/","title":{"rendered":"Canette en inox de 500 ml. Salamandre. Gaud\u00ed. Barcelone."},"content":{"rendered":"<p>Canette en acier inoxydable de 500 ml avec un design de salamandres. Inspir\u00e9e du c\u00e9l\u00e8bre trencad\u00eds de Gaud\u00ed, cette canette \u00e9l\u00e9gante, id\u00e9ale pour garder vos boissons fra\u00eeches avec style, se distingue par son fond blanc vibrant d\u00e9cor\u00e9 de salamandres aux tons brillants de vert, rouge et bleu, pr\u00e9sent\u00e9es dans diverses postures qui \u00e9voquent la cr\u00e9ativit\u00e9 et l&rsquo;art de Barcelone. La finition en acier inoxydable garantit non seulement la durabilit\u00e9, mais apporte \u00e9galement une touche de sophistication et de qualit\u00e9, faisant de cet objet un souvenir repr\u00e9sentatif de la r\u00e9gion. Les salamandres, ic\u00f4nes de l&rsquo;\u0153uvre de Gaud\u00ed, symbolisent la fusion de la nature et de l&rsquo;architecture, encapsulant l&rsquo;esprit de la modernit\u00e9 catalane. Cet accessoire n&rsquo;est pas seulement pratique, c&rsquo;est aussi une pi\u00e8ce d&rsquo;art qui c\u00e9l\u00e8bre le patrimoine culturel de Barcelone. Chez Ol\u00e9 Mosaic, en tant que distributeurs de souvenirs en gros, nous proposons des produits qui mettent en avant l&rsquo;authenticit\u00e9 et la valeur artistique de la culture espagnole. Cette canette est un choix parfait pour les boutiques de cadeaux touristiques, car c&rsquo;est un souvenir unique et color\u00e9 qui attirera les visiteurs \u00e0 la recherche d&rsquo;un morceau de la magie de Barcelone.<\/p>\n","protected":false},"excerpt":{"rendered":"<p>Canette en acier inoxydable de 500 ml au design vibrant inspir\u00e9 des salamandres, \u00e9voquant le c\u00e9l\u00e8bre trencad\u00eds de Gaud\u00ed, si caract\u00e9ristique de Barcelone. Cette canette \u00e9l\u00e9gante pr\u00e9sente un fond blanc avec des d\u00e9corations aux tons vifs de vert, rouge et bleu, repr\u00e9sentant des salamandres dans diverses postures. Sa finition en acier inoxydable garantit la durabilit\u00e9, tandis que le design artistique apporte une touche de couleur et de culture au contenant. Id\u00e9ale pour garder vos boissons fra\u00eeches avec style.<\/p>\n","protected":false},"featured_media":11148,"template":"","meta":{"_acf_changed":false},"product_brand":[],"product_cat":[796],"product_tag":[530],"class_list":{"0":"post-34712","1":"product","2":"type-product","3":"status-publish","4":"has-post-thumbnail","6":"product_cat-boites-en-metal","7":"product_tag-animaux","8":"pa_motivo-salamandres","10":"first","11":"instock","12":"shipping-taxable","13":"product-type-simple"},"acf":[],"_links":{"self":[{"href":"https:\/\/olemosaic.orbitalia.org\/fr\/wp-json\/wp\/v2\/product\/34712","targetHints":{"allow":["GET"]}}],"collection":[{"href":"https:\/\/olemosaic.orbitalia.org\/fr\/wp-json\/wp\/v2\/product"}],"about":[{"href":"https:\/\/olemosaic.orbitalia.org\/fr\/wp-json\/wp\/v2\/types\/product"}],"wp:featuredmedia":[{"embeddable":true,"href":"https:\/\/olemosaic.orbitalia.org\/fr\/wp-json\/wp\/v2\/media\/11148"}],"wp:attachment":[{"href":"https:\/\/olemosaic.orbitalia.org\/fr\/wp-json\/wp\/v2\/media?parent=34712"}],"wp:term":[{"taxonomy":"product_brand","embeddable":true,"href":"https:\/\/olemosaic.orbitalia.org\/fr\/wp-json\/wp\/v2\/product_brand?post=34712"},{"taxonomy":"product_cat","embeddable":true,"href":"https:\/\/olemosaic.orbitalia.org\/fr\/wp-json\/wp\/v2\/product_cat?post=34712"},{"taxonomy":"product_tag","embeddable":true,"href":"https:\/\/olemosaic.orbitalia.org\/fr\/wp-json\/wp\/v2\/product_tag?post=34712"}],"curies":[{"name":"wp","href":"https:\/\/api.w.org\/{rel}","templated":true}]}}