{"id":34708,"date":"2025-02-20T22:36:32","date_gmt":"2025-02-20T22:36:32","guid":{"rendered":"https:\/\/olemosaic.orbitalia.org\/producto\/taza-de-ceramica-gato-barcelona-beige\/"},"modified":"2025-07-25T20:13:56","modified_gmt":"2025-07-25T18:13:56","slug":"mug-en-ceramique-chat-barcelone-beige-fr","status":"publish","type":"product","link":"https:\/\/olemosaic.orbitalia.org\/fr\/produit\/mug-en-ceramique-chat-barcelone-beige-fr\/","title":{"rendered":"Mug en c\u00e9ramique. Chat. Barcelone. Beige."},"content":{"rendered":"<p>Le mug en c\u00e9ramique au design color\u00e9 de chats est un charmant souvenir de Barcelone qui capture l&rsquo;essence vibrante de cette ville m\u00e9diterran\u00e9enne. Fabriqu\u00e9 en c\u00e9ramique de haute qualit\u00e9, le mug pr\u00e9sente une couleur beige attrayante, orn\u00e9e d&rsquo;une mosa\u00efque pleine de vie. \u00c0 l&rsquo;ext\u00e9rieur, deux chats se distinguent par une finition soign\u00e9e dans des tons brillants, entour\u00e9s de papillons qui ajoutent une touche de joie et de l\u00e9g\u00e8ret\u00e9 au design. La repr\u00e9sentation des chats, un symbole de la culture locale qui se distingue par sa cr\u00e9ativit\u00e9 et son art, est id\u00e9ale pour les amoureux des f\u00e9lins et de l&rsquo;esth\u00e9tique singuli\u00e8re de Barcelone.<\/p>\n<p>De plus, le texte \u00ab\u00a0Barcelona\u00a0\u00bb est imprim\u00e9 dans une typographie moderne et joyeuse, renfor\u00e7ant sa connexion avec la ville et en faisant un cadeau parfait pour se souvenir d&rsquo;une visite dans cette m\u00e9tropole embl\u00e9matique. Le mug comprend \u00e9galement une cuill\u00e8re bleue qui compl\u00e8te harmonieusement son design, faisant de cette pi\u00e8ce non seulement un objet d\u00e9coratif, mais aussi utile pour savourer vos boissons pr\u00e9f\u00e9r\u00e9es, que ce soit du caf\u00e9, du th\u00e9 ou m\u00eame un chocolat chaud.<\/p>\n<p>Ce souvenir se distingue par son authenticit\u00e9 et sa pertinence culturelle, servant de beau rappel qui encapsule l&rsquo;esprit de Barcelone. Chez Ol\u00e9 Mosaic, nous nous sp\u00e9cialisons dans la distribution de souvenirs en gros, et ce mug en c\u00e9ramique est une excellente option pour les boutiques de cadeaux touristiques qui cherchent \u00e0 proposer des articles repr\u00e9sentatifs et de qualit\u00e9. Attirez vos clients avec ce merveilleux souvenir de chats et d\u00e9voilez la riche culture catalane \u00e0 chaque gorg\u00e9e.<\/p>\n","protected":false},"excerpt":{"rendered":"<p>Mug en c\u00e9ramique avec un design color\u00e9 de chats, inspir\u00e9 de la vibrante Barcelone. Cet article attrayant pr\u00e9sente une finition beige et est d\u00e9cor\u00e9 d&rsquo;une mosa\u00efque de couleurs repr\u00e9sentant deux chats entour\u00e9s de papillons. De plus, il comprend une cuill\u00e8re bleue qui compl\u00e8te le design. Le texte \u00ab\u00a0Barcelona\u00a0\u00bb est imprim\u00e9 avec une typographie joyeuse, offrant un charmant souvenir de la ville. Parfait pour savourer vos boissons pr\u00e9f\u00e9r\u00e9es.<\/p>\n","protected":false},"featured_media":9520,"template":"","meta":{"_acf_changed":false},"product_brand":[],"product_cat":[822],"product_tag":[530,585],"class_list":{"0":"post-34708","1":"product","2":"type-product","3":"status-publish","4":"has-post-thumbnail","6":"product_cat-mugs-fr","7":"product_tag-animaux","8":"product_tag-ceramique","9":"pa_ciudad-barcelona","10":"pa_motivo-chats","11":"pa_pais-espana","13":"first","14":"instock","15":"shipping-taxable","16":"product-type-simple"},"acf":[],"_links":{"self":[{"href":"https:\/\/olemosaic.orbitalia.org\/fr\/wp-json\/wp\/v2\/product\/34708","targetHints":{"allow":["GET"]}}],"collection":[{"href":"https:\/\/olemosaic.orbitalia.org\/fr\/wp-json\/wp\/v2\/product"}],"about":[{"href":"https:\/\/olemosaic.orbitalia.org\/fr\/wp-json\/wp\/v2\/types\/product"}],"wp:featuredmedia":[{"embeddable":true,"href":"https:\/\/olemosaic.orbitalia.org\/fr\/wp-json\/wp\/v2\/media\/9520"}],"wp:attachment":[{"href":"https:\/\/olemosaic.orbitalia.org\/fr\/wp-json\/wp\/v2\/media?parent=34708"}],"wp:term":[{"taxonomy":"product_brand","embeddable":true,"href":"https:\/\/olemosaic.orbitalia.org\/fr\/wp-json\/wp\/v2\/product_brand?post=34708"},{"taxonomy":"product_cat","embeddable":true,"href":"https:\/\/olemosaic.orbitalia.org\/fr\/wp-json\/wp\/v2\/product_cat?post=34708"},{"taxonomy":"product_tag","embeddable":true,"href":"https:\/\/olemosaic.orbitalia.org\/fr\/wp-json\/wp\/v2\/product_tag?post=34708"}],"curies":[{"name":"wp","href":"https:\/\/api.w.org\/{rel}","templated":true}]}}