{"id":34705,"date":"2025-02-20T22:36:32","date_gmt":"2025-02-20T22:36:32","guid":{"rendered":"https:\/\/olemosaic.orbitalia.org\/producto\/jarra-de-ceramica-punt-de-trobada-beige\/"},"modified":"2025-07-25T18:33:13","modified_gmt":"2025-07-25T16:33:13","slug":"cruche-en-ceramique-punt-de-trobada-beige","status":"publish","type":"product","link":"https:\/\/olemosaic.orbitalia.org\/fr\/produit\/cruche-en-ceramique-punt-de-trobada-beige\/","title":{"rendered":"Cruche en c\u00e9ramique. Punt de trobada. Beige."},"content":{"rendered":"<p>La cruche en c\u00e9ramique \u00ab\u00a0Punt de trobada\u00a0\u00bb est une v\u00e9ritable \u0153uvre d&rsquo;art qui fusionne tradition et modernit\u00e9, id\u00e9ale pour ceux qui recherchent un souvenir repr\u00e9sentatif de la culture espagnole. Avec une \u00e9l\u00e9gante finition beige, cette pi\u00e8ce se distingue par ses motifs abstraits color\u00e9s qui rendent hommage \u00e0 l&rsquo;\u0153uvre d&rsquo;artistes tels que Gaud\u00ed. Son design vibrant int\u00e8gre des tons bleus, rouges et verts, cr\u00e9ant un attrait visuel qui attirera sans aucun doute l&rsquo;attention dans n&rsquo;importe quel environnement. La cruche, dot\u00e9e d&rsquo;une anse verte contrastante, est parfaite aussi bien pour servir de d\u00e9licieuses boissons que pour \u00eatre utilis\u00e9e comme \u00e9l\u00e9ment d\u00e9coratif, apportant un air contemporain et audacieux \u00e0 la d\u00e9coration int\u00e9rieure.<\/p>\n<p>Ce souvenir est un reflet authentique de la cr\u00e9ativit\u00e9 et de l&rsquo;art de la c\u00e9ramique espagnole, \u00e9voquant le riche h\u00e9ritage culturel de r\u00e9gions comme la Catalogne. La cruche \u00ab\u00a0Punt de trobada\u00a0\u00bb n&rsquo;est pas seulement un article fonctionnel, mais aussi une repr\u00e9sentation significative de l&rsquo;histoire et de l&rsquo;artisanat local. De plus, la cruche est une excellente option pour les boutiques de cadeaux touristiques qui cherchent \u00e0 offrir \u00e0 leurs clients des souvenirs authentiques et de qualit\u00e9. Chez Ol\u00e9 Mosaic, en tant que grossistes de souvenirs artisanaux, nous garantissons l&rsquo;authenticit\u00e9 et la valeur culturelle de chaque produit que nous distribuons, faisant de cette cruche un choix exceptionnel pour ceux qui souhaitent ramener un morceau d&rsquo;Espagne chez eux.<\/p>\n","protected":false},"excerpt":{"rendered":"<p>Cruche en c\u00e9ramique \u00ab\u00a0Punt de trobada\u00a0\u00bb, d\u00e9cor\u00e9e de motifs abstraits color\u00e9s inspir\u00e9s de l&rsquo;\u0153uvre d&rsquo;artistes tels que Gaud\u00ed. Cette pi\u00e8ce en c\u00e9ramique beige pr\u00e9sente une finition brillante et un design artistique m\u00e9langeant des tons vibrants de bleu, rouge et vert, id\u00e9al pour apporter une touche moderne \u00e0 n&rsquo;importe quelle ambiance. Parfaite pour servir des boissons ou comme \u00e9l\u00e9ment d\u00e9coratif, son anse verte rehausse le style contemporain et la cr\u00e9ativit\u00e9 de l&rsquo;artisanat espagnol.<\/p>\n","protected":false},"featured_media":10043,"template":"","meta":{"_acf_changed":false},"product_brand":[],"product_cat":[632],"product_tag":[585],"class_list":{"0":"post-34705","1":"product","2":"type-product","3":"status-publish","4":"has-post-thumbnail","6":"product_cat-jugs","7":"product_tag-ceramique","8":"pa_motivo-punt-de-trobada","10":"first","11":"instock","12":"shipping-taxable","13":"product-type-simple"},"acf":[],"_links":{"self":[{"href":"https:\/\/olemosaic.orbitalia.org\/fr\/wp-json\/wp\/v2\/product\/34705","targetHints":{"allow":["GET"]}}],"collection":[{"href":"https:\/\/olemosaic.orbitalia.org\/fr\/wp-json\/wp\/v2\/product"}],"about":[{"href":"https:\/\/olemosaic.orbitalia.org\/fr\/wp-json\/wp\/v2\/types\/product"}],"wp:featuredmedia":[{"embeddable":true,"href":"https:\/\/olemosaic.orbitalia.org\/fr\/wp-json\/wp\/v2\/media\/10043"}],"wp:attachment":[{"href":"https:\/\/olemosaic.orbitalia.org\/fr\/wp-json\/wp\/v2\/media?parent=34705"}],"wp:term":[{"taxonomy":"product_brand","embeddable":true,"href":"https:\/\/olemosaic.orbitalia.org\/fr\/wp-json\/wp\/v2\/product_brand?post=34705"},{"taxonomy":"product_cat","embeddable":true,"href":"https:\/\/olemosaic.orbitalia.org\/fr\/wp-json\/wp\/v2\/product_cat?post=34705"},{"taxonomy":"product_tag","embeddable":true,"href":"https:\/\/olemosaic.orbitalia.org\/fr\/wp-json\/wp\/v2\/product_tag?post=34705"}],"curies":[{"name":"wp","href":"https:\/\/api.w.org\/{rel}","templated":true}]}}