{"id":34704,"date":"2025-02-20T22:36:31","date_gmt":"2025-02-20T22:36:31","guid":{"rendered":"https:\/\/olemosaic.orbitalia.org\/producto\/funda-de-telefono-para-xiaomi-13-tpu-salamandra-barcelona-blanco\/"},"modified":"2025-07-25T20:05:18","modified_gmt":"2025-07-25T18:05:18","slug":"coque-de-telephone-pour-xiaomi-13-tpu-salamandre-barcelone-blanc","status":"publish","type":"product","link":"https:\/\/olemosaic.orbitalia.org\/fr\/produit\/coque-de-telephone-pour-xiaomi-13-tpu-salamandre-barcelone-blanc\/","title":{"rendered":"Coque de t\u00e9l\u00e9phone pour Xiaomi 13 (TPU). Salamandre. Barcelone. Blanc"},"content":{"rendered":"<p>La coque pour le Xiaomi 13 est un accessoire attrayant et fonctionnel qui capture l&rsquo;essence vibrante de Barcelone. Fabriqu\u00e9e en TPU, ce produit ne prot\u00e8ge pas seulement votre appareil des chocs et des chutes, mais devient \u00e9galement un symbole de la richesse culturelle catalane. La d\u00e9coration pr\u00e9sente une salamandre color\u00e9e, un motif qui \u00e9voque le style d&rsquo;Antoni Gaud\u00ed, le c\u00e9l\u00e8bre architecte associ\u00e9 \u00e0 la modernit\u00e9 de la ville.<\/p>\n<p>Le fond blanc de la coque imite le c\u00e9l\u00e8bre trencad\u00eds, une technique de mosa\u00efque avec des carreaux fragment\u00e9s qui caract\u00e9rise de nombreuses \u0153uvres de Gaud\u00ed, comme la Casa Batll\u00f3. Orn\u00e9e de fleurs aux tons intenses et de d\u00e9tails en diverses couleurs, le design refl\u00e8te la diversit\u00e9 et la joie de la vie barcelonaise. Le mot \u00ab\u00a0Barcelona\u00a0\u00bb se distingue par une typographie frappante, ajoutant une touche moderne \u00e0 cette pi\u00e8ce artistique. Ce souvenir n&rsquo;est pas seulement parfait pour ceux qui recherchent des souvenirs authentiques, mais il constitue \u00e9galement une excellente option pour les boutiques de cadeaux touristiques souhaitant proposer des produits repr\u00e9sentatifs de la culture locale. Chez Ol\u00e9 Mosaic, en tant que grossiste d&rsquo;accessoires, nous garantissons la qualit\u00e9 et l&rsquo;authenticit\u00e9 de chaque pi\u00e8ce, faisant de cette coque un article indispensable pour tout amoureux de Barcelone.<\/p>\n","protected":false},"excerpt":{"rendered":"<p>Coque pour Xiaomi 13 fabriqu\u00e9e en TPU, d\u00e9cor\u00e9e d&rsquo;une salamandre color\u00e9e \u00e9voquant l&rsquo;esprit vibrant de Barcelone. Elle pr\u00e9sente un design artistique sur un fond blanc imitant le trencad\u00eds, caract\u00e9ristique de l&rsquo;\u0153uvre de Gaud\u00ed, avec des fleurs aux tons intenses et des d\u00e9tails multicolores. Le mot \u00ab\u00a0Barcelona\u00a0\u00bb se distingue par un style frappant, faisant de cette coque un accessoire pratique et repr\u00e9sentatif de la culture catalane.<\/p>\n","protected":false},"featured_media":12669,"template":"","meta":{"_acf_changed":false},"product_brand":[],"product_cat":[674],"product_tag":[530],"class_list":{"0":"post-34704","1":"product","2":"type-product","3":"status-publish","4":"has-post-thumbnail","6":"product_cat-etuis-pour-telephones-portables","7":"product_tag-animaux","8":"pa_ciudad-barcelona","9":"pa_motivo-salamandres","10":"pa_pais-espana","12":"first","13":"instock","14":"shipping-taxable","15":"product-type-simple"},"acf":[],"_links":{"self":[{"href":"https:\/\/olemosaic.orbitalia.org\/fr\/wp-json\/wp\/v2\/product\/34704","targetHints":{"allow":["GET"]}}],"collection":[{"href":"https:\/\/olemosaic.orbitalia.org\/fr\/wp-json\/wp\/v2\/product"}],"about":[{"href":"https:\/\/olemosaic.orbitalia.org\/fr\/wp-json\/wp\/v2\/types\/product"}],"wp:featuredmedia":[{"embeddable":true,"href":"https:\/\/olemosaic.orbitalia.org\/fr\/wp-json\/wp\/v2\/media\/12669"}],"wp:attachment":[{"href":"https:\/\/olemosaic.orbitalia.org\/fr\/wp-json\/wp\/v2\/media?parent=34704"}],"wp:term":[{"taxonomy":"product_brand","embeddable":true,"href":"https:\/\/olemosaic.orbitalia.org\/fr\/wp-json\/wp\/v2\/product_brand?post=34704"},{"taxonomy":"product_cat","embeddable":true,"href":"https:\/\/olemosaic.orbitalia.org\/fr\/wp-json\/wp\/v2\/product_cat?post=34704"},{"taxonomy":"product_tag","embeddable":true,"href":"https:\/\/olemosaic.orbitalia.org\/fr\/wp-json\/wp\/v2\/product_tag?post=34704"}],"curies":[{"name":"wp","href":"https:\/\/api.w.org\/{rel}","templated":true}]}}