{"id":34698,"date":"2025-02-20T22:36:31","date_gmt":"2025-02-20T22:36:31","guid":{"rendered":"https:\/\/olemosaic.orbitalia.org\/producto\/funda-de-telefono-para-xiaomi-12-tpu-forjas-azul\/"},"modified":"2025-07-25T19:27:20","modified_gmt":"2025-07-25T17:27:20","slug":"coque-de-telephone-pour-xiaomi-12-tpu-forges-bleu","status":"publish","type":"product","link":"https:\/\/olemosaic.orbitalia.org\/fr\/produit\/coque-de-telephone-pour-xiaomi-12-tpu-forges-bleu\/","title":{"rendered":"Coque de t\u00e9l\u00e9phone pour Xiaomi 12 (TPU). Forges. Bleu"},"content":{"rendered":"<p>La coque pour t\u00e9l\u00e9phone du Xiaomi 12 est une option id\u00e9ale pour ceux qui recherchent un design \u00e9l\u00e9gant et une protection de qualit\u00e9. Fabriqu\u00e9e en TPU, elle combine durabilit\u00e9 et flexibilit\u00e9, garantissant que votre appareil est prot\u00e9g\u00e9 contre les chutes et les chocs. Le design \u00e9labor\u00e9 pr\u00e9sente des motifs de forges complexes en blanc sur un fond bleu, capturant l&rsquo;essence des forges de fer traditionnelles qui embellissent les balcons et les fen\u00eatres de nombreuses villes espagnoles.<\/p>\n<p>Chaque courbe et d\u00e9tail du motif \u00e9voque l&rsquo;artisanat local, offrant un style qui rend hommage au riche h\u00e9ritage culturel de l&rsquo;Espagne. Ce design ne fournit pas seulement une protection, mais apporte \u00e9galement une touche artistique et distinctive, transformant votre t\u00e9l\u00e9phone en une extension de votre style personnel. C&rsquo;est un souvenir parfait pour les touristes qui veulent emporter un morceau de la culture espagnole, refl\u00e9tant \u00e0 la fois modernit\u00e9 et tradition.<\/p>\n<p>Chez Ol\u00e9 Mosaic, nous nous sp\u00e9cialisons dans la distribution de souvenirs en gros, \u00e9tant un point de r\u00e9f\u00e9rence pour les boutiques de cadeaux touristiques qui recherchent des produits authentiques et de qualit\u00e9. Cette coque est un excellent ajout \u00e0 toute collection de souvenirs, se distinguant comme un accessoire fonctionnel et repr\u00e9sentatif qui attirera certainement l&rsquo;attention des clients.<\/p>\n","protected":false},"excerpt":{"rendered":"<p>Coque pour t\u00e9l\u00e9phone Xiaomi 12 fabriqu\u00e9e en TPU, d\u00e9cor\u00e9e de motifs de forges complexes en blanc sur fond bleu. Ce design \u00e9l\u00e9gant et moderne s&rsquo;inspire des forges de fer traditionnelles qui ornent les balcons et les fen\u00eatres des villes espagnoles, apportant une touche artistique et culturelle \u00e0 votre appareil. Id\u00e9ale pour ceux qui recherchent la protection sans renoncer au style, cette coque est \u00e0 la fois fonctionnelle et d\u00e9corative.<\/p>\n","protected":false},"featured_media":12662,"template":"","meta":{"_acf_changed":false},"product_brand":[],"product_cat":[674],"product_tag":[],"class_list":{"0":"post-34698","1":"product","2":"type-product","3":"status-publish","4":"has-post-thumbnail","6":"product_cat-etuis-pour-telephones-portables","7":"pa_motivo-forges","9":"first","10":"instock","11":"shipping-taxable","12":"product-type-simple"},"acf":[],"_links":{"self":[{"href":"https:\/\/olemosaic.orbitalia.org\/fr\/wp-json\/wp\/v2\/product\/34698","targetHints":{"allow":["GET"]}}],"collection":[{"href":"https:\/\/olemosaic.orbitalia.org\/fr\/wp-json\/wp\/v2\/product"}],"about":[{"href":"https:\/\/olemosaic.orbitalia.org\/fr\/wp-json\/wp\/v2\/types\/product"}],"wp:featuredmedia":[{"embeddable":true,"href":"https:\/\/olemosaic.orbitalia.org\/fr\/wp-json\/wp\/v2\/media\/12662"}],"wp:attachment":[{"href":"https:\/\/olemosaic.orbitalia.org\/fr\/wp-json\/wp\/v2\/media?parent=34698"}],"wp:term":[{"taxonomy":"product_brand","embeddable":true,"href":"https:\/\/olemosaic.orbitalia.org\/fr\/wp-json\/wp\/v2\/product_brand?post=34698"},{"taxonomy":"product_cat","embeddable":true,"href":"https:\/\/olemosaic.orbitalia.org\/fr\/wp-json\/wp\/v2\/product_cat?post=34698"},{"taxonomy":"product_tag","embeddable":true,"href":"https:\/\/olemosaic.orbitalia.org\/fr\/wp-json\/wp\/v2\/product_tag?post=34698"}],"curies":[{"name":"wp","href":"https:\/\/api.w.org\/{rel}","templated":true}]}}