{"id":34696,"date":"2025-02-20T22:36:31","date_gmt":"2025-02-20T22:36:31","guid":{"rendered":"https:\/\/olemosaic.orbitalia.org\/producto\/funda-de-telefono-para-xiaomi-11-tpu-panoramica-barcelona-blanco\/"},"modified":"2025-07-25T23:06:08","modified_gmt":"2025-07-25T21:06:08","slug":"coque-de-telephone-pour-xiaomi-11-tpu-panoramique-barcelone-blanc","status":"publish","type":"product","link":"https:\/\/olemosaic.orbitalia.org\/fr\/produit\/coque-de-telephone-pour-xiaomi-11-tpu-panoramique-barcelone-blanc\/","title":{"rendered":"Coque de t\u00e9l\u00e9phone pour Xiaomi 11 (TPU). Panoramique. Barcelone. Blanc"},"content":{"rendered":"<p>La coque pour Xiaomi 11 est l&rsquo;accessoire id\u00e9al qui fusionne style et protection, incarnant l&rsquo;essence vibrante de Barcelone. Fabriqu\u00e9e en TPU de haute qualit\u00e9, cette coque se distingue par son design color\u00e9 qui pr\u00e9sente une vue panoramique de l&rsquo;iconique Sagrada Familia, compl\u00e9t\u00e9e par d&rsquo;autres \u00e9l\u00e9ments architecturaux embl\u00e9matiques du modernisme catalan. Le fond blanc fait ressortir les couleurs vives de la mosa\u00efque, cr\u00e9ant un impact visuel qui ne passera pas inaper\u00e7u. Le texte \u00e9l\u00e9gant \u00ab Barcelone \u00bb s&rsquo;int\u00e8gre harmonieusement dans le design, apportant une touche distinctive qui souligne la connexion avec la ville.<\/p>\n<p>Chaque d\u00e9tail de cette coque refl\u00e8te la richesse culturelle de Barcelone, permettant \u00e0 chaque utilisateur de transporter un fragment de cette ville fascinante avec lui au quotidien. En tant que souvenir, elle ne remplit pas seulement la fonction de prot\u00e9ger le t\u00e9l\u00e9phone, mais agit \u00e9galement comme un rappel repr\u00e9sentatif de l&rsquo;une des villes les plus visit\u00e9es d&rsquo;Europe. Chez Ol\u00e9 Mosaic, notre mission est d&rsquo;offrir des souvenirs authentiques et significatifs, et cette coque est une excellente option pour les boutiques de cadeaux touristiques qui recherchent des produits alliant fonctionnalit\u00e9 et beaut\u00e9. Gr\u00e2ce \u00e0 notre exp\u00e9rience en tant que grossistes d&rsquo;accessoires, nous garantissons que chaque coque est, en plus d&rsquo;\u00eatre pratique, une c\u00e9l\u00e9bration du patrimoine culturel catalan.<\/p>\n","protected":false},"excerpt":{"rendered":"<p>Coque pour Xiaomi 11 fabriqu\u00e9e en TPU, con\u00e7ue avec une vue panoramique color\u00e9e de Barcelone. Cet accessoire attrayant pr\u00e9sente une mosa\u00efque vibrante illustrant l&rsquo;iconique Sagrada Familia et d&rsquo;autres \u00e9l\u00e9ments architecturaux du modernisme catalan, le tout sur un fond blanc qui fait ressortir ses couleurs vives. Avec le mot \u00ab Barcelone \u00bb \u00e9crit dans un style \u00e9l\u00e9gant, cette coque prot\u00e8ge non seulement votre appareil, mais c\u00e9l\u00e8bre \u00e9galement la beaut\u00e9 culturelle de la ville.<\/p>\n","protected":false},"featured_media":12633,"template":"","meta":{"_acf_changed":false},"product_brand":[],"product_cat":[674],"product_tag":[],"class_list":{"0":"post-34696","1":"product","2":"type-product","3":"status-publish","4":"has-post-thumbnail","6":"product_cat-etuis-pour-telephones-portables","7":"pa_ciudad-barcelona","8":"pa_motivo-panoramas","9":"pa_pais-espana","11":"first","12":"instock","13":"shipping-taxable","14":"product-type-simple"},"acf":[],"_links":{"self":[{"href":"https:\/\/olemosaic.orbitalia.org\/fr\/wp-json\/wp\/v2\/product\/34696","targetHints":{"allow":["GET"]}}],"collection":[{"href":"https:\/\/olemosaic.orbitalia.org\/fr\/wp-json\/wp\/v2\/product"}],"about":[{"href":"https:\/\/olemosaic.orbitalia.org\/fr\/wp-json\/wp\/v2\/types\/product"}],"wp:featuredmedia":[{"embeddable":true,"href":"https:\/\/olemosaic.orbitalia.org\/fr\/wp-json\/wp\/v2\/media\/12633"}],"wp:attachment":[{"href":"https:\/\/olemosaic.orbitalia.org\/fr\/wp-json\/wp\/v2\/media?parent=34696"}],"wp:term":[{"taxonomy":"product_brand","embeddable":true,"href":"https:\/\/olemosaic.orbitalia.org\/fr\/wp-json\/wp\/v2\/product_brand?post=34696"},{"taxonomy":"product_cat","embeddable":true,"href":"https:\/\/olemosaic.orbitalia.org\/fr\/wp-json\/wp\/v2\/product_cat?post=34696"},{"taxonomy":"product_tag","embeddable":true,"href":"https:\/\/olemosaic.orbitalia.org\/fr\/wp-json\/wp\/v2\/product_tag?post=34696"}],"curies":[{"name":"wp","href":"https:\/\/api.w.org\/{rel}","templated":true}]}}