{"id":34694,"date":"2025-02-20T22:36:31","date_gmt":"2025-02-20T22:36:31","guid":{"rendered":"https:\/\/olemosaic.orbitalia.org\/producto\/funda-de-telefono-para-samsung-a14-tpu-panoramica-barcelona-azul-2\/"},"modified":"2025-07-25T20:31:42","modified_gmt":"2025-07-25T18:31:42","slug":"coque-de-telephone-pour-samsung-a14-tpu-panoramique-barcelone-bleu-fr","status":"publish","type":"product","link":"https:\/\/olemosaic.orbitalia.org\/fr\/produit\/coque-de-telephone-pour-samsung-a14-tpu-panoramique-barcelone-bleu-fr\/","title":{"rendered":"Coque de t\u00e9l\u00e9phone pour Samsung A14 (TPU). Panoramique. Barcelone. Bleu"},"content":{"rendered":"<p>La coque pour le Samsung A14 d&rsquo;Ol\u00e9 Mosaic est un produit incontournable pour ceux qui cherchent \u00e0 allier style et protection, avec un design qui rend hommage \u00e0 la ville vibrante de Barcelone. Ce mod\u00e8le est fabriqu\u00e9 en TPU, un mat\u00e9riau connu pour sa durabilit\u00e9 et sa flexibilit\u00e9, ce qui garantit que votre appareil est prot\u00e9g\u00e9 contre les chocs et les chutes. La coque pr\u00e9sente une splendide vue panoramique de Barcelone, o\u00f9 les tons bleus et multicolores ravissent le regard, \u00e9voquant l&rsquo;essence artistique et culturelle de la ville.<\/p>\n<p>Dans le design, on appr\u00e9cie des \u00e9l\u00e9ments iconiques tels que la majestueuse Sagrada Familia et d&rsquo;autres \u0153uvres architecturales caract\u00e9ristiques qui font de Barcelone une destination unique au monde. La base bleue, d\u00e9cor\u00e9e de motifs de mosa\u00efque, souligne non seulement le caract\u00e8re authentique des souvenirs barcelonais, mais rend \u00e9galement hommage \u00e0 l&rsquo;h\u00e9ritage de l&rsquo;artiste Antoni Gaud\u00ed, dont les \u0153uvres d\u00e9bordent de couleur et de cr\u00e9ativit\u00e9. Cet accessoire n&rsquo;est pas seulement id\u00e9al pour prot\u00e9ger votre t\u00e9l\u00e9phone, il agit \u00e9galement comme un rappel visuel de la riche culture catalane, constituant une excellente option pour les touristes souhaitant emporter avec eux un morceau de cette ville fascinante.<\/p>\n<p>Ol\u00e9 Mosaic vous propose cette coque comme une repr\u00e9sentation authentique de l&rsquo;art et de la vie \u00e0 Barcelone, parfaite pour votre boutique de cadeaux touristiques. En tant que distributeurs de coques en gros, nous garantissons que chaque pi\u00e8ce est un t\u00e9moignage de qualit\u00e9 et de tradition, id\u00e9al pour ceux qui appr\u00e9cient l&rsquo;originalit\u00e9 dans leurs souvenirs.<\/p>\n","protected":false},"excerpt":{"rendered":"<p>Coque pour Samsung A14 en TPU, d\u00e9cor\u00e9e d&rsquo;une vue panoramique vibrante de Barcelone dans des tons bleus et multicolores. Ce design artistique inclut des \u00e9l\u00e9ments iconiques comme la Sagrada Familia et des caract\u00e9ristiques architecturales typiques de la ville, le tout dans un style frais et moderne. La base bleue se combine avec des motifs de mosa\u00efques, soulignant l&rsquo;essence de la culture catalane. Id\u00e9ale pour prot\u00e9ger votre t\u00e9l\u00e9phone avec une touche de style et d&rsquo;originalit\u00e9.<\/p>\n","protected":false},"featured_media":12544,"template":"","meta":{"_acf_changed":false},"product_brand":[],"product_cat":[674],"product_tag":[],"class_list":{"0":"post-34694","1":"product","2":"type-product","3":"status-publish","4":"has-post-thumbnail","6":"product_cat-etuis-pour-telephones-portables","7":"pa_ciudad-barcelona","8":"pa_motivo-panoramas","9":"pa_pais-espana","11":"first","12":"instock","13":"shipping-taxable","14":"product-type-simple"},"acf":[],"_links":{"self":[{"href":"https:\/\/olemosaic.orbitalia.org\/fr\/wp-json\/wp\/v2\/product\/34694","targetHints":{"allow":["GET"]}}],"collection":[{"href":"https:\/\/olemosaic.orbitalia.org\/fr\/wp-json\/wp\/v2\/product"}],"about":[{"href":"https:\/\/olemosaic.orbitalia.org\/fr\/wp-json\/wp\/v2\/types\/product"}],"wp:featuredmedia":[{"embeddable":true,"href":"https:\/\/olemosaic.orbitalia.org\/fr\/wp-json\/wp\/v2\/media\/12544"}],"wp:attachment":[{"href":"https:\/\/olemosaic.orbitalia.org\/fr\/wp-json\/wp\/v2\/media?parent=34694"}],"wp:term":[{"taxonomy":"product_brand","embeddable":true,"href":"https:\/\/olemosaic.orbitalia.org\/fr\/wp-json\/wp\/v2\/product_brand?post=34694"},{"taxonomy":"product_cat","embeddable":true,"href":"https:\/\/olemosaic.orbitalia.org\/fr\/wp-json\/wp\/v2\/product_cat?post=34694"},{"taxonomy":"product_tag","embeddable":true,"href":"https:\/\/olemosaic.orbitalia.org\/fr\/wp-json\/wp\/v2\/product_tag?post=34694"}],"curies":[{"name":"wp","href":"https:\/\/api.w.org\/{rel}","templated":true}]}}