{"id":34678,"date":"2025-02-20T22:36:31","date_gmt":"2025-02-20T22:36:31","guid":{"rendered":"https:\/\/olemosaic.orbitalia.org\/producto\/funda-de-telefono-para-iphone-15-promax-tpu-gato-barcelona-blanco\/"},"modified":"2025-07-25T19:44:42","modified_gmt":"2025-07-25T17:44:42","slug":"coque-de-telephone-pour-iphone-15-pro-max-tpu-chat-barcelone-blanc","status":"publish","type":"product","link":"https:\/\/olemosaic.orbitalia.org\/fr\/produit\/coque-de-telephone-pour-iphone-15-pro-max-tpu-chat-barcelone-blanc\/","title":{"rendered":"Coque de t\u00e9l\u00e9phone pour iPhone 15 Pro Max (TPU). Chat. Barcelone. Blanc"},"content":{"rendered":"<p>La coque pour iPhone 15 Pro Max est un accessoire vibrant et pratique qui capture l&rsquo;essence color\u00e9e de Barcelone \u00e0 travers un magnifique design inspir\u00e9 des mosa\u00efques de la ville et mettant en sc\u00e8ne un chat. Fabriqu\u00e9e en TPU r\u00e9sistant mais flexible, cette coque s&rsquo;adapte parfaitement aux courbes de l&rsquo;appareil, offrant une protection efficace contre les chocs et les chutes. L&rsquo;illustration montre un chat stylis\u00e9, orn\u00e9 de fragments de couleurs qui \u00e9voquent la cr\u00e9ativit\u00e9 artistique caract\u00e9risant Barcelone. Son fond blanc fait ressortir chaque ton vibrant du f\u00e9lin, tandis que des papillons jouent autour de lui, ajoutant une touche de charme et de vitalit\u00e9.<\/p>\n<p>Ce design n&rsquo;est pas seulement une c\u00e9l\u00e9bration de l&rsquo;art de la mosa\u00efque, mais repr\u00e9sente \u00e9galement un lien \u00e9motionnel avec la culture catalane. Les mosa\u00efques sont un symbole de l&rsquo;architecture moderniste de la ville, et cette coque s&rsquo;impose comme un souvenir authentique et unique pour ceux qui souhaitent emporter un morceau de Barcelone avec eux. C&rsquo;est une excellente option pour les touristes et les amoureux des chats \u00e0 la recherche de souvenirs significatifs alliant fonctionnalit\u00e9 et design artistique.<\/p>\n<p>Chez Ol\u00e9 Mosaic, nous proposons cette coque de t\u00e9l\u00e9phone dans le cadre de notre large gamme de souvenirs de Barcelone, id\u00e9ale pour les boutiques de cadeaux touristiques \u00e0 la recherche de produits de qualit\u00e9 et de pertinence culturelle. En tant que grossistes d&rsquo;accessoires, nous garantissons que chaque pi\u00e8ce refl\u00e8te l&rsquo;authenticit\u00e9 et l&rsquo;esprit vibrant de cette ville embl\u00e9matique.<\/p>\n","protected":false},"excerpt":{"rendered":"<p>Coque en TPU pour iPhone 15 Pro Max avec un design vibrant d&rsquo;un chat inspir\u00e9 des mosa\u00efques de Barcelone. Orn\u00e9e de fragments color\u00e9s, la coque pr\u00e9sente un fond blanc attrayant qui fait ressortir les tons vifs du f\u00e9lin et des papillons qui l&rsquo;entourent. L&rsquo;illustration \u00e9voque la cr\u00e9ativit\u00e9 de la ville, en faisant un accessoire pratique et artistique, id\u00e9al pour les amoureux de Barcelone et des chats.<\/p>\n","protected":false},"featured_media":12464,"template":"","meta":{"_acf_changed":false},"product_brand":[],"product_cat":[674],"product_tag":[530],"class_list":{"0":"post-34678","1":"product","2":"type-product","3":"status-publish","4":"has-post-thumbnail","6":"product_cat-etuis-pour-telephones-portables","7":"product_tag-animaux","8":"pa_ciudad-barcelona","9":"pa_motivo-chats","10":"pa_pais-espana","12":"first","13":"instock","14":"shipping-taxable","15":"product-type-simple"},"acf":[],"_links":{"self":[{"href":"https:\/\/olemosaic.orbitalia.org\/fr\/wp-json\/wp\/v2\/product\/34678","targetHints":{"allow":["GET"]}}],"collection":[{"href":"https:\/\/olemosaic.orbitalia.org\/fr\/wp-json\/wp\/v2\/product"}],"about":[{"href":"https:\/\/olemosaic.orbitalia.org\/fr\/wp-json\/wp\/v2\/types\/product"}],"wp:featuredmedia":[{"embeddable":true,"href":"https:\/\/olemosaic.orbitalia.org\/fr\/wp-json\/wp\/v2\/media\/12464"}],"wp:attachment":[{"href":"https:\/\/olemosaic.orbitalia.org\/fr\/wp-json\/wp\/v2\/media?parent=34678"}],"wp:term":[{"taxonomy":"product_brand","embeddable":true,"href":"https:\/\/olemosaic.orbitalia.org\/fr\/wp-json\/wp\/v2\/product_brand?post=34678"},{"taxonomy":"product_cat","embeddable":true,"href":"https:\/\/olemosaic.orbitalia.org\/fr\/wp-json\/wp\/v2\/product_cat?post=34678"},{"taxonomy":"product_tag","embeddable":true,"href":"https:\/\/olemosaic.orbitalia.org\/fr\/wp-json\/wp\/v2\/product_tag?post=34678"}],"curies":[{"name":"wp","href":"https:\/\/api.w.org\/{rel}","templated":true}]}}