{"id":34665,"date":"2025-02-20T23:36:29","date_gmt":"2025-02-20T22:36:29","guid":{"rendered":"https:\/\/olemosaic.orbitalia.org\/producto\/funda-de-telefono-para-iphone-12-promax-tpu-panoramica-barcelona-azul-2\/"},"modified":"2025-07-25T20:39:15","modified_gmt":"2025-07-25T18:39:15","slug":"coque-de-telephone-pour-iphone-12-pro-max-tpu-panoramique-barcelone-bleu-2","status":"publish","type":"product","link":"https:\/\/olemosaic.orbitalia.org\/fr\/produit\/coque-de-telephone-pour-iphone-12-pro-max-tpu-panoramique-barcelone-bleu-2\/","title":{"rendered":"Coque de t\u00e9l\u00e9phone pour iPhone 12 Pro Max (TPU). Panoramique. Mosa\u00efque. Barcelone. Bleu"},"content":{"rendered":"<p>La coque pour iPhone 12 Pro Max est un accessoire spectaculaire qui transforme votre appareil en un hommage vibrant \u00e0 Barcelone. Fabriqu\u00e9e en TPU r\u00e9sistant, cette coque fusionne style et fonctionnalit\u00e9, prot\u00e9geant votre t\u00e9l\u00e9phone tout en affichant une vue panoramique color\u00e9e de la ville catalane. Son design inclut des \u00e9l\u00e9ments embl\u00e9matiques tels que la majestueuse Sagrada Familia, qui se dresse fi\u00e8rement, et des d\u00e9tails \u00e9voquant le trencad\u00eds caract\u00e9ristique de Gaud\u00ed, une technique de mosa\u00efque qui souligne la cr\u00e9ativit\u00e9 et l&rsquo;art innovant de l&rsquo;architecture catalane.<\/p>\n<p>La couleur bleue pr\u00e9dominante apporte fra\u00eecheur et dynamisme, tandis que les accents en rouge, jaune et vert cr\u00e9ent un effet visuel joyeux et frappant. Chaque recoin de la coque est m\u00e9ticuleusement con\u00e7u, montrant une perspective artistique qui capture l&rsquo;essence de Barcelone, faisant de ce produit un cadeau id\u00e9al pour les touristes \u00e0 la recherche d&rsquo;un souvenir authentique de leur exp\u00e9rience dans la ville.<\/p>\n<p>Cette coque n&rsquo;est pas seulement un article de protection ; c&rsquo;est un souvenir de Barcelone qui refl\u00e8te la riche culture et l&rsquo;art urbain vibrant de la r\u00e9gion. Chez Ol\u00e9 Mosaic, notre engagement est de proposer des produits uniques et de haute qualit\u00e9 en gros, parfaits pour les boutiques de cadeaux touristiques qui souhaitent surprendre leurs clients avec la magie de cette ville espagnole embl\u00e9matique.<\/p>\n","protected":false},"excerpt":{"rendered":"<p>Coque pour iPhone 12 Pro Max fabriqu\u00e9e en TPU avec une vue panoramique vibrante de Barcelone. Le design inclut des \u00e9l\u00e9ments embl\u00e9matiques comme la Sagrada Familia, ainsi que des carreaux color\u00e9s \u00e9voquant le c\u00e9l\u00e8bre trencad\u00eds de Gaud\u00ed. La couleur bleue pr\u00e9domine, compl\u00e9t\u00e9e par des d\u00e9tails en rouge, jaune et vert, cr\u00e9ant un effet visuel dynamique et joyeux. Id\u00e9al pour prot\u00e9ger votre appareil et afficher le charme de cette ville espagnole embl\u00e9matique.<\/p>\n","protected":false},"featured_media":12266,"template":"","meta":{"_acf_changed":false},"product_brand":[],"product_cat":[674],"product_tag":[],"class_list":{"0":"post-34665","1":"product","2":"type-product","3":"status-publish","4":"has-post-thumbnail","6":"product_cat-etuis-pour-telephones-portables","7":"pa_ciudad-barcelona","8":"pa_motivo-panoramas","9":"pa_pais-espana","11":"first","12":"instock","13":"shipping-taxable","14":"product-type-simple"},"acf":[],"_links":{"self":[{"href":"https:\/\/olemosaic.orbitalia.org\/fr\/wp-json\/wp\/v2\/product\/34665","targetHints":{"allow":["GET"]}}],"collection":[{"href":"https:\/\/olemosaic.orbitalia.org\/fr\/wp-json\/wp\/v2\/product"}],"about":[{"href":"https:\/\/olemosaic.orbitalia.org\/fr\/wp-json\/wp\/v2\/types\/product"}],"wp:featuredmedia":[{"embeddable":true,"href":"https:\/\/olemosaic.orbitalia.org\/fr\/wp-json\/wp\/v2\/media\/12266"}],"wp:attachment":[{"href":"https:\/\/olemosaic.orbitalia.org\/fr\/wp-json\/wp\/v2\/media?parent=34665"}],"wp:term":[{"taxonomy":"product_brand","embeddable":true,"href":"https:\/\/olemosaic.orbitalia.org\/fr\/wp-json\/wp\/v2\/product_brand?post=34665"},{"taxonomy":"product_cat","embeddable":true,"href":"https:\/\/olemosaic.orbitalia.org\/fr\/wp-json\/wp\/v2\/product_cat?post=34665"},{"taxonomy":"product_tag","embeddable":true,"href":"https:\/\/olemosaic.orbitalia.org\/fr\/wp-json\/wp\/v2\/product_tag?post=34665"}],"curies":[{"name":"wp","href":"https:\/\/api.w.org\/{rel}","templated":true}]}}