{"id":34659,"date":"2025-02-20T23:36:28","date_gmt":"2025-02-20T22:36:28","guid":{"rendered":"https:\/\/olemosaic.orbitalia.org\/producto\/botella-inox-500-ml-panoramica-barcelona-5\/"},"modified":"2025-07-25T20:18:06","modified_gmt":"2025-07-25T18:18:06","slug":"bouteille-inox-500-ml-panoramique-barcelone-5","status":"publish","type":"product","link":"https:\/\/olemosaic.orbitalia.org\/fr\/produit\/bouteille-inox-500-ml-panoramique-barcelone-5\/","title":{"rendered":"Bouteille inox 500 ml. Panoramique. Sagrada Familia. Barcelone."},"content":{"rendered":"<p>La bouteille en acier inoxydable de 500 ml, d\u00e9cor\u00e9e d&rsquo;une vue panoramique vibrante de la Sagrada Familia \u00e0 Barcelone, est le souvenir id\u00e9al alliant fonctionnalit\u00e9 et touche artistique unique. Ce produit exceptionnel pr\u00e9sente un design stylis\u00e9 en mosa\u00efque qui \u00e9voque l&rsquo;\u0153uvre embl\u00e9matique de l&rsquo;architecte Antoni Gaud\u00ed, utilisant une palette de couleurs vives avec des tons de bleu, rouge et jaune. Son illustration capture la majest\u00e9 de la c\u00e9l\u00e8bre basilique, avec ses tours complexes et ses d\u00e9tails architecturaux, en faisant un objet d\u00e9coratif qui souligne le riche h\u00e9ritage culturel de la ville.<\/p>\n<p>La bouteille, \u00e9quip\u00e9e d&rsquo;un bouchon en acier inoxydable et d&rsquo;un mousqueton pratique, est parfaite pour ceux qui souhaitent emporter un morceau de Barcelone dans leurs aventures quotidiennes. Sa capacit\u00e9 de 500 ml la rend id\u00e9ale pour maintenir les boissons froides ou chaudes, tandis que son design moderne et artistique lui conf\u00e8re un caract\u00e8re distinctif. Ce souvenir n&rsquo;est pas seulement une option pratique, mais sert \u00e9galement de rappel exceptionnel de la beaut\u00e9 de l&rsquo;un des monuments les plus embl\u00e9matiques d&rsquo;Espagne.<\/p>\n<p>Chez Ol\u00e9 Mosaic, nous nous sp\u00e9cialisons dans la distribution de souvenirs de Barcelone, offrant des produits authentiques et attractifs pour les boutiques de cadeaux touristiques. Cette bouteille est une excellente option pour ceux qui recherchent des souvenirs uniques et repr\u00e9sentatifs, refl\u00e9tant la culture et la tradition de la merveilleuse ville catalane.<\/p>\n","protected":false},"excerpt":{"rendered":"<p>Bouteille en acier inoxydable de 500 ml, d\u00e9cor\u00e9e d&rsquo;une vue panoramique vibrante de la Sagrada Familia de Barcelone. Ce design, color\u00e9 et moderne, pr\u00e9sente un style de mosa\u00efque qui \u00e9voque l&rsquo;\u0153uvre embl\u00e9matique de Gaud\u00ed, avec des d\u00e9tails dans des tons bleus, rouges et jaunes qui capturent l&rsquo;essence de la ville. \u00c9quip\u00e9e d&rsquo;un bouchon en acier et d&rsquo;un mousqueton pratique, elle est id\u00e9ale pour accompagner toutes vos aventures tout en profitant d&rsquo;une touche artistique et culturelle.<\/p>\n","protected":false},"featured_media":9684,"template":"","meta":{"_acf_changed":false},"product_brand":[],"product_cat":[784],"product_tag":[],"class_list":{"0":"post-34659","1":"product","2":"type-product","3":"status-publish","4":"has-post-thumbnail","6":"product_cat-bouteilles-inox","7":"pa_ciudad-barcelona","8":"pa_motivo-panoramas","9":"pa_pais-espana","11":"first","12":"instock","13":"shipping-taxable","14":"product-type-simple"},"acf":[],"_links":{"self":[{"href":"https:\/\/olemosaic.orbitalia.org\/fr\/wp-json\/wp\/v2\/product\/34659","targetHints":{"allow":["GET"]}}],"collection":[{"href":"https:\/\/olemosaic.orbitalia.org\/fr\/wp-json\/wp\/v2\/product"}],"about":[{"href":"https:\/\/olemosaic.orbitalia.org\/fr\/wp-json\/wp\/v2\/types\/product"}],"wp:featuredmedia":[{"embeddable":true,"href":"https:\/\/olemosaic.orbitalia.org\/fr\/wp-json\/wp\/v2\/media\/9684"}],"wp:attachment":[{"href":"https:\/\/olemosaic.orbitalia.org\/fr\/wp-json\/wp\/v2\/media?parent=34659"}],"wp:term":[{"taxonomy":"product_brand","embeddable":true,"href":"https:\/\/olemosaic.orbitalia.org\/fr\/wp-json\/wp\/v2\/product_brand?post=34659"},{"taxonomy":"product_cat","embeddable":true,"href":"https:\/\/olemosaic.orbitalia.org\/fr\/wp-json\/wp\/v2\/product_cat?post=34659"},{"taxonomy":"product_tag","embeddable":true,"href":"https:\/\/olemosaic.orbitalia.org\/fr\/wp-json\/wp\/v2\/product_tag?post=34659"}],"curies":[{"name":"wp","href":"https:\/\/api.w.org\/{rel}","templated":true}]}}