{"id":34627,"date":"2025-02-20T23:36:26","date_gmt":"2025-02-20T22:36:26","guid":{"rendered":"https:\/\/olemosaic.orbitalia.org\/producto\/iman-de-resina-dragon-7-cm\/"},"modified":"2025-07-25T18:47:47","modified_gmt":"2025-07-25T16:47:47","slug":"aimant-resine-dragon-7-cm","status":"publish","type":"product","link":"https:\/\/olemosaic.orbitalia.org\/fr\/produit\/aimant-resine-dragon-7-cm\/","title":{"rendered":"Aimant en r\u00e9sine. Dragon. 7 cm."},"content":{"rendered":"<p>Aimant d\u00e9coratif en r\u00e9sine en forme de dragon, un souvenir vibrant qui capture l&rsquo;essence de la riche culture espagnole. Cet aimant attrayant mesure 7 cm et se distingue par son design \u00e9labor\u00e9 en mosa\u00efque color\u00e9e, avec des tons vifs de bleu, rouge et jaune \u00e9voquant l&rsquo;esth\u00e9tique de l&rsquo;art cantabrique. Chaque d\u00e9tail du dragon est m\u00e9ticuleusement peint \u00e0 la main, ce qui renforce son authenticit\u00e9 et sa qualit\u00e9 artisanale, en faisant un excellent souvenir d&rsquo;Espagne.<\/p>\n<p>Le dragon, symbole de force et de puissance dans la mythologie espagnole, apporte une touche de magie et de fantaisie, rappelant les anciennes l\u00e9gendes qui ont laiss\u00e9 leur empreinte sur la culture p\u00e9ninsulaire. Avec une finition brillante et une texture douce, cet aimant est parfait pour d\u00e9corer votre r\u00e9frig\u00e9rateur ou toute surface m\u00e9tallique, ajoutant un \u00e9l\u00e9ment ludique et culturel \u00e0 votre int\u00e9rieur.<\/p>\n<p>Chez Ol\u00e9 Mosaic, nous nous sp\u00e9cialisons dans la distribution de souvenirs en gros, et cet aimant dragon est une option id\u00e9ale pour les boutiques de cadeaux touristiques cherchant \u00e0 proposer des produits authentiques et repr\u00e9sentatifs de l&rsquo;Espagne. Avec ce souvenir, vos clients pourront emporter un morceau de la riche tradition artistique et folklorique du pays, transformant chaque regard sur leur r\u00e9frig\u00e9rateur en un voyage dans la culture espagnole.<\/p>\n","protected":false},"excerpt":{"rendered":"<p>Aimant en forme de dragon, con\u00e7u comme un souvenir color\u00e9 de la riche culture espagnole. Cet aimant attrayant de 7 cm pr\u00e9sente une mosa\u00efque vibrante de couleurs, mettant en avant des d\u00e9tails en bleu, rouge et jaune qui \u00e9voquent l&rsquo;esth\u00e9tique de l&rsquo;art cantabrique. Avec une finition brillante et une texture douce, c&rsquo;est un souvenir charmant qui capture l&rsquo;essence de la tradition artistique et folklorique de l&rsquo;Espagne, id\u00e9al pour orner votre r\u00e9frig\u00e9rateur ou toute surface m\u00e9tallique.<\/p>\n","protected":false},"featured_media":6275,"template":"","meta":{"_acf_changed":false},"product_brand":[],"product_cat":[697],"product_tag":[],"class_list":{"0":"post-34627","1":"product","2":"type-product","3":"status-publish","4":"has-post-thumbnail","6":"product_cat-aimants","7":"pa_motivo-dragon","9":"first","10":"instock","11":"shipping-taxable","12":"product-type-simple"},"acf":[],"_links":{"self":[{"href":"https:\/\/olemosaic.orbitalia.org\/fr\/wp-json\/wp\/v2\/product\/34627","targetHints":{"allow":["GET"]}}],"collection":[{"href":"https:\/\/olemosaic.orbitalia.org\/fr\/wp-json\/wp\/v2\/product"}],"about":[{"href":"https:\/\/olemosaic.orbitalia.org\/fr\/wp-json\/wp\/v2\/types\/product"}],"wp:featuredmedia":[{"embeddable":true,"href":"https:\/\/olemosaic.orbitalia.org\/fr\/wp-json\/wp\/v2\/media\/6275"}],"wp:attachment":[{"href":"https:\/\/olemosaic.orbitalia.org\/fr\/wp-json\/wp\/v2\/media?parent=34627"}],"wp:term":[{"taxonomy":"product_brand","embeddable":true,"href":"https:\/\/olemosaic.orbitalia.org\/fr\/wp-json\/wp\/v2\/product_brand?post=34627"},{"taxonomy":"product_cat","embeddable":true,"href":"https:\/\/olemosaic.orbitalia.org\/fr\/wp-json\/wp\/v2\/product_cat?post=34627"},{"taxonomy":"product_tag","embeddable":true,"href":"https:\/\/olemosaic.orbitalia.org\/fr\/wp-json\/wp\/v2\/product_tag?post=34627"}],"curies":[{"name":"wp","href":"https:\/\/api.w.org\/{rel}","templated":true}]}}