{"id":34625,"date":"2025-02-20T22:36:26","date_gmt":"2025-02-20T22:36:26","guid":{"rendered":"https:\/\/olemosaic.orbitalia.org\/producto\/iman-de-metal-gato-mallorca-8-cm\/"},"modified":"2025-07-25T18:57:46","modified_gmt":"2025-07-25T16:57:46","slug":"aimant-metal-chat-majorque-8-cm","status":"publish","type":"product","link":"https:\/\/olemosaic.orbitalia.org\/fr\/produit\/aimant-metal-chat-majorque-8-cm\/","title":{"rendered":"Aimant en m\u00e9tal. Chat. Majorque. 8 cm."},"content":{"rendered":"<p>Aimant d\u00e9coratif en m\u00e9tal avec un chat inspir\u00e9 du c\u00e9l\u00e8bre art de la mosa\u00efque de Majorque, id\u00e9al pour ceux qui souhaitent emporter un petit morceau de l&rsquo;\u00eele dans leur quotidien. Cet aimant vibrant de 8 cm pr\u00e9sente un design color\u00e9 qui capture l&rsquo;essence joyeuse de Majorque, avec une palette de tons \u00e9clatants tels que le bleu, le jaune et le rouge. La figure du chat, repr\u00e9sent\u00e9e par des lignes fines imitant les textures classiques de la mosa\u00efque traditionnelle, se d\u00e9tache sur un fond bleu \u00e9voquant le ciel de l&rsquo;\u00eele, ajoutant une touche de fra\u00eecheur et de luminosit\u00e9. Cet aimant n&rsquo;est pas seulement un accessoire d\u00e9coratif, mais aussi un authentique souvenir de la riche culture bal\u00e9are, int\u00e9grant la singularit\u00e9 de l&rsquo;art de la mosa\u00efque pr\u00e9sent dans de nombreuses \u0153uvres et espaces publics de Majorque.<\/p>\n<p>Les chats font partie du folklore local, symbolisant l&rsquo;ind\u00e9pendance et l&rsquo;\u00e9l\u00e9gance, ce qui ajoute une signification particuli\u00e8re au design. Cet aimant est une excellente id\u00e9e pour les touristes \u00e0 la recherche de souvenirs authentiques de Majorque, refl\u00e9tant le plaisir et la cr\u00e9ativit\u00e9 de l&rsquo;\u00eele. Chez Ol\u00e9 Mosaic, en tant que grossistes en souvenirs, nous garantissons la qualit\u00e9 et l&rsquo;authenticit\u00e9 de chaque produit, faisant de cet aimant un choix parfait pour les boutiques de cadeaux cherchant \u00e0 proposer des souvenirs repr\u00e9sentatifs de la tradition majorquine.<\/p>\n","protected":false},"excerpt":{"rendered":"<p>Aimant m\u00e9tallique de 8 cm, d\u00e9cor\u00e9 d&rsquo;un design vibrant de chat inspir\u00e9 du c\u00e9l\u00e8bre art de la mosa\u00efque majorquine. Cet aimant color\u00e9 pr\u00e9sente une palette de tons \u00e9clatants, avec des bleus, des jaunes et des rouges qui capturent l&rsquo;essence joyeuse de l&rsquo;\u00eele. Le fond bleu fait ressortir la figure du chat, accentu\u00e9e par un design imitant les textures typiques de la mosa\u00efque traditionnelle. Id\u00e9al pour se souvenir de vos voyages \u00e0 Majorque.<\/p>\n","protected":false},"featured_media":12852,"template":"","meta":{"_acf_changed":false},"product_brand":[],"product_cat":[697],"product_tag":[530],"class_list":{"0":"post-34625","1":"product","2":"type-product","3":"status-publish","4":"has-post-thumbnail","6":"product_cat-aimants","7":"product_tag-animaux","8":"pa_ciudad-mallorca","9":"pa_motivo-chats","10":"pa_pais-espana","12":"first","13":"instock","14":"shipping-taxable","15":"product-type-simple"},"acf":[],"_links":{"self":[{"href":"https:\/\/olemosaic.orbitalia.org\/fr\/wp-json\/wp\/v2\/product\/34625","targetHints":{"allow":["GET"]}}],"collection":[{"href":"https:\/\/olemosaic.orbitalia.org\/fr\/wp-json\/wp\/v2\/product"}],"about":[{"href":"https:\/\/olemosaic.orbitalia.org\/fr\/wp-json\/wp\/v2\/types\/product"}],"wp:featuredmedia":[{"embeddable":true,"href":"https:\/\/olemosaic.orbitalia.org\/fr\/wp-json\/wp\/v2\/media\/12852"}],"wp:attachment":[{"href":"https:\/\/olemosaic.orbitalia.org\/fr\/wp-json\/wp\/v2\/media?parent=34625"}],"wp:term":[{"taxonomy":"product_brand","embeddable":true,"href":"https:\/\/olemosaic.orbitalia.org\/fr\/wp-json\/wp\/v2\/product_brand?post=34625"},{"taxonomy":"product_cat","embeddable":true,"href":"https:\/\/olemosaic.orbitalia.org\/fr\/wp-json\/wp\/v2\/product_cat?post=34625"},{"taxonomy":"product_tag","embeddable":true,"href":"https:\/\/olemosaic.orbitalia.org\/fr\/wp-json\/wp\/v2\/product_tag?post=34625"}],"curies":[{"name":"wp","href":"https:\/\/api.w.org\/{rel}","templated":true}]}}