{"id":34615,"date":"2025-02-20T22:36:25","date_gmt":"2025-02-20T22:36:25","guid":{"rendered":"https:\/\/olemosaic.orbitalia.org\/producto\/iman-de-metal-gato-lanzarote-negro-8-cm\/"},"modified":"2025-07-25T19:10:43","modified_gmt":"2025-07-25T17:10:43","slug":"aimant-metal-chat-lanzarote-noir-8-cm","status":"publish","type":"product","link":"https:\/\/olemosaic.orbitalia.org\/fr\/produit\/aimant-metal-chat-lanzarote-noir-8-cm\/","title":{"rendered":"Aimant en m\u00e9tal. Chat. Lanzarote. Noir. 8 cm."},"content":{"rendered":"<p>Aimant d\u00e9coratif de Lanzarote. Cet aimant m\u00e9tallique vibrant de 8 cm pr\u00e9sente un charmant design de chat qui capture l&rsquo;essence de l&rsquo;art de Lanzarote. Sur un fond noir qui rehausse sa composition, l&rsquo;aimant est orn\u00e9 d&rsquo;une mosa\u00efque \u00e9labor\u00e9e de couleurs vives qui donne vie \u00e0 la figure du chat, en faisant un v\u00e9ritable symbole artistique et moderne de l&rsquo;\u00eele. La repr\u00e9sentation du chat, un animal qui \u00e9voque la curiosit\u00e9 et l&rsquo;ind\u00e9pendance, est un hommage \u00e0 la faune locale, tandis que l&rsquo;utilisation de tons verts, rouges, bleus et jaunes ajoute une touche festive et color\u00e9e qui ravira ceux qui le verront.<\/p>\n<p>Le texte \u00ab\u00a0Lanzarote\u00a0\u00bb est inscrit en lettres color\u00e9es, renfor\u00e7ant sa connexion directe avec l&rsquo;\u00eele des Canaries et en faisant un souvenir parfait pour tout visiteur. Cet aimant n&rsquo;est pas seulement un objet d\u00e9coratif fonctionnel, mais aussi un souvenir id\u00e9al qui encapsule la beaut\u00e9 et l&rsquo;art contemporain de Lanzarote, refl\u00e9tant sa culture vibrante. Chez Ol\u00e9 Mosaic, nous proposons ce souvenir et d&rsquo;autres de Lanzarote en gros, garantissant authenticit\u00e9 et originalit\u00e9 dans chaque pi\u00e8ce. Cet aimant est une excellente option pour les boutiques de cadeaux touristiques \u00e0 la recherche de produits uniques avec une signification culturelle, parfaits pour se rem\u00e9morer l&rsquo;exp\u00e9rience canarienne.<\/p>\n","protected":false},"excerpt":{"rendered":"<p>Aimant m\u00e9tallique de 8 cm avec un design vibrant de chat inspir\u00e9 de l&rsquo;art de Lanzarote. La pi\u00e8ce, sur fond noir, se distingue par ses couleurs vives sous forme de mosa\u00efque qui configurent la figure du chat, apportant une touche artistique et moderne. L&rsquo;aimant inclut le mot \u00ab\u00a0Lanzarote\u00a0\u00bb en lettres color\u00e9es, en faisant un souvenir id\u00e9al pour \u00e9voquer la beaut\u00e9 de cette \u00eele des Canaries.<\/p>\n","protected":false},"featured_media":12847,"template":"","meta":{"_acf_changed":false},"product_brand":[],"product_cat":[697],"product_tag":[530],"class_list":{"0":"post-34615","1":"product","2":"type-product","3":"status-publish","4":"has-post-thumbnail","6":"product_cat-aimants","7":"product_tag-animaux","8":"pa_ciudad-lanzarote","9":"pa_motivo-chats","10":"pa_pais-espana","12":"first","13":"instock","14":"shipping-taxable","15":"product-type-simple"},"acf":[],"_links":{"self":[{"href":"https:\/\/olemosaic.orbitalia.org\/fr\/wp-json\/wp\/v2\/product\/34615","targetHints":{"allow":["GET"]}}],"collection":[{"href":"https:\/\/olemosaic.orbitalia.org\/fr\/wp-json\/wp\/v2\/product"}],"about":[{"href":"https:\/\/olemosaic.orbitalia.org\/fr\/wp-json\/wp\/v2\/types\/product"}],"wp:featuredmedia":[{"embeddable":true,"href":"https:\/\/olemosaic.orbitalia.org\/fr\/wp-json\/wp\/v2\/media\/12847"}],"wp:attachment":[{"href":"https:\/\/olemosaic.orbitalia.org\/fr\/wp-json\/wp\/v2\/media?parent=34615"}],"wp:term":[{"taxonomy":"product_brand","embeddable":true,"href":"https:\/\/olemosaic.orbitalia.org\/fr\/wp-json\/wp\/v2\/product_brand?post=34615"},{"taxonomy":"product_cat","embeddable":true,"href":"https:\/\/olemosaic.orbitalia.org\/fr\/wp-json\/wp\/v2\/product_cat?post=34615"},{"taxonomy":"product_tag","embeddable":true,"href":"https:\/\/olemosaic.orbitalia.org\/fr\/wp-json\/wp\/v2\/product_tag?post=34615"}],"curies":[{"name":"wp","href":"https:\/\/api.w.org\/{rel}","templated":true}]}}