{"id":34588,"date":"2025-02-20T23:36:23","date_gmt":"2025-02-20T22:36:23","guid":{"rendered":"https:\/\/olemosaic.orbitalia.org\/producto\/iman-de-resina-salamandra-13-cm\/"},"modified":"2025-07-25T19:38:58","modified_gmt":"2025-07-25T17:38:58","slug":"aimant-en-resine-salamandre-13-cm","status":"publish","type":"product","link":"https:\/\/olemosaic.orbitalia.org\/fr\/produit\/aimant-en-resine-salamandre-13-cm\/","title":{"rendered":"Aimant en r\u00e9sine. Salamandre. 13 cm."},"content":{"rendered":"<p>Aimant en r\u00e9sine en forme de salamandre de 13 cm, une pi\u00e8ce artistique qui capture l&rsquo;essence du folklore espagnol. Cet aimant color\u00e9 se distingue par son design vibrant, avec une gamme de tons allant du bleu profond au jaune \u00e9clatant, dispos\u00e9s selon un motif simulant une mosa\u00efque, \u00e9voquant l&rsquo;art traditionnel espagnol. La salamandre, symbole ancestral de chance et de r\u00e9g\u00e9n\u00e9ration, repr\u00e9sente le lien du peuple espagnol avec la nature, particuli\u00e8rement dans la r\u00e9gion m\u00e9diterran\u00e9enne o\u00f9 cette esp\u00e8ce est commune. Chaque d\u00e9tail de la figure a \u00e9t\u00e9 m\u00e9ticuleusement \u00e9labor\u00e9, montrant les caract\u00e9ristiques distinctives de la salamandre, comme son corps allong\u00e9 et ses pattes aux doigts finement moul\u00e9s.<\/p>\n<p>Cet aimant n&rsquo;est pas seulement une pi\u00e8ce d\u00e9corative id\u00e9ale pour orner toute surface m\u00e9tallique, mais il agit \u00e9galement comme un souvenir m\u00e9morable et authentique de l&rsquo;art et de la culture espagnole. Son design attrayant et son utilit\u00e9 fonctionnelle en font un magnifique souvenir pour les touristes cherchant \u00e0 capturer l&rsquo;essence de leur voyage en Espagne. Chez Ol\u00e9 Mosaic, nous nous sp\u00e9cialisons dans la distribution de souvenirs en r\u00e9sine en gros, offrant des produits de qualit\u00e9 qui mettent en valeur la richesse culturelle de chaque r\u00e9gion. Cet aimant salamandre est une excellente option pour les boutiques de cadeaux touristiques souhaitant proposer des souvenirs repr\u00e9sentatifs et charg\u00e9s de sens.<\/p>\n","protected":false},"excerpt":{"rendered":"<p>Aimant de 13 cm en forme de salamandre, reproduisant un design color\u00e9 inspir\u00e9 du folklore espagnol. Cet aimant frappant se distingue par ses couleurs vives et ses d\u00e9tails d\u00e9coratifs simulant une mosa\u00efque, cr\u00e9ant un attrait visuel unique. La salamandre, symbole de chance et de vie, est parfaite pour d\u00e9corer les surfaces m\u00e9talliques, ajoutant une touche artistique et culturelle \u00e0 n&rsquo;importe quel espace. Une excellente fa\u00e7on de se souvenir de la beaut\u00e9 de la faune m\u00e9diterran\u00e9enne.<\/p>\n","protected":false},"featured_media":6211,"template":"","meta":{"_acf_changed":false},"product_brand":[],"product_cat":[697],"product_tag":[530],"class_list":{"0":"post-34588","1":"product","2":"type-product","3":"status-publish","4":"has-post-thumbnail","6":"product_cat-aimants","7":"product_tag-animaux","8":"pa_motivo-salamandres","10":"first","11":"instock","12":"shipping-taxable","13":"product-type-simple"},"acf":[],"_links":{"self":[{"href":"https:\/\/olemosaic.orbitalia.org\/fr\/wp-json\/wp\/v2\/product\/34588","targetHints":{"allow":["GET"]}}],"collection":[{"href":"https:\/\/olemosaic.orbitalia.org\/fr\/wp-json\/wp\/v2\/product"}],"about":[{"href":"https:\/\/olemosaic.orbitalia.org\/fr\/wp-json\/wp\/v2\/types\/product"}],"wp:featuredmedia":[{"embeddable":true,"href":"https:\/\/olemosaic.orbitalia.org\/fr\/wp-json\/wp\/v2\/media\/6211"}],"wp:attachment":[{"href":"https:\/\/olemosaic.orbitalia.org\/fr\/wp-json\/wp\/v2\/media?parent=34588"}],"wp:term":[{"taxonomy":"product_brand","embeddable":true,"href":"https:\/\/olemosaic.orbitalia.org\/fr\/wp-json\/wp\/v2\/product_brand?post=34588"},{"taxonomy":"product_cat","embeddable":true,"href":"https:\/\/olemosaic.orbitalia.org\/fr\/wp-json\/wp\/v2\/product_cat?post=34588"},{"taxonomy":"product_tag","embeddable":true,"href":"https:\/\/olemosaic.orbitalia.org\/fr\/wp-json\/wp\/v2\/product_tag?post=34588"}],"curies":[{"name":"wp","href":"https:\/\/api.w.org\/{rel}","templated":true}]}}