{"id":34585,"date":"2025-02-20T23:36:23","date_gmt":"2025-02-20T22:36:23","guid":{"rendered":"https:\/\/olemosaic.orbitalia.org\/producto\/iman-de-resina-flores\/"},"modified":"2025-07-25T20:24:57","modified_gmt":"2025-07-25T18:24:57","slug":"aimant-en-resine-fleurs","status":"publish","type":"product","link":"https:\/\/olemosaic.orbitalia.org\/fr\/produit\/aimant-en-resine-fleurs\/","title":{"rendered":"Aimant en r\u00e9sine. Fleurs."},"content":{"rendered":"<p>Aimant en r\u00e9sine d\u00e9cor\u00e9 de fleurs multicolores vibrantes, id\u00e9al pour emporter un petit bout d&rsquo;Espagne avec vous. Cet aimant se distingue par son design inspir\u00e9 du c\u00e9l\u00e8bre art de la mosa\u00efque, avec un d\u00e9ploiement de fleurs dans des tons rouge, jaune, vert et bleu qui rayonnent de joie et de couleur. Chaque fleur est soigneusement d\u00e9limit\u00e9e par un contour noir qui souligne ses formes g\u00e9om\u00e9triques distinctives, cr\u00e9ant un effet visuel captivant qui rappelle les mosa\u00efques de la tradition andalouse. La r\u00e9sine de haute qualit\u00e9 garantit sa durabilit\u00e9 et sa r\u00e9sistance, en faisant un souvenir parfait et fonctionnel que vous pouvez placer sur votre r\u00e9frig\u00e9rateur, pour profiter d&rsquo;un petit morceau de la culture espagnole chaque jour.<\/p>\n<p>Cet aimant n&rsquo;est pas seulement un objet d\u00e9coratif, mais aussi un souvenir frappant qui capture l&rsquo;essence du folklore vibrant et du riche h\u00e9ritage artistique de l&rsquo;Espagne. Inspir\u00e9 par les traditions artisanales que l&rsquo;on trouve dans toute la r\u00e9gion, cet aimant est une excellente option pour les touristes qui cherchent \u00e0 ramener chez eux un morceau de leur exp\u00e9rience. Chez Ol\u00e9 Mosaic, nous nous sp\u00e9cialisons dans la distribution de souvenirs en gros, offrant des produits authentiques qui mettent en avant la culture et la diversit\u00e9 de l&rsquo;Espagne. Cet aimant \u00e0 fleurs est une preuve parfaite de notre d\u00e9vouement \u00e0 la qualit\u00e9 et \u00e0 la tradition, id\u00e9al pour les boutiques de cadeaux touristiques souhaitant proposer des souvenirs repr\u00e9sentatifs et color\u00e9s.<\/p>\n","protected":false},"excerpt":{"rendered":"<p>Aimant d\u00e9cor\u00e9 de fleurs multicolores vibrantes, id\u00e9al pour emporter un petit bout d&rsquo;Espagne avec vous. Cet aimant pr\u00e9sente un design inspir\u00e9 de la mosa\u00efque, avec des fleurs dans des tons rouge, jaune, vert et bleu qui lui donnent une touche joyeuse et color\u00e9e. Chaque fleur est soulign\u00e9e par un contour noir qui met en valeur sa beaut\u00e9. Parfait pour d\u00e9corer le r\u00e9frig\u00e9rateur ou comme souvenir de vos voyages.<\/p>\n","protected":false},"featured_media":9570,"template":"","meta":{"_acf_changed":false},"product_brand":[],"product_cat":[697],"product_tag":[],"class_list":{"0":"post-34585","1":"product","2":"type-product","3":"status-publish","4":"has-post-thumbnail","6":"product_cat-aimants","7":"pa_motivo-fleurs","9":"first","10":"instock","11":"shipping-taxable","12":"product-type-simple"},"acf":[],"_links":{"self":[{"href":"https:\/\/olemosaic.orbitalia.org\/fr\/wp-json\/wp\/v2\/product\/34585","targetHints":{"allow":["GET"]}}],"collection":[{"href":"https:\/\/olemosaic.orbitalia.org\/fr\/wp-json\/wp\/v2\/product"}],"about":[{"href":"https:\/\/olemosaic.orbitalia.org\/fr\/wp-json\/wp\/v2\/types\/product"}],"wp:featuredmedia":[{"embeddable":true,"href":"https:\/\/olemosaic.orbitalia.org\/fr\/wp-json\/wp\/v2\/media\/9570"}],"wp:attachment":[{"href":"https:\/\/olemosaic.orbitalia.org\/fr\/wp-json\/wp\/v2\/media?parent=34585"}],"wp:term":[{"taxonomy":"product_brand","embeddable":true,"href":"https:\/\/olemosaic.orbitalia.org\/fr\/wp-json\/wp\/v2\/product_brand?post=34585"},{"taxonomy":"product_cat","embeddable":true,"href":"https:\/\/olemosaic.orbitalia.org\/fr\/wp-json\/wp\/v2\/product_cat?post=34585"},{"taxonomy":"product_tag","embeddable":true,"href":"https:\/\/olemosaic.orbitalia.org\/fr\/wp-json\/wp\/v2\/product_tag?post=34585"}],"curies":[{"name":"wp","href":"https:\/\/api.w.org\/{rel}","templated":true}]}}