{"id":34584,"date":"2025-02-20T23:36:22","date_gmt":"2025-02-20T22:36:22","guid":{"rendered":"https:\/\/olemosaic.orbitalia.org\/producto\/iman-de-resina-salamandra-y-flores-mallorca-65-cm\/"},"modified":"2025-07-25T19:08:05","modified_gmt":"2025-07-25T17:08:05","slug":"aimant-en-resine-salamandre-et-fleurs-majorque-6-5-cm","status":"publish","type":"product","link":"https:\/\/olemosaic.orbitalia.org\/fr\/produit\/aimant-en-resine-salamandre-et-fleurs-majorque-6-5-cm\/","title":{"rendered":"Aimant en r\u00e9sine. Salamandre et fleurs. Majorque. 6,5 cm."},"content":{"rendered":"<p>Aimant en r\u00e9sine d\u00e9cor\u00e9 d&rsquo;une salamandre vibrante au centre, entour\u00e9e de fleurs color\u00e9es, repr\u00e9sentant le charme de Majorque. D&rsquo;un diam\u00e8tre de 6,5 cm, cet aimant est une pi\u00e8ce distinctive qui capture l&rsquo;essence de la biodiversit\u00e9 et de la culture bal\u00e9are. L&rsquo;illustration de la salamandre, avec ses tons orang\u00e9s et ses d\u00e9tails stylis\u00e9s dans un design en mosa\u00efque, contraste avec un fond \u00e0 la palette de couleurs joyeuses, comprenant un motif exquis de fleurs rouges, jaunes, bleues et roses. Ce design ne se distingue pas seulement par son esth\u00e9tique, mais symbolise \u00e9galement la flore et la faune de la r\u00e9gion, faisant de cet aimant un souvenir significatif de Majorque, id\u00e9al pour ceux qui recherchent un souvenir authentique repr\u00e9sentant leur voyage aux \u00eeles Bal\u00e9ares.<\/p>\n<p>Le lien culturel de cet aimant va au-del\u00e0 de son aspect visuel ; il repr\u00e9sente l&rsquo;amour de la nature qui caract\u00e9rise l&rsquo;\u00eele et sa riche diversit\u00e9. Les souvenirs de Majorque, comme cet aimant en r\u00e9sine, sont parfaits pour les touristes qui souhaitent ramener chez eux un morceau de la culture locale. Chez Ol\u00e9 Mosaic, nous nous sp\u00e9cialisons dans la distribution de souvenirs en gros, offrant des produits uniques qui mettent en valeur le patrimoine espagnol. Cet aimant n&rsquo;est pas seulement un accessoire attrayant pour n&rsquo;importe quel r\u00e9frig\u00e9rateur, mais c&rsquo;est aussi une excellente option pour les boutiques de cadeaux touristiques cherchant \u00e0 capturer l&rsquo;essence de Majorque, le consolidant comme un article phare parmi les souvenirs en r\u00e9sine.<\/p>\n","protected":false},"excerpt":{"rendered":"<p>Aimant d\u00e9cor\u00e9 d&rsquo;une salamandre vibrante au centre, entour\u00e9e de fleurs color\u00e9es \u00e9voquant le charme de Majorque. D&rsquo;un diam\u00e8tre de 6,5 cm, cet aimant combine des motifs naturels avec un design joyeux et frappant, gr\u00e2ce \u00e0 une palette de couleurs vari\u00e9es incluant le rouge, le jaune, le bleu et le rose. Id\u00e9al pour ramener un souvenir du patrimoine bal\u00e9are \u00e0 la maison, ce produit se distingue par ses d\u00e9tails stylis\u00e9s et ses finitions en r\u00e9sine.<\/p>\n","protected":false},"featured_media":9526,"template":"","meta":{"_acf_changed":false},"product_brand":[],"product_cat":[697],"product_tag":[530],"class_list":{"0":"post-34584","1":"product","2":"type-product","3":"status-publish","4":"has-post-thumbnail","6":"product_cat-aimants","7":"product_tag-animaux","8":"pa_ciudad-mallorca","9":"pa_motivo-salamandres","10":"pa_pais-espana","12":"first","13":"instock","14":"shipping-taxable","15":"product-type-simple"},"acf":[],"_links":{"self":[{"href":"https:\/\/olemosaic.orbitalia.org\/fr\/wp-json\/wp\/v2\/product\/34584","targetHints":{"allow":["GET"]}}],"collection":[{"href":"https:\/\/olemosaic.orbitalia.org\/fr\/wp-json\/wp\/v2\/product"}],"about":[{"href":"https:\/\/olemosaic.orbitalia.org\/fr\/wp-json\/wp\/v2\/types\/product"}],"wp:featuredmedia":[{"embeddable":true,"href":"https:\/\/olemosaic.orbitalia.org\/fr\/wp-json\/wp\/v2\/media\/9526"}],"wp:attachment":[{"href":"https:\/\/olemosaic.orbitalia.org\/fr\/wp-json\/wp\/v2\/media?parent=34584"}],"wp:term":[{"taxonomy":"product_brand","embeddable":true,"href":"https:\/\/olemosaic.orbitalia.org\/fr\/wp-json\/wp\/v2\/product_brand?post=34584"},{"taxonomy":"product_cat","embeddable":true,"href":"https:\/\/olemosaic.orbitalia.org\/fr\/wp-json\/wp\/v2\/product_cat?post=34584"},{"taxonomy":"product_tag","embeddable":true,"href":"https:\/\/olemosaic.orbitalia.org\/fr\/wp-json\/wp\/v2\/product_tag?post=34584"}],"curies":[{"name":"wp","href":"https:\/\/api.w.org\/{rel}","templated":true}]}}