{"id":34570,"date":"2025-02-20T23:36:22","date_gmt":"2025-02-20T22:36:22","guid":{"rendered":"https:\/\/olemosaic.orbitalia.org\/producto\/iman-de-resina-sagrada-familia-barcelona-2\/"},"modified":"2025-07-25T20:05:05","modified_gmt":"2025-07-25T18:05:05","slug":"aimant-resine-sagrada-familia-barcelone-2","status":"publish","type":"product","link":"https:\/\/olemosaic.orbitalia.org\/fr\/produit\/aimant-resine-sagrada-familia-barcelone-2\/","title":{"rendered":"Aimant en r\u00e9sine. Sagrada Familia. Dor\u00e9, rouge, vert et bleu. Barcelone."},"content":{"rendered":"<p>Aimant en r\u00e9sine de la Sagrada Familia, un v\u00e9ritable bijou qui capture la majest\u00e9 de l&#8217;embl\u00e9matique monument de Barcelone. Cet aimant attrayant pr\u00e9sente un design vibrant avec une explosion de tons dor\u00e9s, rouges, verts et bleus, \u00e9voquant les mosa\u00efques color\u00e9es du c\u00e9l\u00e8bre chef-d&rsquo;\u0153uvre d&rsquo;Antoni Gaud\u00ed. Avec sa finition brillante, il souligne les fines lignes architecturales des tours impressionnantes et des fen\u00eatres \u00e9labor\u00e9es, offrant une repr\u00e9sentation exceptionnelle qui invite \u00e0 appr\u00e9cier chaque d\u00e9tail de cette merveille du modernisme catalan.<\/p>\n<p>Le nom \u00ab\u00a0Barcelona\u00a0\u00bb appara\u00eet en lettres color\u00e9es, ajoutant une touche distinctive qui relie directement le souvenir \u00e0 la ville. Cet aimant n&rsquo;est pas seulement un objet d\u00e9coratif, mais une fa\u00e7on d&#8217;emporter un morceau de la riche histoire et culture de Barcelone, id\u00e9al pour ceux qui souhaitent conserver un souvenir de l&rsquo;art et de l&rsquo;architecture uniques de la ville.<\/p>\n<p>Chez Ol\u00e9 Mosaic, nous comprenons l&rsquo;importance des souvenirs en tant que repr\u00e9sentation authentique d&rsquo;une destination. Cet aimant en r\u00e9sine est une excellente option pour les touristes \u00e0 la recherche d&rsquo;un symbole de la beaut\u00e9 de la Sagrada Familia et est parfait pour les boutiques de cadeaux touristiques souhaitant proposer des articles originaux et pertinents. En tant que grossistes de souvenirs de Barcelone, nous garantissons qualit\u00e9 et authenticit\u00e9 dans chaque pi\u00e8ce.<\/p>\n","protected":false},"excerpt":{"rendered":"<p>Aimant capturant la majest\u00e9 de la Sagrada Familia de Barcelone. Ce souvenir attrayant pr\u00e9sente un design vibrant dans des tons dor\u00e9s, rouges, verts et bleus, inspir\u00e9 des mosa\u00efques de l&#8217;embl\u00e9matique monument. Avec une finition brillante, il souligne les fines lignes architecturales des tours et des fen\u00eatres, et inclut le nom \u00ab\u00a0Barcelona\u00a0\u00bb en lettres color\u00e9es. Id\u00e9al pour se souvenir de la beaut\u00e9 de l&rsquo;art de Gaud\u00ed et de l&rsquo;architecture moderniste de la ville.<\/p>\n","protected":false},"featured_media":9360,"template":"","meta":{"_acf_changed":false},"product_brand":[],"product_cat":[697],"product_tag":[],"class_list":{"0":"post-34570","1":"product","2":"type-product","3":"status-publish","4":"has-post-thumbnail","6":"product_cat-aimants","7":"pa_ciudad-barcelona","8":"pa_motivo-sagrada-familia","9":"pa_pais-espana","11":"first","12":"instock","13":"shipping-taxable","14":"product-type-simple"},"acf":[],"_links":{"self":[{"href":"https:\/\/olemosaic.orbitalia.org\/fr\/wp-json\/wp\/v2\/product\/34570","targetHints":{"allow":["GET"]}}],"collection":[{"href":"https:\/\/olemosaic.orbitalia.org\/fr\/wp-json\/wp\/v2\/product"}],"about":[{"href":"https:\/\/olemosaic.orbitalia.org\/fr\/wp-json\/wp\/v2\/types\/product"}],"wp:featuredmedia":[{"embeddable":true,"href":"https:\/\/olemosaic.orbitalia.org\/fr\/wp-json\/wp\/v2\/media\/9360"}],"wp:attachment":[{"href":"https:\/\/olemosaic.orbitalia.org\/fr\/wp-json\/wp\/v2\/media?parent=34570"}],"wp:term":[{"taxonomy":"product_brand","embeddable":true,"href":"https:\/\/olemosaic.orbitalia.org\/fr\/wp-json\/wp\/v2\/product_brand?post=34570"},{"taxonomy":"product_cat","embeddable":true,"href":"https:\/\/olemosaic.orbitalia.org\/fr\/wp-json\/wp\/v2\/product_cat?post=34570"},{"taxonomy":"product_tag","embeddable":true,"href":"https:\/\/olemosaic.orbitalia.org\/fr\/wp-json\/wp\/v2\/product_tag?post=34570"}],"curies":[{"name":"wp","href":"https:\/\/api.w.org\/{rel}","templated":true}]}}