{"id":34569,"date":"2025-02-20T23:36:22","date_gmt":"2025-02-20T22:36:22","guid":{"rendered":"https:\/\/olemosaic.orbitalia.org\/producto\/iman-de-resina-isla-mallorca\/"},"modified":"2025-07-26T00:02:25","modified_gmt":"2025-07-25T22:02:25","slug":"aimant-resine-ile-majorque","status":"publish","type":"product","link":"https:\/\/olemosaic.orbitalia.org\/fr\/produit\/aimant-resine-ile-majorque\/","title":{"rendered":"Aimant en r\u00e9sine. \u00cele. Majorque."},"content":{"rendered":"<p>Aimant en r\u00e9sine de l&rsquo;\u00eele de Majorque, orn\u00e9 de l\u00e9zards color\u00e9s et de fleurs, id\u00e9al pour les amoureux de l&rsquo;art et de la nature. Ce charmant souvenir pr\u00e9sente le mot \u00ab\u00a0MALLORCA\u00a0\u00bb dans des tons vibrants, soulignant \u00e0 la fois le caract\u00e8re architectural et naturel de l&rsquo;\u00eele. La forme de l&rsquo;aimant \u00e9voque la silhouette de Majorque, tandis que les d\u00e9tails peints \u00e0 la main, avec des l\u00e9zards dans des tons vert, bleu et rouge, apportent une touche artistique et exclusive.<\/p>\n<p>Chaque aimant n&rsquo;est pas seulement un objet d\u00e9coratif, mais un symbole de la riche biodiversit\u00e9 de Majorque, o\u00f9 ces l\u00e9zards sont un embl\u00e8me de la faune locale. Les fleurs qui accompagnent le design ajoutent un air frais et vibrant, rappelant aux touristes les paysages fleuris de cette belle \u00eele m\u00e9diterran\u00e9enne.<\/p>\n<p>Cet aimant est une excellente option pour ceux qui recherchent des souvenirs de Majorque authentiques et significatifs. Chez Ol\u00e9 Mosaic, nous nous sp\u00e9cialisons dans la distribution de souvenirs en gros qui capturent l&rsquo;essence culturelle et naturelle de lieux embl\u00e9matiques. Cet aimant en r\u00e9sine n&rsquo;est pas seulement un souvenir parfait des vacances, mais aussi un cadeau id\u00e9al pour ceux qui souhaitent ramener un morceau de l&rsquo;\u00eele chez eux, devenant l&rsquo;un des souvenirs de Majorque les plus attractifs du march\u00e9.<\/p>\n","protected":false},"excerpt":{"rendered":"<p>Aimant en forme de l&rsquo;\u00eele de Majorque, d\u00e9cor\u00e9 de l\u00e9zards color\u00e9s et de fleurs. Ce souvenir attrayant pr\u00e9sente le mot \u00ab\u00a0MALLORCA\u00a0\u00bb dans des tons vibrants, soulignant son caract\u00e8re architectural et naturel. Fabriqu\u00e9 en r\u00e9sine, son design tr\u00e8s sp\u00e9cial rehausse la beaut\u00e9 de l&rsquo;\u00eele, avec des d\u00e9tails peints \u00e0 la main qui lui donnent une touche artistique et exclusive. Id\u00e9al pour se souvenir des charmes de Majorque \u00e0 la maison.<\/p>\n","protected":false},"featured_media":10428,"template":"","meta":{"_acf_changed":false},"product_brand":[],"product_cat":[697],"product_tag":[],"class_list":{"0":"post-34569","1":"product","2":"type-product","3":"status-publish","4":"has-post-thumbnail","6":"product_cat-aimants","7":"pa_ciudad-mallorca","8":"pa_motivo-iles","9":"pa_pais-espana","11":"first","12":"instock","13":"shipping-taxable","14":"product-type-simple"},"acf":[],"_links":{"self":[{"href":"https:\/\/olemosaic.orbitalia.org\/fr\/wp-json\/wp\/v2\/product\/34569","targetHints":{"allow":["GET"]}}],"collection":[{"href":"https:\/\/olemosaic.orbitalia.org\/fr\/wp-json\/wp\/v2\/product"}],"about":[{"href":"https:\/\/olemosaic.orbitalia.org\/fr\/wp-json\/wp\/v2\/types\/product"}],"wp:featuredmedia":[{"embeddable":true,"href":"https:\/\/olemosaic.orbitalia.org\/fr\/wp-json\/wp\/v2\/media\/10428"}],"wp:attachment":[{"href":"https:\/\/olemosaic.orbitalia.org\/fr\/wp-json\/wp\/v2\/media?parent=34569"}],"wp:term":[{"taxonomy":"product_brand","embeddable":true,"href":"https:\/\/olemosaic.orbitalia.org\/fr\/wp-json\/wp\/v2\/product_brand?post=34569"},{"taxonomy":"product_cat","embeddable":true,"href":"https:\/\/olemosaic.orbitalia.org\/fr\/wp-json\/wp\/v2\/product_cat?post=34569"},{"taxonomy":"product_tag","embeddable":true,"href":"https:\/\/olemosaic.orbitalia.org\/fr\/wp-json\/wp\/v2\/product_tag?post=34569"}],"curies":[{"name":"wp","href":"https:\/\/api.w.org\/{rel}","templated":true}]}}