{"id":34568,"date":"2025-02-20T23:36:21","date_gmt":"2025-02-20T22:36:21","guid":{"rendered":"https:\/\/olemosaic.orbitalia.org\/producto\/iman-de-resina-casa-batllo-barcelona-4\/"},"modified":"2025-07-25T18:34:18","modified_gmt":"2025-07-25T16:34:18","slug":"aimant-resine-casa-batllo-barcelone-4","status":"publish","type":"product","link":"https:\/\/olemosaic.orbitalia.org\/fr\/produit\/aimant-resine-casa-batllo-barcelone-4\/","title":{"rendered":"Aimant en r\u00e9sine. Casa Batll\u00f3. Gaud\u00ed. Barcelone."},"content":{"rendered":"<p>Aimant en r\u00e9sine de l&#8217;embl\u00e9matique Casa Batll\u00f3 de Barcelone. Cet aimant vibrant capture l&rsquo;essence du modernisme catalan, montrant une repr\u00e9sentation d\u00e9taill\u00e9e de l&rsquo;impressionnante fa\u00e7ade du b\u00e2timent, c\u00e9l\u00e8bre pour son design unique de mosa\u00efques en c\u00e9ramique. Dans une palette de couleurs frappante comprenant des rouges, des bleus et des verts, ce souvenir se distingue non seulement par son esth\u00e9tique, mais aussi par la riche histoire culturelle qu&rsquo;il repr\u00e9sente. La Casa Batll\u00f3, chef-d&rsquo;\u0153uvre d&rsquo;Antoni Gaud\u00ed, est un embl\u00e8me de l&rsquo;architecture innovante de Barcelone, un symbole du modernisme qui a laiss\u00e9 sa marque sur l&rsquo;art et la culture de la ville. Le mot \u00ab\u00a0Barcelone\u00a0\u00bb est \u00e9l\u00e9gamment imprim\u00e9 en lettres frappantes au bas de l&rsquo;aimant, ajoutant une touche d&rsquo;authenticit\u00e9 et d&rsquo;attrait pour les touristes et les collectionneurs. Cet aimant en r\u00e9sine n&rsquo;est pas seulement un produit d\u00e9coratif, mais aussi un souvenir parfait qui symbolise la magie de cette m\u00e9tropole m\u00e9diterran\u00e9enne. Chez Ol\u00e9 Mosaic, nous distribuons des souvenirs authentiques en gros, de haute qualit\u00e9, id\u00e9aux pour les boutiques de cadeaux touristiques qui cherchent \u00e0 offrir \u00e0 leurs clients un morceau du riche h\u00e9ritage culturel de l&rsquo;Espagne. Cet aimant de la Casa Batll\u00f3 est une excellente option pour ceux qui souhaitent emporter un souvenir significatif de leur visite \u00e0 Barcelone.<\/p>\n","protected":false},"excerpt":{"rendered":"<p>Aimant inspir\u00e9 de l&rsquo;iconique Casa Batll\u00f3 de Barcelone. Cet aimant color\u00e9 pr\u00e9sente une repr\u00e9sentation vibrante de la fa\u00e7ade, soulignant l&rsquo;utilisation des mosa\u00efques en c\u00e9ramique caract\u00e9ristiques qui ornent le b\u00e2timent. Avec des tons rouges, bleus et verts, il capture l&rsquo;essence du modernisme catalan. Le mot \u00ab\u00a0Barcelone\u00a0\u00bb est imprim\u00e9 en lettres frappantes au bas, ce qui fait de cet aimant un souvenir parfait pour les amateurs d&rsquo;architecture et d&rsquo;art.<\/p>\n","protected":false},"featured_media":9359,"template":"","meta":{"_acf_changed":false},"product_brand":[],"product_cat":[697],"product_tag":[],"class_list":{"0":"post-34568","1":"product","2":"type-product","3":"status-publish","4":"has-post-thumbnail","6":"product_cat-aimants","7":"pa_ciudad-barcelona","8":"pa_motivo-casa-batllo","9":"pa_pais-espana","11":"first","12":"instock","13":"shipping-taxable","14":"product-type-simple"},"acf":[],"_links":{"self":[{"href":"https:\/\/olemosaic.orbitalia.org\/fr\/wp-json\/wp\/v2\/product\/34568","targetHints":{"allow":["GET"]}}],"collection":[{"href":"https:\/\/olemosaic.orbitalia.org\/fr\/wp-json\/wp\/v2\/product"}],"about":[{"href":"https:\/\/olemosaic.orbitalia.org\/fr\/wp-json\/wp\/v2\/types\/product"}],"wp:featuredmedia":[{"embeddable":true,"href":"https:\/\/olemosaic.orbitalia.org\/fr\/wp-json\/wp\/v2\/media\/9359"}],"wp:attachment":[{"href":"https:\/\/olemosaic.orbitalia.org\/fr\/wp-json\/wp\/v2\/media?parent=34568"}],"wp:term":[{"taxonomy":"product_brand","embeddable":true,"href":"https:\/\/olemosaic.orbitalia.org\/fr\/wp-json\/wp\/v2\/product_brand?post=34568"},{"taxonomy":"product_cat","embeddable":true,"href":"https:\/\/olemosaic.orbitalia.org\/fr\/wp-json\/wp\/v2\/product_cat?post=34568"},{"taxonomy":"product_tag","embeddable":true,"href":"https:\/\/olemosaic.orbitalia.org\/fr\/wp-json\/wp\/v2\/product_tag?post=34568"}],"curies":[{"name":"wp","href":"https:\/\/api.w.org\/{rel}","templated":true}]}}