{"id":34565,"date":"2025-02-20T23:36:21","date_gmt":"2025-02-20T22:36:21","guid":{"rendered":"https:\/\/olemosaic.orbitalia.org\/producto\/iman-de-resina-panoramica-barcelona-7\/"},"modified":"2025-07-25T20:37:43","modified_gmt":"2025-07-25T18:37:43","slug":"aimant-resine-panoramique-barcelone-7","status":"publish","type":"product","link":"https:\/\/olemosaic.orbitalia.org\/fr\/produit\/aimant-resine-panoramique-barcelone-7\/","title":{"rendered":"Aimant en r\u00e9sine. Panoramique. B\u00e2timents Gaud\u00ed. Barcelone."},"content":{"rendered":"<p>Aimant en r\u00e9sine avec une vue panoramique color\u00e9e de Barcelone. Cet aimant vibrant capture l&rsquo;essence architecturale de la capitale catalane, mettant en avant l&#8217;embl\u00e9matique Sagrada Familia et les b\u00e2timents innovants de Gaud\u00ed, embl\u00e8mes de la ville. Son design, inspir\u00e9 de la technique du trencad\u00eds, pr\u00e9sente une explosion de couleurs vives qui refl\u00e8tent la cr\u00e9ativit\u00e9 et la vitalit\u00e9 de la culture catalane. La Sagrada Familia, avec ses d\u00e9tails impressionnants, se dresse majestueusement au centre, tandis que les b\u00e2timents de Gaud\u00ed, avec leurs formes organiques et color\u00e9es, apportent une touche moderne et festive.<\/p>\n<p>Le fond de l&rsquo;aimant est orn\u00e9 d&rsquo;une mosa\u00efque qui compl\u00e8te la palette de couleurs, offrant un contraste visuel attrayant. L&rsquo;inscription \u00ab\u00a0Barcelone\u00a0\u00bb, en lettres saillantes, ajoute un \u00e9l\u00e9ment frappant qui fait de ce souvenir un rappel parfait de chaque visite dans cette m\u00e9tropole europ\u00e9enne pleine de vie, d&rsquo;art et d&rsquo;histoire. Cet aimant en r\u00e9sine n&rsquo;est pas seulement un accessoire d\u00e9coratif id\u00e9al pour toute surface m\u00e9tallique, mais aussi un souvenir authentique de la beaut\u00e9 de Barcelone. Chez Ol\u00e9 Mosaic, en tant que distributeurs de souvenirs en gros, nous proposons cet aimant comme une excellente option pour les boutiques de cadeaux touristiques qui cherchent \u00e0 offrir des produits authentiques \u00e9voquant la culture vibrante de Barcelone.<\/p>\n","protected":false},"excerpt":{"rendered":"<p>Aimant avec une vue panoramique color\u00e9e de Barcelone, o\u00f9 se distinguent la c\u00e9l\u00e8bre Sagrada Familia et les formes vibrantes des b\u00e2timents de Gaud\u00ed. Le design, inspir\u00e9 du trencad\u00eds, pr\u00e9sente une explosion de couleurs vives qui capturent l&rsquo;essence architecturale de la ville. Avec le mot \u00ab\u00a0Barcelone\u00a0\u00bb en lettres relief, cet aimant est le souvenir parfait pour se rappeler la beaut\u00e9 de la capitale catalane et d\u00e9corer toute surface m\u00e9tallique.<\/p>\n","protected":false},"featured_media":9358,"template":"","meta":{"_acf_changed":false},"product_brand":[],"product_cat":[697],"product_tag":[],"class_list":{"0":"post-34565","1":"product","2":"type-product","3":"status-publish","4":"has-post-thumbnail","6":"product_cat-aimants","7":"pa_ciudad-barcelona","8":"pa_motivo-panoramas","9":"pa_pais-espana","11":"first","12":"instock","13":"shipping-taxable","14":"product-type-simple"},"acf":[],"_links":{"self":[{"href":"https:\/\/olemosaic.orbitalia.org\/fr\/wp-json\/wp\/v2\/product\/34565","targetHints":{"allow":["GET"]}}],"collection":[{"href":"https:\/\/olemosaic.orbitalia.org\/fr\/wp-json\/wp\/v2\/product"}],"about":[{"href":"https:\/\/olemosaic.orbitalia.org\/fr\/wp-json\/wp\/v2\/types\/product"}],"wp:featuredmedia":[{"embeddable":true,"href":"https:\/\/olemosaic.orbitalia.org\/fr\/wp-json\/wp\/v2\/media\/9358"}],"wp:attachment":[{"href":"https:\/\/olemosaic.orbitalia.org\/fr\/wp-json\/wp\/v2\/media?parent=34565"}],"wp:term":[{"taxonomy":"product_brand","embeddable":true,"href":"https:\/\/olemosaic.orbitalia.org\/fr\/wp-json\/wp\/v2\/product_brand?post=34565"},{"taxonomy":"product_cat","embeddable":true,"href":"https:\/\/olemosaic.orbitalia.org\/fr\/wp-json\/wp\/v2\/product_cat?post=34565"},{"taxonomy":"product_tag","embeddable":true,"href":"https:\/\/olemosaic.orbitalia.org\/fr\/wp-json\/wp\/v2\/product_tag?post=34565"}],"curies":[{"name":"wp","href":"https:\/\/api.w.org\/{rel}","templated":true}]}}