{"id":34564,"date":"2025-02-20T23:36:21","date_gmt":"2025-02-20T22:36:21","guid":{"rendered":"https:\/\/olemosaic.orbitalia.org\/producto\/iman-de-resina-salamandra-y-flores\/"},"modified":"2025-07-25T20:24:03","modified_gmt":"2025-07-25T18:24:03","slug":"aimant-resine-salamandre-et-fleurs","status":"publish","type":"product","link":"https:\/\/olemosaic.orbitalia.org\/fr\/produit\/aimant-resine-salamandre-et-fleurs\/","title":{"rendered":"Aimant en r\u00e9sine. Salamandre et fleurs."},"content":{"rendered":"<p>Aimant en r\u00e9sine avec salamandres et fleurs. Cet aimant vibrant capture l&rsquo;essence de la riche culture andalouse, fusionnant des \u00e9l\u00e9ments de la nature avec le style c\u00e9ramique color\u00e9 si caract\u00e9ristique de la r\u00e9gion. Avec un design color\u00e9 et peint \u00e0 la main, il pr\u00e9sente deux salamandres dans des tons rouges et verts qui semblent prendre vie au milieu d&rsquo;un m\u00e9lange exub\u00e9rant de fleurs sur une base de mosa\u00efque. Les couleurs intenses des d\u00e9tails en rouge, bleu et vert invitent \u00e0 l&rsquo;admiration, refl\u00e9tant la cr\u00e9ativit\u00e9 et la passion artistique qui impr\u00e8gnent l&rsquo;art d\u00e9coratif espagnol.<\/p>\n<p>Cet aimant n&rsquo;est pas seulement un ornement attrayant pour toute surface m\u00e9tallique, mais il s&rsquo;\u00e9rige \u00e9galement comme un symbole culturel, repr\u00e9sentant la biodiversit\u00e9 et la beaut\u00e9 naturelle du sud de l&rsquo;Espagne. Son design joyeux et frais est id\u00e9al pour ceux qui recherchent des souvenirs authentiques d&rsquo;Andalousie. Parfait pour les boutiques de cadeaux touristiques, cet aimant en r\u00e9sine devient un souvenir repr\u00e9sentatif qui capture l&rsquo;essence de la r\u00e9gion et sa riche tradition artistique. Chez Ol\u00e9 Mosaic, en tant que distributeurs de souvenirs de qualit\u00e9 en gros, nous proposons cet aimant de salamandres et de fleurs, soulignant sa pertinence culturelle et son attrait en tant que cadeau unique pour les visiteurs.<\/p>\n","protected":false},"excerpt":{"rendered":"<p>Aimant avec un design vibrant de salamandres et de fleurs. Cet aimant attrayant repr\u00e9sente la riche culture andalouse, fusionnant des motifs de la nature avec le style c\u00e9ramique color\u00e9 typique de la r\u00e9gion. Peint dans un style artisanal avec des d\u00e9tails color\u00e9s dans des tons rouges, verts et bleus, les salamandres sont entour\u00e9es d&rsquo;un m\u00e9lange de fleurs sur une base de mosa\u00efque qui refl\u00e8te l&rsquo;art d\u00e9coratif espagnol caract\u00e9ristique. Id\u00e9al pour ajouter une touche de fra\u00eecheur et de cr\u00e9ativit\u00e9 \u00e0 toute surface m\u00e9tallique.<\/p>\n","protected":false},"featured_media":9569,"template":"","meta":{"_acf_changed":false},"product_brand":[],"product_cat":[697],"product_tag":[530],"class_list":{"0":"post-34564","1":"product","2":"type-product","3":"status-publish","4":"has-post-thumbnail","6":"product_cat-aimants","7":"product_tag-animaux","8":"pa_motivo-salamandres","10":"first","11":"instock","12":"shipping-taxable","13":"product-type-simple"},"acf":[],"_links":{"self":[{"href":"https:\/\/olemosaic.orbitalia.org\/fr\/wp-json\/wp\/v2\/product\/34564","targetHints":{"allow":["GET"]}}],"collection":[{"href":"https:\/\/olemosaic.orbitalia.org\/fr\/wp-json\/wp\/v2\/product"}],"about":[{"href":"https:\/\/olemosaic.orbitalia.org\/fr\/wp-json\/wp\/v2\/types\/product"}],"wp:featuredmedia":[{"embeddable":true,"href":"https:\/\/olemosaic.orbitalia.org\/fr\/wp-json\/wp\/v2\/media\/9569"}],"wp:attachment":[{"href":"https:\/\/olemosaic.orbitalia.org\/fr\/wp-json\/wp\/v2\/media?parent=34564"}],"wp:term":[{"taxonomy":"product_brand","embeddable":true,"href":"https:\/\/olemosaic.orbitalia.org\/fr\/wp-json\/wp\/v2\/product_brand?post=34564"},{"taxonomy":"product_cat","embeddable":true,"href":"https:\/\/olemosaic.orbitalia.org\/fr\/wp-json\/wp\/v2\/product_cat?post=34564"},{"taxonomy":"product_tag","embeddable":true,"href":"https:\/\/olemosaic.orbitalia.org\/fr\/wp-json\/wp\/v2\/product_tag?post=34564"}],"curies":[{"name":"wp","href":"https:\/\/api.w.org\/{rel}","templated":true}]}}