{"id":34563,"date":"2025-02-20T23:36:21","date_gmt":"2025-02-20T22:36:21","guid":{"rendered":"https:\/\/olemosaic.orbitalia.org\/producto\/iman-de-resina-panoramica-barcelona-6\/"},"modified":"2025-07-25T19:48:19","modified_gmt":"2025-07-25T17:48:19","slug":"aimant-resine-panoramique-barcelone-6","status":"publish","type":"product","link":"https:\/\/olemosaic.orbitalia.org\/fr\/produit\/aimant-resine-panoramique-barcelone-6\/","title":{"rendered":"Aimant en r\u00e9sine. Panoramique. Monument \u00e0 Colomb, Parc G\u00fcell et Casa Batll\u00f3. Barcelone."},"content":{"rendered":"<p>Aimant en r\u00e9sine avec une vue panoramique vibrante de Barcelone. Cet aimant attrayant pr\u00e9sente une interpr\u00e9tation artistique qui capture l&rsquo;essence de la ville embl\u00e9matique \u00e0 travers un design de mosa\u00efque color\u00e9 et d\u00e9taill\u00e9. Avec des \u00e9l\u00e9ments embl\u00e9matiques tels que la colonne de Colomb, le c\u00e9l\u00e8bre Park G\u00fcell et l&rsquo;architecturale Casa Batll\u00f3, ce souvenir est un hommage \u00e0 la riche culture et au style architectural de Barcelone. L&rsquo;utilisation de la r\u00e9sine garantit la durabilit\u00e9, et ses finitions brillantes rehaussent chaque couleur, faisant vivre la sc\u00e8ne lorsqu&rsquo;elle est fix\u00e9e sur n&rsquo;importe quelle surface m\u00e9tallique.<\/p>\n<p>Le mot \u00ab\u00a0Barcelone\u00a0\u00bb ressort en haut, ajoutant une touche distinctive et facilement reconnaissable. Cet aimant n&rsquo;est pas seulement un souvenir visuellement attrayant, mais il agit \u00e9galement comme un rappel quotidien des souvenirs et des exp\u00e9riences v\u00e9cus dans cette m\u00e9tropole fascinante. Parfait pour les touristes \u00e0 la recherche d&rsquo;un souvenir authentique et repr\u00e9sentatif, cet aimant encapsule l&rsquo;atmosph\u00e8re vibrante de Barcelone.<\/p>\n<p>Chez Ol\u00e9 Mosaic, nous distribuons des souvenirs de haute qualit\u00e9 en gros, en promouvant des produits qui mettent en valeur le riche patrimoine culturel de l&rsquo;Espagne. Cet aimant est une excellente option pour les boutiques de cadeaux touristiques qui souhaitent offrir \u00e0 leurs clients un charmant souvenir de Barcelone, en faisant un art accessible que tout le monde voudra emporter chez soi.<\/p>\n","protected":false},"excerpt":{"rendered":"<p>Aimant avec une vue panoramique vibrante de Barcelone, capturant l&rsquo;essence de la ville \u00e0 travers un design artistique. L&rsquo;aimant pr\u00e9sente des \u00e9l\u00e9ments embl\u00e9matiques tels que la colonne de Colomb, le color\u00e9 Parc G\u00fcell et la Casa Batll\u00f3, tous repr\u00e9sent\u00e9s dans un style mosa\u00efque plein de couleurs. Le texte \u00ab\u00a0Barcelone\u00a0\u00bb ressort sur la pi\u00e8ce, en faisant un souvenir visuel parfait et attrayant pour les amoureux de cette ville embl\u00e9matique.<\/p>\n","protected":false},"featured_media":9343,"template":"","meta":{"_acf_changed":false},"product_brand":[],"product_cat":[697],"product_tag":[],"class_list":{"0":"post-34563","1":"product","2":"type-product","3":"status-publish","4":"has-post-thumbnail","6":"product_cat-aimants","7":"pa_ciudad-barcelona","8":"pa_motivo-panoramas","9":"pa_pais-espana","11":"first","12":"instock","13":"shipping-taxable","14":"product-type-simple"},"acf":[],"_links":{"self":[{"href":"https:\/\/olemosaic.orbitalia.org\/fr\/wp-json\/wp\/v2\/product\/34563","targetHints":{"allow":["GET"]}}],"collection":[{"href":"https:\/\/olemosaic.orbitalia.org\/fr\/wp-json\/wp\/v2\/product"}],"about":[{"href":"https:\/\/olemosaic.orbitalia.org\/fr\/wp-json\/wp\/v2\/types\/product"}],"wp:featuredmedia":[{"embeddable":true,"href":"https:\/\/olemosaic.orbitalia.org\/fr\/wp-json\/wp\/v2\/media\/9343"}],"wp:attachment":[{"href":"https:\/\/olemosaic.orbitalia.org\/fr\/wp-json\/wp\/v2\/media?parent=34563"}],"wp:term":[{"taxonomy":"product_brand","embeddable":true,"href":"https:\/\/olemosaic.orbitalia.org\/fr\/wp-json\/wp\/v2\/product_brand?post=34563"},{"taxonomy":"product_cat","embeddable":true,"href":"https:\/\/olemosaic.orbitalia.org\/fr\/wp-json\/wp\/v2\/product_cat?post=34563"},{"taxonomy":"product_tag","embeddable":true,"href":"https:\/\/olemosaic.orbitalia.org\/fr\/wp-json\/wp\/v2\/product_tag?post=34563"}],"curies":[{"name":"wp","href":"https:\/\/api.w.org\/{rel}","templated":true}]}}