{"id":34562,"date":"2025-02-20T23:36:20","date_gmt":"2025-02-20T22:36:20","guid":{"rendered":"https:\/\/olemosaic.orbitalia.org\/producto\/iman-de-resina-salamandra-12-cm-4\/"},"modified":"2025-07-25T18:51:50","modified_gmt":"2025-07-25T16:51:50","slug":"aimant-resine-salamandre-12-cm-4","status":"publish","type":"product","link":"https:\/\/olemosaic.orbitalia.org\/fr\/produit\/aimant-resine-salamandre-12-cm-4\/","title":{"rendered":"Aimant en r\u00e9sine. Salamandre. Gaud\u00ed. 12 cm."},"content":{"rendered":"<p>Aimant en r\u00e9sine en forme de salamandre, au design vibrant \u00e9voquant la richesse de l&rsquo;art de Gaud\u00ed et de la culture espagnole. Avec des dimensions de 12 cm, cet aimant se distingue par sa mosa\u00efque color\u00e9e, pr\u00e9sent\u00e9e dans une palette de couleurs intenses comprenant le rouge, le vert, le bleu et le jaune, cr\u00e9ant un effet visuel surprenant. La d\u00e9coration de la salamandre capture non seulement l&rsquo;essence de la faune m\u00e9diterran\u00e9enne, mais aussi la tradition de la mosa\u00efque catalane, technique que Gaud\u00ed a popularis\u00e9e dans ses \u0153uvres architecturales embl\u00e9matiques, comme le Parc G\u00fcell.<\/p>\n<p>Cet aimant n&rsquo;est pas seulement un accessoire fonctionnel, mais aussi une pi\u00e8ce artistique qui ajoute une touche frappante \u00e0 toute surface m\u00e9tallique, que ce soit sur le r\u00e9frig\u00e9rateur ou dans un bureau. La salamandre, symbole de transformation et de cr\u00e9ativit\u00e9, est un souvenir parfait des moments sp\u00e9ciaux v\u00e9cus en Espagne, ce qui en fait un souvenir id\u00e9al pour les touristes \u00e0 la recherche d&rsquo;authenticit\u00e9 et de beaut\u00e9 dans leurs souvenirs.<\/p>\n<p>Chez Ol\u00e9 Mosaic, nous sommes sp\u00e9cialistes de la distribution de souvenirs en gros et cet aimant de salamandre est une excellente option pour les boutiques de cadeaux touristiques souhaitant offrir \u00e0 leurs clients un produit repr\u00e9sentatif de la richesse culturelle de l&rsquo;Espagne. Avec son design unique et sa connexion culturelle pertinente, cet aimant se positionne comme un souvenir attrayant et authentique qui saura capter l&rsquo;attention de ceux qui recherchent un morceau de la culture espagnole.<\/p>\n","protected":false},"excerpt":{"rendered":"<p>Aimant en forme de salamandre, qui se distingue par sa mosa\u00efque color\u00e9e. Avec des dimensions de 12 cm, cet aimant pr\u00e9sente un design vibrant qui capture l&rsquo;essence de la culture espagnole, \u00e9voquant la richesse de l&rsquo;art de Gaud\u00ed. La salamandre est d\u00e9cor\u00e9e de motifs aux couleurs intenses, comme le rouge, le vert et le bleu, et apportera une touche frappante \u00e0 toute surface m\u00e9tallique. Id\u00e9al pour se souvenir des moments sp\u00e9ciaux de votre visite en Espagne.<\/p>\n","protected":false},"featured_media":9259,"template":"","meta":{"_acf_changed":false},"product_brand":[],"product_cat":[697],"product_tag":[530],"class_list":{"0":"post-34562","1":"product","2":"type-product","3":"status-publish","4":"has-post-thumbnail","6":"product_cat-aimants","7":"product_tag-animaux","8":"pa_motivo-salamandres","10":"first","11":"instock","12":"shipping-taxable","13":"product-type-simple"},"acf":[],"_links":{"self":[{"href":"https:\/\/olemosaic.orbitalia.org\/fr\/wp-json\/wp\/v2\/product\/34562","targetHints":{"allow":["GET"]}}],"collection":[{"href":"https:\/\/olemosaic.orbitalia.org\/fr\/wp-json\/wp\/v2\/product"}],"about":[{"href":"https:\/\/olemosaic.orbitalia.org\/fr\/wp-json\/wp\/v2\/types\/product"}],"wp:featuredmedia":[{"embeddable":true,"href":"https:\/\/olemosaic.orbitalia.org\/fr\/wp-json\/wp\/v2\/media\/9259"}],"wp:attachment":[{"href":"https:\/\/olemosaic.orbitalia.org\/fr\/wp-json\/wp\/v2\/media?parent=34562"}],"wp:term":[{"taxonomy":"product_brand","embeddable":true,"href":"https:\/\/olemosaic.orbitalia.org\/fr\/wp-json\/wp\/v2\/product_brand?post=34562"},{"taxonomy":"product_cat","embeddable":true,"href":"https:\/\/olemosaic.orbitalia.org\/fr\/wp-json\/wp\/v2\/product_cat?post=34562"},{"taxonomy":"product_tag","embeddable":true,"href":"https:\/\/olemosaic.orbitalia.org\/fr\/wp-json\/wp\/v2\/product_tag?post=34562"}],"curies":[{"name":"wp","href":"https:\/\/api.w.org\/{rel}","templated":true}]}}