{"id":34561,"date":"2025-02-20T23:36:20","date_gmt":"2025-02-20T22:36:20","guid":{"rendered":"https:\/\/olemosaic.orbitalia.org\/producto\/iman-de-resina-salamandra-12-cm-3\/"},"modified":"2025-07-25T19:17:49","modified_gmt":"2025-07-25T17:17:49","slug":"aimant-resine-salamandre-12-cm-3","status":"publish","type":"product","link":"https:\/\/olemosaic.orbitalia.org\/fr\/produit\/aimant-resine-salamandre-12-cm-3\/","title":{"rendered":"Aimant en r\u00e9sine. Salamandre. Mosa\u00efque. 12 cm."},"content":{"rendered":"<p>Aimant en r\u00e9sine en forme de salamandre, inspir\u00e9 par l&rsquo;art vibrant de la mosa\u00efque espagnole. Ce souvenir attrayant de 12 cm se distingue par son design m\u00e9ticuleux et sa riche palette de couleurs vives, avec du rouge, du noir, du violet et des touches d&rsquo;orange, cr\u00e9ant un effet visuel qui capture l&rsquo;essence du folklore espagnol. La salamandre, symbole de transformation et de renaissance dans diverses cultures, est fid\u00e8lement repr\u00e9sent\u00e9e dans cet aimant, o\u00f9 les d\u00e9tails sont accentu\u00e9s par une finition simulant les reliefs naturels de l&rsquo;animal, en faisant un produit authentique et attrayant.<\/p>\n<p>Cet aimant n&rsquo;est pas seulement un souvenir d&rsquo;un voyage en Espagne, mais aussi une pi\u00e8ce d&rsquo;art qui met en valeur la tradition des mosa\u00efques dans la d\u00e9coration espagnole. Les salamandres, pr\u00e9sentes dans de nombreuses \u0153uvres artistiques et architecturales, sont traditionnelles dans diverses r\u00e9gions du pays, ce qui fait de ce souvenir une expression authentique du patrimoine culturel espagnol. Que ce soit pour d\u00e9corer un r\u00e9frig\u00e9rateur ou pour faire partie d&rsquo;une collection de souvenirs, cet aimant est une excellente option pour les touristes \u00e0 la recherche de pi\u00e8ces uniques et significatives.<\/p>\n<p>Chez Ol\u00e9 Mosaic, nous nous sp\u00e9cialisons dans la distribution de souvenirs en gros, et cet aimant de salamandre est un excellent choix pour les boutiques de cadeaux touristiques cherchant \u00e0 offrir des produits authentiques et de qualit\u00e9. Avec nos souvenirs en r\u00e9sine, nous garantissons une touche d&rsquo;artisanat espagnol dans chaque pi\u00e8ce.<\/p>\n","protected":false},"excerpt":{"rendered":"<p>Aimant en forme de salamandre, con\u00e7u comme une mosa\u00efque vibrante \u00e9voquant la tradition artistique espagnole. Il mesure 12 cm et pr\u00e9sente une combinaison attrayante de couleurs vives, telles que le rouge, le noir, le violet et des touches d&rsquo;orange. Cet aimant se distingue par sa finition d\u00e9taill\u00e9e, qui simule les reliefs d&rsquo;une salamandre, en faisant le souvenir parfait pour capturer l&rsquo;essence du folklore espagnol.<\/p>\n","protected":false},"featured_media":9260,"template":"","meta":{"_acf_changed":false},"product_brand":[],"product_cat":[697],"product_tag":[530],"class_list":{"0":"post-34561","1":"product","2":"type-product","3":"status-publish","4":"has-post-thumbnail","6":"product_cat-aimants","7":"product_tag-animaux","8":"pa_motivo-salamandres","10":"first","11":"instock","12":"shipping-taxable","13":"product-type-simple"},"acf":[],"_links":{"self":[{"href":"https:\/\/olemosaic.orbitalia.org\/fr\/wp-json\/wp\/v2\/product\/34561","targetHints":{"allow":["GET"]}}],"collection":[{"href":"https:\/\/olemosaic.orbitalia.org\/fr\/wp-json\/wp\/v2\/product"}],"about":[{"href":"https:\/\/olemosaic.orbitalia.org\/fr\/wp-json\/wp\/v2\/types\/product"}],"wp:featuredmedia":[{"embeddable":true,"href":"https:\/\/olemosaic.orbitalia.org\/fr\/wp-json\/wp\/v2\/media\/9260"}],"wp:attachment":[{"href":"https:\/\/olemosaic.orbitalia.org\/fr\/wp-json\/wp\/v2\/media?parent=34561"}],"wp:term":[{"taxonomy":"product_brand","embeddable":true,"href":"https:\/\/olemosaic.orbitalia.org\/fr\/wp-json\/wp\/v2\/product_brand?post=34561"},{"taxonomy":"product_cat","embeddable":true,"href":"https:\/\/olemosaic.orbitalia.org\/fr\/wp-json\/wp\/v2\/product_cat?post=34561"},{"taxonomy":"product_tag","embeddable":true,"href":"https:\/\/olemosaic.orbitalia.org\/fr\/wp-json\/wp\/v2\/product_tag?post=34561"}],"curies":[{"name":"wp","href":"https:\/\/api.w.org\/{rel}","templated":true}]}}