{"id":34552,"date":"2025-02-20T23:36:20","date_gmt":"2025-02-20T22:36:20","guid":{"rendered":"https:\/\/olemosaic.orbitalia.org\/producto\/iman-de-resina-letrero-barcelona-2\/"},"modified":"2025-07-25T20:28:09","modified_gmt":"2025-07-25T18:28:09","slug":"aimant-resine-enseigne-barcelone-2","status":"publish","type":"product","link":"https:\/\/olemosaic.orbitalia.org\/fr\/produit\/aimant-resine-enseigne-barcelone-2\/","title":{"rendered":"Aimant en r\u00e9sine. Enseigne. Mosa\u00efque. Barcelone."},"content":{"rendered":"<p>Aimant en r\u00e9sine avec une enseigne color\u00e9e \u00ab\u00a0Barcelona\u00a0\u00bb<\/p>\n<p>Cet aimant en r\u00e9sine vibrant est un souvenir charmant qui met en avant le mot \u00ab\u00a0Barcelona\u00a0\u00bb, capturant l&rsquo;essence dynamique et color\u00e9e de cette ville catalane embl\u00e9matique. Son design moderne et attrayant se caract\u00e9rise par des lettres dans une vari\u00e9t\u00e9 de couleurs vives, soigneusement \u00e9labor\u00e9es pour \u00e9voquer la singularit\u00e9 de l&rsquo;architecture barcelonaise, en particulier le chef-d&rsquo;\u0153uvre d&rsquo;Antoni Gaud\u00ed. Le fond bleu, rappelant le c\u00e9l\u00e8bre trencad\u00eds, \u00e9voque l&rsquo;esth\u00e9tique des mosa\u00efques qui ornent des lieux embl\u00e9matiques tels que le Park G\u00fcell et la Casa Batll\u00f3.<\/p>\n<p>Cet aimant n&rsquo;est pas un simple accessoire ; c&rsquo;est une petite \u0153uvre d&rsquo;art qui rend hommage \u00e0 l&rsquo;identit\u00e9 culturelle de Barcelone. Id\u00e9al pour orner n&rsquo;importe quel r\u00e9frig\u00e9rateur ou surface m\u00e9tallique, ce souvenir attrayant et contemporain devient un \u00e9l\u00e9ment d\u00e9coratif qui apporte une touche de la vie urbaine vibrante de la ville dans votre maison. Parfait pour ceux qui recherchent un souvenir authentique et repr\u00e9sentatif de leur visite, cet aimant de Barcelone est le choix id\u00e9al pour les touristes et les amoureux de la culture espagnole.<\/p>\n<p>Chez Ol\u00e9 Mosaic, nous proposons ce type de souvenirs de Barcelone en gros, garantissant leur authenticit\u00e9 et leur qualit\u00e9. Cet aimant, ainsi que d&rsquo;autres produits repr\u00e9sentatifs, est un excellent choix pour les boutiques de cadeaux touristiques souhaitant offrir \u00e0 leurs clients des souvenirs significatifs et color\u00e9s de l&rsquo;une des villes les plus fascinantes d&rsquo;Europe.<\/p>\n","protected":false},"excerpt":{"rendered":"<p>Aimant avec une enseigne color\u00e9e mettant en avant le mot \u00ab\u00a0Barcelona\u00a0\u00bb. Ce souvenir attrayant pr\u00e9sente un design vibrant et moderne, avec des lettres de diff\u00e9rentes couleurs \u00e9voquant l&rsquo;architecture embl\u00e9matique de la ville. Le fond bleu, avec un style similaire au trencad\u00eds caract\u00e9ristique de l&rsquo;\u0153uvre de Gaud\u00ed, compl\u00e8te le design, faisant de cet aimant un souvenir parfait de la culture et de l&rsquo;art barcelonais. Id\u00e9al pour d\u00e9corer n&rsquo;importe quel r\u00e9frig\u00e9rateur ou surface m\u00e9tallique.<\/p>\n","protected":false},"featured_media":9290,"template":"","meta":{"_acf_changed":false},"product_brand":[],"product_cat":[697],"product_tag":[],"class_list":{"0":"post-34552","1":"product","2":"type-product","3":"status-publish","4":"has-post-thumbnail","6":"product_cat-aimants","7":"pa_ciudad-barcelona","8":"pa_motivo-panneaux-villes","9":"pa_pais-espana","11":"first","12":"instock","13":"shipping-taxable","14":"product-type-simple"},"acf":[],"_links":{"self":[{"href":"https:\/\/olemosaic.orbitalia.org\/fr\/wp-json\/wp\/v2\/product\/34552","targetHints":{"allow":["GET"]}}],"collection":[{"href":"https:\/\/olemosaic.orbitalia.org\/fr\/wp-json\/wp\/v2\/product"}],"about":[{"href":"https:\/\/olemosaic.orbitalia.org\/fr\/wp-json\/wp\/v2\/types\/product"}],"wp:featuredmedia":[{"embeddable":true,"href":"https:\/\/olemosaic.orbitalia.org\/fr\/wp-json\/wp\/v2\/media\/9290"}],"wp:attachment":[{"href":"https:\/\/olemosaic.orbitalia.org\/fr\/wp-json\/wp\/v2\/media?parent=34552"}],"wp:term":[{"taxonomy":"product_brand","embeddable":true,"href":"https:\/\/olemosaic.orbitalia.org\/fr\/wp-json\/wp\/v2\/product_brand?post=34552"},{"taxonomy":"product_cat","embeddable":true,"href":"https:\/\/olemosaic.orbitalia.org\/fr\/wp-json\/wp\/v2\/product_cat?post=34552"},{"taxonomy":"product_tag","embeddable":true,"href":"https:\/\/olemosaic.orbitalia.org\/fr\/wp-json\/wp\/v2\/product_tag?post=34552"}],"curies":[{"name":"wp","href":"https:\/\/api.w.org\/{rel}","templated":true}]}}