{"id":34550,"date":"2025-02-20T23:36:19","date_gmt":"2025-02-20T22:36:19","guid":{"rendered":"https:\/\/olemosaic.orbitalia.org\/producto\/iman-de-resina-toros-2\/"},"modified":"2025-07-25T18:56:57","modified_gmt":"2025-07-25T16:56:57","slug":"aimant-resine-taureaux-espagne-2","status":"publish","type":"product","link":"https:\/\/olemosaic.orbitalia.org\/fr\/produit\/aimant-resine-taureaux-espagne-2\/","title":{"rendered":"Aimant en r\u00e9sine. Taureaux. Espagne."},"content":{"rendered":"<p>Aimant en r\u00e9sine color\u00e9 repr\u00e9sentant un taureau, symbole embl\u00e9matique de l&rsquo;Espagne. Cet aimant vibrant capture l&rsquo;essence de la culture espagnole \u00e0 travers un design de style mosa\u00efque m\u00e9langeant des tons rouges, verts, bleus et jaunes, \u00e9voquant la joie et les couleurs du folklore du pays. Le taureau, ic\u00f4ne de force et de tradition, se dresse devant un paysage rempli de fleurs rouges et un soleil radieux, cr\u00e9ant une sc\u00e8ne \u00e9vocatrice qui c\u00e9l\u00e8bre l&rsquo;h\u00e9ritage culturel de l&rsquo;Espagne. La repr\u00e9sentation artistique souligne non seulement la majest\u00e9 du taureau, mais aussi la richesse des couleurs, qui rappellent la chaleur du climat espagnol et l&rsquo;exub\u00e9rance de ses festivit\u00e9s.<\/p>\n<p>Cet aimant n&rsquo;est pas seulement un objet d\u00e9coratif id\u00e9al pour orner votre r\u00e9frig\u00e9rateur, mais aussi un souvenir authentique de vos voyages en Espagne, parfait pour ceux qui recherchent des souvenirs encapsulant la v\u00e9ritable essence de la p\u00e9ninsule. Dans chaque d\u00e9tail du design, de la repr\u00e9sentation m\u00e9ticuleuse du taureau \u00e0 l&rsquo;all\u00e9gorie du soleil et des fleurs, se refl\u00e8tent la passion et l&rsquo;identit\u00e9 du peuple espagnol. Chez Ol\u00e9 Mosaic, nous sommes experts dans la distribution de souvenirs en gros, et cet aimant de taureau est une magnifique option pour les boutiques de cadeaux touristiques, offrant \u00e0 vos clients un morceau de culture espagnole qu&rsquo;ils pourront emporter chez eux comme un pr\u00e9cieux souvenir.<\/p>\n","protected":false},"excerpt":{"rendered":"<p>Aimant color\u00e9 repr\u00e9sentant un taureau, symbole embl\u00e9matique de l&rsquo;Espagne. Ce souvenir attrayant pr\u00e9sente un design vibrant de style mosa\u00efque, avec des tons rouges, verts, bleus et jaunes \u00e9voquant la joie du folklore espagnol. Entour\u00e9 d&rsquo;un paysage de fleurs rouges et d&rsquo;un soleil radieux, cet aimant capture l&rsquo;essence de la culture espagnole et est parfait pour d\u00e9corer votre r\u00e9frig\u00e9rateur ou pour vous souvenir de vos voyages en Espagne.<\/p>\n","protected":false},"featured_media":9572,"template":"","meta":{"_acf_changed":false},"product_brand":[],"product_cat":[697],"product_tag":[530],"class_list":{"0":"post-34550","1":"product","2":"type-product","3":"status-publish","4":"has-post-thumbnail","6":"product_cat-aimants","7":"product_tag-animaux","8":"pa_motivo-taureaux","10":"first","11":"instock","12":"shipping-taxable","13":"product-type-simple"},"acf":[],"_links":{"self":[{"href":"https:\/\/olemosaic.orbitalia.org\/fr\/wp-json\/wp\/v2\/product\/34550","targetHints":{"allow":["GET"]}}],"collection":[{"href":"https:\/\/olemosaic.orbitalia.org\/fr\/wp-json\/wp\/v2\/product"}],"about":[{"href":"https:\/\/olemosaic.orbitalia.org\/fr\/wp-json\/wp\/v2\/types\/product"}],"wp:featuredmedia":[{"embeddable":true,"href":"https:\/\/olemosaic.orbitalia.org\/fr\/wp-json\/wp\/v2\/media\/9572"}],"wp:attachment":[{"href":"https:\/\/olemosaic.orbitalia.org\/fr\/wp-json\/wp\/v2\/media?parent=34550"}],"wp:term":[{"taxonomy":"product_brand","embeddable":true,"href":"https:\/\/olemosaic.orbitalia.org\/fr\/wp-json\/wp\/v2\/product_brand?post=34550"},{"taxonomy":"product_cat","embeddable":true,"href":"https:\/\/olemosaic.orbitalia.org\/fr\/wp-json\/wp\/v2\/product_cat?post=34550"},{"taxonomy":"product_tag","embeddable":true,"href":"https:\/\/olemosaic.orbitalia.org\/fr\/wp-json\/wp\/v2\/product_tag?post=34550"}],"curies":[{"name":"wp","href":"https:\/\/api.w.org\/{rel}","templated":true}]}}