{"id":34532,"date":"2025-02-20T23:36:19","date_gmt":"2025-02-20T22:36:19","guid":{"rendered":"https:\/\/olemosaic.orbitalia.org\/producto\/iman-de-resina-letrero-barcelona-11-cm\/"},"modified":"2025-07-25T20:15:28","modified_gmt":"2025-07-25T18:15:28","slug":"aimant-resine-enseigne-barcelone-11-cm","status":"publish","type":"product","link":"https:\/\/olemosaic.orbitalia.org\/fr\/produit\/aimant-resine-enseigne-barcelone-11-cm\/","title":{"rendered":"Aimant en r\u00e9sine. Enseigne. Barcelone. 11 cm."},"content":{"rendered":"<p>Aimant en r\u00e9sine \u00ab\u00a0Barcelona\u00a0\u00bb<\/p>\n<p>Cet aimant en r\u00e9sine vibrant, en forme d&rsquo;enseigne, est une repr\u00e9sentation parfaite de l&rsquo;essence de Barcelone, captur\u00e9e dans un design unique. Avec le mot \u00ab\u00a0Barcelona\u00a0\u00bb se d\u00e9tachant en lettres color\u00e9es sur un fond bleu profond, cet aimant mesure 11 cm, ce qui le rend id\u00e9al pour orner toute surface m\u00e9tallique, des r\u00e9frig\u00e9rateurs aux tableaux blancs. Le design est inspir\u00e9 des mosa\u00efques caract\u00e9ristiques de la ville, \u00e9voquant l&rsquo;\u0153uvre du c\u00e9l\u00e8bre architecte Antoni Gaud\u00ed et r\u00e9sonnant avec le riche h\u00e9ritage artistique de la r\u00e9gion.<\/p>\n<p>Chaque lettre est d\u00e9cor\u00e9e d&rsquo;une palette de couleurs \u00e9clatantes qui transmettent la joie et l&rsquo;\u00e9nergie que Barcelone irradie, tandis que la base bleue sugg\u00e8re le ciel m\u00e9diterran\u00e9en qui embrasse la ville. La technique de la r\u00e9sine utilis\u00e9e pour sa fabrication garantit non seulement une finition attrayante, mais aussi une durabilit\u00e9 qui en fait un souvenir pratique de toute visite dans cette m\u00e9tropole embl\u00e9matique.<\/p>\n<p>Cet aimant n&rsquo;est pas seulement un souvenir, mais une pi\u00e8ce authentique qui connecte les touristes \u00e0 l&rsquo;esprit culturel de la Catalogne. Id\u00e9al pour ceux qui recherchent un d\u00e9tail significatif repr\u00e9sentant leur s\u00e9jour \u00e0 Barcelone, cet aimant en r\u00e9sine est une excellente option pour les boutiques de cadeaux touristiques. Chez Ol\u00e9 Mosaic, notre engagement est de fournir des souvenirs de qualit\u00e9 qui refl\u00e8tent la beaut\u00e9 et la singularit\u00e9 de l&rsquo;Espagne, et cet aimant en est une illustration parfaite, se distinguant comme un souvenir attrayant de la vibrante Barcelone.<\/p>\n","protected":false},"excerpt":{"rendered":"<p>Aimant en forme d&rsquo;enseigne reproduisant le mot \u00ab\u00a0Barcelona\u00a0\u00bb en lettres color\u00e9es sur un fond bleu. Inspir\u00e9 des mosa\u00efques de la ville, cet aimant de 11 cm est parfait pour d\u00e9corer votre maison ou comme souvenir d&rsquo;une visite dans la vibrante Barcelone. Ses couleurs \u00e9clatantes et sa technique lui conf\u00e8rent une finition attrayante et durable, id\u00e9ale pour montrer l&rsquo;essence de la culture catalane.<\/p>\n","protected":false},"featured_media":9323,"template":"","meta":{"_acf_changed":false},"product_brand":[],"product_cat":[697],"product_tag":[],"class_list":{"0":"post-34532","1":"product","2":"type-product","3":"status-publish","4":"has-post-thumbnail","6":"product_cat-aimants","7":"pa_ciudad-barcelona","8":"pa_motivo-panneaux-villes","9":"pa_pais-espana","11":"first","12":"instock","13":"shipping-taxable","14":"product-type-simple"},"acf":[],"_links":{"self":[{"href":"https:\/\/olemosaic.orbitalia.org\/fr\/wp-json\/wp\/v2\/product\/34532","targetHints":{"allow":["GET"]}}],"collection":[{"href":"https:\/\/olemosaic.orbitalia.org\/fr\/wp-json\/wp\/v2\/product"}],"about":[{"href":"https:\/\/olemosaic.orbitalia.org\/fr\/wp-json\/wp\/v2\/types\/product"}],"wp:featuredmedia":[{"embeddable":true,"href":"https:\/\/olemosaic.orbitalia.org\/fr\/wp-json\/wp\/v2\/media\/9323"}],"wp:attachment":[{"href":"https:\/\/olemosaic.orbitalia.org\/fr\/wp-json\/wp\/v2\/media?parent=34532"}],"wp:term":[{"taxonomy":"product_brand","embeddable":true,"href":"https:\/\/olemosaic.orbitalia.org\/fr\/wp-json\/wp\/v2\/product_brand?post=34532"},{"taxonomy":"product_cat","embeddable":true,"href":"https:\/\/olemosaic.orbitalia.org\/fr\/wp-json\/wp\/v2\/product_cat?post=34532"},{"taxonomy":"product_tag","embeddable":true,"href":"https:\/\/olemosaic.orbitalia.org\/fr\/wp-json\/wp\/v2\/product_tag?post=34532"}],"curies":[{"name":"wp","href":"https:\/\/api.w.org\/{rel}","templated":true}]}}