{"id":34530,"date":"2025-02-20T22:36:19","date_gmt":"2025-02-20T22:36:19","guid":{"rendered":"https:\/\/olemosaic.orbitalia.org\/producto\/iman-de-pvc-salamandra-fucsia\/"},"modified":"2025-07-25T18:41:44","modified_gmt":"2025-07-25T16:41:44","slug":"aimant-pvc-salamandre-fuchsia","status":"publish","type":"product","link":"https:\/\/olemosaic.orbitalia.org\/fr\/produit\/aimant-pvc-salamandre-fuchsia\/","title":{"rendered":"Aimant en PVC. Salamandre. Fuchsia."},"content":{"rendered":"<p>Aimant en PVC en forme de salamandre. Cet aimant fascinant capture l&rsquo;essence de la M\u00e9diterran\u00e9e avec un design g\u00e9om\u00e9trique vibrant qui met en valeur la faune caract\u00e9ristique de la r\u00e9gion. D\u00e9cor\u00e9e de couleurs fuchsia, rouge et de d\u00e9tails bleus, la salamandre est une repr\u00e9sentation artistique qui fusionne modernit\u00e9 et tradition. Sa finition brillante, en plus d&rsquo;apporter une touche distinctive, en fait un \u00e9l\u00e9ment d\u00e9coratif attrayant pour toute surface m\u00e9tallique. Les formes stylis\u00e9es et les contrastes de couleurs \u00e9voquent la chaleur du climat espagnol et le coloris de sa biodiversit\u00e9, transformant cet aimant en un authentique souvenir qui transporte un morceau du charmant paysage m\u00e9diterran\u00e9en. En plus d&rsquo;\u00eatre une option id\u00e9ale pour se rem\u00e9morer la beaut\u00e9 des r\u00e9gions chaudes, cet aimant est un excellent cadeau pour ceux qui souhaitent ramener chez eux un souvenir authentique de leur visite en Espagne. Chez Ol\u00e9 Mosaic, nous nous sp\u00e9cialisons dans la distribution de souvenirs en gros, offrant des aimants qui ne sont pas seulement fonctionnels, mais qui capturent \u00e9galement la riche culture et le patrimoine espagnol. Cet aimant salamandre est un excellent choix pour les boutiques de cadeaux touristiques \u00e0 la recherche de produits uniques et de qualit\u00e9.<\/p>\n","protected":false},"excerpt":{"rendered":"<p>Aimant en PVC en forme de salamandre, d\u00e9cor\u00e9 de couleurs vibrantes fuchsia, rouge et de d\u00e9tails bleus. Cet aimant original pr\u00e9sente un design g\u00e9om\u00e9trique qui \u00e9voque la riche faune de la r\u00e9gion. Sa finition brillante et ses formes stylis\u00e9es en font un \u00e9l\u00e9ment d\u00e9coratif attrayant. Id\u00e9al pour se souvenir de la chaleur et des couleurs de l&rsquo;environnement m\u00e9diterran\u00e9en, cet aimant est un excellent cadeau ou souvenir pour apporter l&rsquo;essence de l&rsquo;Espagne dans n&rsquo;importe quel foyer.<\/p>\n","protected":false},"featured_media":7906,"template":"","meta":{"_acf_changed":false},"product_brand":[],"product_cat":[697],"product_tag":[530],"class_list":{"0":"post-34530","1":"product","2":"type-product","3":"status-publish","4":"has-post-thumbnail","6":"product_cat-aimants","7":"product_tag-animaux","8":"pa_motivo-salamandres","10":"first","11":"instock","12":"shipping-taxable","13":"product-type-simple"},"acf":[],"_links":{"self":[{"href":"https:\/\/olemosaic.orbitalia.org\/fr\/wp-json\/wp\/v2\/product\/34530","targetHints":{"allow":["GET"]}}],"collection":[{"href":"https:\/\/olemosaic.orbitalia.org\/fr\/wp-json\/wp\/v2\/product"}],"about":[{"href":"https:\/\/olemosaic.orbitalia.org\/fr\/wp-json\/wp\/v2\/types\/product"}],"wp:featuredmedia":[{"embeddable":true,"href":"https:\/\/olemosaic.orbitalia.org\/fr\/wp-json\/wp\/v2\/media\/7906"}],"wp:attachment":[{"href":"https:\/\/olemosaic.orbitalia.org\/fr\/wp-json\/wp\/v2\/media?parent=34530"}],"wp:term":[{"taxonomy":"product_brand","embeddable":true,"href":"https:\/\/olemosaic.orbitalia.org\/fr\/wp-json\/wp\/v2\/product_brand?post=34530"},{"taxonomy":"product_cat","embeddable":true,"href":"https:\/\/olemosaic.orbitalia.org\/fr\/wp-json\/wp\/v2\/product_cat?post=34530"},{"taxonomy":"product_tag","embeddable":true,"href":"https:\/\/olemosaic.orbitalia.org\/fr\/wp-json\/wp\/v2\/product_tag?post=34530"}],"curies":[{"name":"wp","href":"https:\/\/api.w.org\/{rel}","templated":true}]}}