{"id":34523,"date":"2025-02-20T22:36:18","date_gmt":"2025-02-20T22:36:18","guid":{"rendered":"https:\/\/olemosaic.orbitalia.org\/producto\/iman-de-pvc-salamandra-tenerife\/"},"modified":"2025-07-25T18:59:25","modified_gmt":"2025-07-25T16:59:25","slug":"aimant-en-pvc-salamandre-tenerife","status":"publish","type":"product","link":"https:\/\/olemosaic.orbitalia.org\/fr\/produit\/aimant-en-pvc-salamandre-tenerife\/","title":{"rendered":"Aimant en PVC. Salamandre. Tenerife."},"content":{"rendered":"<p>Aimant en PVC en forme de salamandre de Tenerife. Cet aimant frappant rend hommage \u00e0 la diversit\u00e9 naturelle des \u00eeles Canaries, avec une illustration color\u00e9e au design de mosa\u00efque qui se distingue par des tons de bleu, vert, rouge et jaune. La salamandre, esp\u00e8ce embl\u00e9matique de l&rsquo;\u00e9cosyst\u00e8me de Tenerife, prend vie dans cette pi\u00e8ce d\u00e9corative, symbolisant la riche faune de la r\u00e9gion. Le mot \u00ab\u00a0Tenerife\u00a0\u00bb appara\u00eet imprim\u00e9 en lettres voyantes, ajoutant une touche joyeuse et significative qui capture l&rsquo;essence vibrante de la destination.<\/p>\n<p>Fabriqu\u00e9 en PVC, cet aimant est l\u00e9ger et r\u00e9sistant, id\u00e9al pour d\u00e9corer n&rsquo;importe quelle surface, des r\u00e9frig\u00e9rateurs aux tableaux blancs, et sert de rappel constant de la beaut\u00e9 naturelle de Tenerife. La finition du produit garantit la durabilit\u00e9, en faisant un excellent souvenir pour ceux qui souhaitent emporter un petit morceau de l&rsquo;\u00eele.<\/p>\n<p>Chez Ol\u00e9 Mosaic, nous nous sp\u00e9cialisons dans la distribution de souvenirs de haute qualit\u00e9, et cet aimant de salamandre est un choix parfait pour les boutiques de cadeaux touristiques cherchant \u00e0 proposer des produits authentiques et repr\u00e9sentatifs de la culture canarienne. Avec ce souvenir, les touristes peuvent emporter avec eux un morceau de Tenerife, se rem\u00e9morant leurs aventures sur l&rsquo;\u00eele et la biodiversit\u00e9 fascinante qui la caract\u00e9rise.<\/p>\n","protected":false},"excerpt":{"rendered":"<p>Aimant en PVC en forme de salamandre, inspir\u00e9 de la faune de Tenerife. Cet aimant vibrant pr\u00e9sente une illustration color\u00e9e avec un design de mosa\u00efque dans les tons bleu, vert, rouge et jaune, \u00e9voquant la riche biodiversit\u00e9 des \u00eeles Canaries. Le mot \u00ab\u00a0Tenerife\u00a0\u00bb est imprim\u00e9 en lettres frappantes, ajoutant une touche joyeuse. Sa finition r\u00e9sistante et l\u00e9g\u00e8re en fait un souvenir parfait pour d\u00e9corer n&rsquo;importe quel espace et se souvenir de la beaut\u00e9 de Tenerife.<\/p>\n","protected":false},"featured_media":12064,"template":"","meta":{"_acf_changed":false},"product_brand":[],"product_cat":[697],"product_tag":[530],"class_list":{"0":"post-34523","1":"product","2":"type-product","3":"status-publish","4":"has-post-thumbnail","6":"product_cat-aimants","7":"product_tag-animaux","8":"pa_ciudad-tenerife","9":"pa_motivo-salamandres","10":"pa_pais-espana","12":"first","13":"instock","14":"shipping-taxable","15":"product-type-simple"},"acf":[],"_links":{"self":[{"href":"https:\/\/olemosaic.orbitalia.org\/fr\/wp-json\/wp\/v2\/product\/34523","targetHints":{"allow":["GET"]}}],"collection":[{"href":"https:\/\/olemosaic.orbitalia.org\/fr\/wp-json\/wp\/v2\/product"}],"about":[{"href":"https:\/\/olemosaic.orbitalia.org\/fr\/wp-json\/wp\/v2\/types\/product"}],"wp:featuredmedia":[{"embeddable":true,"href":"https:\/\/olemosaic.orbitalia.org\/fr\/wp-json\/wp\/v2\/media\/12064"}],"wp:attachment":[{"href":"https:\/\/olemosaic.orbitalia.org\/fr\/wp-json\/wp\/v2\/media?parent=34523"}],"wp:term":[{"taxonomy":"product_brand","embeddable":true,"href":"https:\/\/olemosaic.orbitalia.org\/fr\/wp-json\/wp\/v2\/product_brand?post=34523"},{"taxonomy":"product_cat","embeddable":true,"href":"https:\/\/olemosaic.orbitalia.org\/fr\/wp-json\/wp\/v2\/product_cat?post=34523"},{"taxonomy":"product_tag","embeddable":true,"href":"https:\/\/olemosaic.orbitalia.org\/fr\/wp-json\/wp\/v2\/product_tag?post=34523"}],"curies":[{"name":"wp","href":"https:\/\/api.w.org\/{rel}","templated":true}]}}