{"id":34522,"date":"2025-02-20T22:36:18","date_gmt":"2025-02-20T22:36:18","guid":{"rendered":"https:\/\/olemosaic.orbitalia.org\/producto\/iman-de-pvc-salamandra-la-palma\/"},"modified":"2025-07-25T18:47:14","modified_gmt":"2025-07-25T16:47:14","slug":"aimant-en-pvc-salamandre-la-palma","status":"publish","type":"product","link":"https:\/\/olemosaic.orbitalia.org\/fr\/produit\/aimant-en-pvc-salamandre-la-palma\/","title":{"rendered":"Aimant en PVC. Salamandre. La Palma."},"content":{"rendered":"<p>Aimant en PVC en forme de salamandre de La Palma<\/p>\n<p>Cet aimant en PVC vibrant capture l&rsquo;essence de la faune de La Palma, une \u00eele connue pour sa riche biodiversit\u00e9 et ses paysages spectaculaires. Avec un design artistique qui se distingue par ses tons intenses de bleu, vert et jaune, cet aimant est une repr\u00e9sentation ludique de la salamandre, un habitant caract\u00e9ristique des \u00e9cosyst\u00e8mes canariens. Le mot \u00ab\u00a0LA PALMA\u00a0\u00bb est pr\u00e9sent\u00e9 de mani\u00e8re frappante, ajoutant une touche de couleur et de joie qui ressort sur n&rsquo;importe quelle surface m\u00e9tallique.<\/p>\n<p>Le d\u00e9tail de l&rsquo;illustration r\u00e9v\u00e8le une magnifique fusion de couleurs symbolisant la vitalit\u00e9 et la beaut\u00e9 naturelle de l&rsquo;\u00eele, en faisant un excellent souvenir pour ceux qui souhaitent emporter un souvenir significatif de leur visite. La salamandre, en plus d&rsquo;\u00eatre un symbole de la faune locale, poss\u00e8de une grande valeur culturelle dans les traditions de La Palma, o\u00f9 l&rsquo;on consid\u00e8re que ces reptiles portent bonheur.<\/p>\n<p>Id\u00e9al pour les touristes \u00e0 la recherche de souvenirs authentiques, cet aimant de salamandre d&rsquo;Ol\u00e9 Mosaic repr\u00e9sente non seulement un souvenir de La Palma, mais aussi une pi\u00e8ce qui refl\u00e8te l&rsquo;identit\u00e9 culturelle de la r\u00e9gion. En tant que grossistes en souvenirs, nous garantissons la qualit\u00e9 et la singularit\u00e9 de chaque produit, ce qui en fait une option parfaite pour les boutiques de cadeaux touristiques souhaitant proposer des articles repr\u00e9sentatifs et tr\u00e8s attractifs.<\/p>\n","protected":false},"excerpt":{"rendered":"<p>Aimant en PVC en forme de salamandre, repr\u00e9sentant la faune vibrante de La Palma. Cet aimant color\u00e9 se distingue par son design artistique dans les tons bleu, vert et jaune, symbolisant la riche biodiversit\u00e9 de l&rsquo;\u00eele. Avec le mot \u00ab\u00a0LA PALMA\u00a0\u00bb imprim\u00e9 de mani\u00e8re frappante, cet aimant est un souvenir id\u00e9al pour se souvenir de la beaut\u00e9 naturelle de la r\u00e9gion et ajoute une touche de joie \u00e0 toute surface m\u00e9tallique.<\/p>\n","protected":false},"featured_media":12072,"template":"","meta":{"_acf_changed":false},"product_brand":[],"product_cat":[697],"product_tag":[530],"class_list":{"0":"post-34522","1":"product","2":"type-product","3":"status-publish","4":"has-post-thumbnail","6":"product_cat-aimants","7":"product_tag-animaux","8":"pa_ciudad-la-palma","9":"pa_motivo-salamandres","10":"pa_pais-espana","12":"first","13":"instock","14":"shipping-taxable","15":"product-type-simple"},"acf":[],"_links":{"self":[{"href":"https:\/\/olemosaic.orbitalia.org\/fr\/wp-json\/wp\/v2\/product\/34522","targetHints":{"allow":["GET"]}}],"collection":[{"href":"https:\/\/olemosaic.orbitalia.org\/fr\/wp-json\/wp\/v2\/product"}],"about":[{"href":"https:\/\/olemosaic.orbitalia.org\/fr\/wp-json\/wp\/v2\/types\/product"}],"wp:featuredmedia":[{"embeddable":true,"href":"https:\/\/olemosaic.orbitalia.org\/fr\/wp-json\/wp\/v2\/media\/12072"}],"wp:attachment":[{"href":"https:\/\/olemosaic.orbitalia.org\/fr\/wp-json\/wp\/v2\/media?parent=34522"}],"wp:term":[{"taxonomy":"product_brand","embeddable":true,"href":"https:\/\/olemosaic.orbitalia.org\/fr\/wp-json\/wp\/v2\/product_brand?post=34522"},{"taxonomy":"product_cat","embeddable":true,"href":"https:\/\/olemosaic.orbitalia.org\/fr\/wp-json\/wp\/v2\/product_cat?post=34522"},{"taxonomy":"product_tag","embeddable":true,"href":"https:\/\/olemosaic.orbitalia.org\/fr\/wp-json\/wp\/v2\/product_tag?post=34522"}],"curies":[{"name":"wp","href":"https:\/\/api.w.org\/{rel}","templated":true}]}}