{"id":34520,"date":"2025-02-20T22:36:18","date_gmt":"2025-02-20T22:36:18","guid":{"rendered":"https:\/\/olemosaic.orbitalia.org\/producto\/iman-de-metal-toro-mallorca-plata-8-cm\/"},"modified":"2025-07-25T18:50:59","modified_gmt":"2025-07-25T16:50:59","slug":"aimant-en-metal-taureau-majorque-argent-8-cm","status":"publish","type":"product","link":"https:\/\/olemosaic.orbitalia.org\/fr\/produit\/aimant-en-metal-taureau-majorque-argent-8-cm\/","title":{"rendered":"Aimant en m\u00e9tal. Taureau. Majorque. Argent. 8 cm."},"content":{"rendered":"<p>Aimant en m\u00e9tal vibrant de taureaux de Majorque<\/p>\n<p>Cet aimant en m\u00e9tal repr\u00e9sente la riche tradition culturelle de Majorque \u00e0 travers un design captivant qui saisit l&rsquo;essence de l&rsquo;\u00eele. D&rsquo;une taille de 8 cm, cette pi\u00e8ce se distingue par sa technique de mosa\u00efque, utilisant des couleurs vives et \u00e9nergiques pour illustrer deux taureaux en mouvement. L&rsquo;un des taureaux, dans des tons chauds de rouge et d&rsquo;orange, symbolise la passion et la force de la culture locale, tandis que l&rsquo;autre, con\u00e7u avec des couleurs froides comme le vert et le bleu, offre un contraste visuel attrayant qui souligne l&rsquo;art.<\/p>\n<p>Le mot \u00ab\u00a0MALLORCA\u00a0\u00bb est \u00e9l\u00e9gamment imprim\u00e9 sur la partie sup\u00e9rieure, ajoutant une touche distinctive et personnelle \u00e0 ce souvenir, en faisant une excellente option pour ceux qui recherchent un souvenir authentique de l&rsquo;\u00eele. Le fond \u00e0 texture blanche offre un cadre int\u00e9ressant, donnant de la profondeur \u00e0 l&rsquo;\u0153uvre et faisant ressortir chacun des taureaux. Cet aimant n&rsquo;est pas seulement un accessoire d\u00e9coratif, mais un v\u00e9ritable symbole de la culture bal\u00e9are qui permet aux touristes de se souvenir de leur visite \u00e0 Majorque.<\/p>\n<p>Chez Ol\u00e9 Mosaic, nous nous sp\u00e9cialisons dans la distribution de souvenirs en gros, offrant des produits qui refl\u00e8tent la richesse culturelle et l&rsquo;authenticit\u00e9 de r\u00e9gions comme celle-ci. Cet aimant de taureaux est id\u00e9al pour les boutiques de cadeaux touristiques \u00e0 la recherche de pi\u00e8ces uniques et repr\u00e9sentatives de Majorque, garantissant que chaque client emporte un morceau de l&rsquo;\u00eele chez lui.<\/p>\n","protected":false},"excerpt":{"rendered":"<p>Aimant m\u00e9tallique avec un design vibrant de taureaux repr\u00e9sentant la tradition et la culture de Majorque. Cet aimant de 8 cm se distingue par sa technique de mosa\u00efque aux couleurs vives, o\u00f9 deux taureaux, l&rsquo;un aux tons chauds et l&rsquo;autre aux couleurs froides, paraissent \u00e9nergiques sur un fond de textures blanches. Le mot \u00ab\u00a0MALLORCA\u00a0\u00bb est \u00e9l\u00e9gamment imprim\u00e9 en haut, ajoutant une touche distinctive \u00e0 ce souvenir id\u00e9al pour se rem\u00e9morer l&rsquo;essence de l&rsquo;\u00eele.<\/p>\n","protected":false},"featured_media":9971,"template":"","meta":{"_acf_changed":false},"product_brand":[],"product_cat":[697],"product_tag":[530],"class_list":{"0":"post-34520","1":"product","2":"type-product","3":"status-publish","4":"has-post-thumbnail","6":"product_cat-aimants","7":"product_tag-animaux","8":"pa_ciudad-mallorca","9":"pa_motivo-taureaux","10":"pa_pais-espana","12":"first","13":"instock","14":"shipping-taxable","15":"product-type-simple"},"acf":[],"_links":{"self":[{"href":"https:\/\/olemosaic.orbitalia.org\/fr\/wp-json\/wp\/v2\/product\/34520","targetHints":{"allow":["GET"]}}],"collection":[{"href":"https:\/\/olemosaic.orbitalia.org\/fr\/wp-json\/wp\/v2\/product"}],"about":[{"href":"https:\/\/olemosaic.orbitalia.org\/fr\/wp-json\/wp\/v2\/types\/product"}],"wp:featuredmedia":[{"embeddable":true,"href":"https:\/\/olemosaic.orbitalia.org\/fr\/wp-json\/wp\/v2\/media\/9971"}],"wp:attachment":[{"href":"https:\/\/olemosaic.orbitalia.org\/fr\/wp-json\/wp\/v2\/media?parent=34520"}],"wp:term":[{"taxonomy":"product_brand","embeddable":true,"href":"https:\/\/olemosaic.orbitalia.org\/fr\/wp-json\/wp\/v2\/product_brand?post=34520"},{"taxonomy":"product_cat","embeddable":true,"href":"https:\/\/olemosaic.orbitalia.org\/fr\/wp-json\/wp\/v2\/product_cat?post=34520"},{"taxonomy":"product_tag","embeddable":true,"href":"https:\/\/olemosaic.orbitalia.org\/fr\/wp-json\/wp\/v2\/product_tag?post=34520"}],"curies":[{"name":"wp","href":"https:\/\/api.w.org\/{rel}","templated":true}]}}