{"id":34507,"date":"2025-02-20T23:36:17","date_gmt":"2025-02-20T22:36:17","guid":{"rendered":"https:\/\/olemosaic.orbitalia.org\/producto\/iman-de-metal-toro-mijas-negro-8-cm-2\/"},"modified":"2025-07-25T19:04:41","modified_gmt":"2025-07-25T17:04:41","slug":"aimant-en-metal-taureau-mijas-noir-8-cm","status":"publish","type":"product","link":"https:\/\/olemosaic.orbitalia.org\/fr\/produit\/aimant-en-metal-taureau-mijas-noir-8-cm\/","title":{"rendered":"Aimant en m\u00e9tal. Taureau. Mijas. Noir. Espagne. 8 cm."},"content":{"rendered":"<p>Aimant en m\u00e9tal de 8 cm avec la figure d&rsquo;un taureau color\u00e9, un symbole iconique de la culture espagnole. Cet aimant attrayant, inspir\u00e9 par la beaut\u00e9 de Mijas, pr\u00e9sente un design avec un effet mosa\u00efque qui souligne sa singularit\u00e9. La figure du taureau, connu pour sa force et son caract\u00e8re, est m\u00e9ticuleusement con\u00e7ue avec une palette de couleurs vibrantes qui capture l&rsquo;essence de l&rsquo;art andalou, cr\u00e9ant un contraste visuel percutant avec la base noire qui l&rsquo;entoure. De plus, le nom \u00ab\u00a0MIJAS\u00a0\u00bb, en grandes lettres frappantes, ajoute une touche distinctive qui en fait un souvenir inoubliable.<\/p>\n<p>Cet aimant n&rsquo;est pas seulement un objet d\u00e9coratif, mais un authentique souvenir qui rappelle la richesse culturelle et la tradition espagnole. La figure du taureau est un symbole incontournable de l&rsquo;Espagne, repr\u00e9sentant la passion, le courage et l&rsquo;art de la tauromachie. Chez Ol\u00e9 Mosaic, en tant que distributeurs de souvenirs en gros, nous proposons cet aimant comme une option parfaite pour les boutiques de cadeaux touristiques qui recherchent des produits authentiques et repr\u00e9sentatifs de la culture espagnole. Chaque aimant est un rappel tangible de la visite \u00e0 Mijas, id\u00e9al pour ceux qui souhaitent ramener un morceau d&rsquo;Espagne chez eux.<\/p>\n","protected":false},"excerpt":{"rendered":"<p>Aimant en m\u00e9tal de 8 cm repr\u00e9sentant un taureau color\u00e9, symbole de la culture espagnole, con\u00e7u avec un effet de mosa\u00efque. Cet aimant attrayant, inspir\u00e9 de Mijas, poss\u00e8de une base noire qui fait ressortir les couleurs vibrantes du taureau, cr\u00e9ant un contraste visuel percutant. L&rsquo;inclusion du nom \u00ab\u00a0MIJAS\u00a0\u00bb en grandes lettres lui donne une touche distinctive, id\u00e9ale pour ramener un morceau d&rsquo;Espagne dans votre foyer.<\/p>\n","protected":false},"featured_media":9999,"template":"","meta":{"_acf_changed":false},"product_brand":[],"product_cat":[697],"product_tag":[530],"class_list":{"0":"post-34507","1":"product","2":"type-product","3":"status-publish","4":"has-post-thumbnail","6":"product_cat-aimants","7":"product_tag-animaux","8":"pa_ciudad-mijas","9":"pa_motivo-taureaux","10":"pa_pais-espana","12":"first","13":"instock","14":"shipping-taxable","15":"product-type-simple"},"acf":[],"_links":{"self":[{"href":"https:\/\/olemosaic.orbitalia.org\/fr\/wp-json\/wp\/v2\/product\/34507","targetHints":{"allow":["GET"]}}],"collection":[{"href":"https:\/\/olemosaic.orbitalia.org\/fr\/wp-json\/wp\/v2\/product"}],"about":[{"href":"https:\/\/olemosaic.orbitalia.org\/fr\/wp-json\/wp\/v2\/types\/product"}],"wp:featuredmedia":[{"embeddable":true,"href":"https:\/\/olemosaic.orbitalia.org\/fr\/wp-json\/wp\/v2\/media\/9999"}],"wp:attachment":[{"href":"https:\/\/olemosaic.orbitalia.org\/fr\/wp-json\/wp\/v2\/media?parent=34507"}],"wp:term":[{"taxonomy":"product_brand","embeddable":true,"href":"https:\/\/olemosaic.orbitalia.org\/fr\/wp-json\/wp\/v2\/product_brand?post=34507"},{"taxonomy":"product_cat","embeddable":true,"href":"https:\/\/olemosaic.orbitalia.org\/fr\/wp-json\/wp\/v2\/product_cat?post=34507"},{"taxonomy":"product_tag","embeddable":true,"href":"https:\/\/olemosaic.orbitalia.org\/fr\/wp-json\/wp\/v2\/product_tag?post=34507"}],"curies":[{"name":"wp","href":"https:\/\/api.w.org\/{rel}","templated":true}]}}