{"id":34503,"date":"2025-02-20T23:36:17","date_gmt":"2025-02-20T22:36:17","guid":{"rendered":"https:\/\/olemosaic.orbitalia.org\/producto\/iman-de-metal-panoramica-lisboa-8-cm-6\/"},"modified":"2025-07-25T19:43:02","modified_gmt":"2025-07-25T17:43:02","slug":"aimant-metal-panoramique-lisbonne-8-cm-6","status":"publish","type":"product","link":"https:\/\/olemosaic.orbitalia.org\/fr\/produit\/aimant-metal-panoramique-lisbonne-8-cm-6\/","title":{"rendered":"Aimant en m\u00e9tal. Panoramique. Bleu et jaune. Lisbonne. 8 cm."},"content":{"rendered":"<p>Aimant en m\u00e9tal panoramique de Lisbonne<\/p>\n<p>Cet aimant en m\u00e9tal captivant de 8 cm est une repr\u00e9sentation vibrante de la beaut\u00e9 et du charme de Lisbonne. Avec un design color\u00e9 et envo\u00fbtant, il pr\u00e9sente une vue panoramique qui capture les toits rouges caract\u00e9ristiques et les maisons pittoresques qui ornent la capitale portugaise, formant une mosa\u00efque visuelle qui invite \u00e0 se souvenir de chaque recoin de cette ville historique. Au fond, s&rsquo;\u00e9l\u00e8ve le d\u00f4me d&rsquo;une \u00e9glise, symbole embl\u00e9matique qui souligne le riche h\u00e9ritage architectural de Lisbonne.<\/p>\n<p>Le cadre g\u00e9om\u00e9trique qui entoure l&rsquo;image, dans des tons bleus et jaunes, \u00e9voque les azulejos traditionnels portugais, ajoutant une touche authentique \u00e0 ce souvenir. Chaque \u00e9l\u00e9ment a \u00e9t\u00e9 soigneusement con\u00e7u pour capter l&rsquo;essence de l&rsquo;architecture lisbo\u00e8te et son atmosph\u00e8re color\u00e9e. Cet aimant n&rsquo;est pas seulement un objet d\u00e9coratif, mais aussi un excellent souvenir qui permet de revivre l&rsquo;exp\u00e9rience de l&rsquo;exploration de ses colines et de ses rues pav\u00e9es.<\/p>\n<p>Chez Ol\u00e9 Mosaic, nous sommes des distributeurs de souvenirs de haute qualit\u00e9, et cet aimant de Lisbonne est un choix parfait pour les boutiques de cadeaux touristiques cherchant \u00e0 proposer des produits authentiques et repr\u00e9sentatifs. Son design attrayant en fait une option id\u00e9ale pour les touristes souhaitant emporter un petit morceau de Lisbonne, garantissant qu&rsquo;\u00e0 chaque fois que l&rsquo;on regarde cet aimant, plac\u00e9 sur n&rsquo;importe quelle surface m\u00e9tallique, des souvenirs de l&rsquo;une des villes les plus charmantes d&rsquo;Europe s&rsquo;\u00e9veillent.<\/p>\n","protected":false},"excerpt":{"rendered":"<p>Aimant m\u00e9tallique avec une vue panoramique vibrante de Lisbonne, de 8 cm. Cet aimant attrayant pr\u00e9sente un design color\u00e9 montrant les toits rouges caract\u00e9ristiques et les maisons pittoresques de la ville, avec le d\u00f4me de l&rsquo;\u00e9glise en arri\u00e8re-plan. La composition comprend un cadre aux motifs g\u00e9om\u00e9triques dans des tons bleus et jaunes, capturant l&rsquo;essence de l&rsquo;architecture lisbo\u00e8te. Id\u00e9al pour se souvenir de la beaut\u00e9 de Lisbonne sur n&rsquo;importe quelle surface m\u00e9tallique.<\/p>\n","protected":false},"featured_media":11200,"template":"","meta":{"_acf_changed":false},"product_brand":[],"product_cat":[697],"product_tag":[],"class_list":{"0":"post-34503","1":"product","2":"type-product","3":"status-publish","4":"has-post-thumbnail","6":"product_cat-aimants","7":"pa_ciudad-lisboa","8":"pa_motivo-panoramas","9":"pa_pais-portugal","11":"first","12":"instock","13":"shipping-taxable","14":"product-type-simple"},"acf":[],"_links":{"self":[{"href":"https:\/\/olemosaic.orbitalia.org\/fr\/wp-json\/wp\/v2\/product\/34503","targetHints":{"allow":["GET"]}}],"collection":[{"href":"https:\/\/olemosaic.orbitalia.org\/fr\/wp-json\/wp\/v2\/product"}],"about":[{"href":"https:\/\/olemosaic.orbitalia.org\/fr\/wp-json\/wp\/v2\/types\/product"}],"wp:featuredmedia":[{"embeddable":true,"href":"https:\/\/olemosaic.orbitalia.org\/fr\/wp-json\/wp\/v2\/media\/11200"}],"wp:attachment":[{"href":"https:\/\/olemosaic.orbitalia.org\/fr\/wp-json\/wp\/v2\/media?parent=34503"}],"wp:term":[{"taxonomy":"product_brand","embeddable":true,"href":"https:\/\/olemosaic.orbitalia.org\/fr\/wp-json\/wp\/v2\/product_brand?post=34503"},{"taxonomy":"product_cat","embeddable":true,"href":"https:\/\/olemosaic.orbitalia.org\/fr\/wp-json\/wp\/v2\/product_cat?post=34503"},{"taxonomy":"product_tag","embeddable":true,"href":"https:\/\/olemosaic.orbitalia.org\/fr\/wp-json\/wp\/v2\/product_tag?post=34503"}],"curies":[{"name":"wp","href":"https:\/\/api.w.org\/{rel}","templated":true}]}}