{"id":34501,"date":"2025-02-20T23:36:16","date_gmt":"2025-02-20T22:36:16","guid":{"rendered":"https:\/\/olemosaic.orbitalia.org\/producto\/iman-de-metal-panoramica-barcelona-plata-8-cm-7\/"},"modified":"2025-07-25T20:12:29","modified_gmt":"2025-07-25T18:12:29","slug":"aimant-metal-panoramique-barcelone-argent-8-cm-7","status":"publish","type":"product","link":"https:\/\/olemosaic.orbitalia.org\/fr\/produit\/aimant-metal-panoramique-barcelone-argent-8-cm-7\/","title":{"rendered":"Aimant en m\u00e9tal. Panoramique. Mosa\u00efque. Barcelone. Argent. 8 cm."},"content":{"rendered":"<p>Aimant en m\u00e9tal panoramique de Barcelone. Cet aimant vibrant de 8 cm pr\u00e9sente une illustration color\u00e9e en mosa\u00efque qui capture l&rsquo;essence de la cit\u00e9 comtale. Le design met en avant les contours majestueux de l&#8217;embl\u00e9matique Sagrada Familia, le caract\u00e9ristique b\u00e2timent Agbar et le c\u00e9l\u00e8bre Park G\u00fcell, offrant un voyage visuel \u00e0 travers les ic\u00f4nes architecturales les plus repr\u00e9sentatives de Barcelone. Le l\u00e9zard en c\u00e9ramique color\u00e9, symbole du parc, est \u00e9galement inclus, ajoutant une touche de gaiet\u00e9 \u00e0 l&rsquo;ensemble. Le texte \u00ab\u00a0I \u2764\ufe0f Barcelona\u00a0\u00bb appara\u00eet en grandes lettres frappantes, soulignant le lien \u00e9motionnel avec cette ville vibrante et culturelle.<\/p>\n<p>Cet aimant ne sert pas seulement d&rsquo;accessoire pratique pour le r\u00e9frig\u00e9rateur ; c&rsquo;est un souvenir iconique qui encapsule l&rsquo;esprit et la diversit\u00e9 du patrimoine moderniste de Barcelone. Son design en m\u00e9tal souligne la qualit\u00e9 du produit, en faisant un souvenir id\u00e9al pour les touristes cherchant \u00e0 emporter un morceau de la ville. Chez Ol\u00e9 Mosaic, nous proposons cet aimant en m\u00e9tal panoramique, authentique et repr\u00e9sentatif de Barcelone, parfait pour les boutiques de cadeaux touristiques \u00e0 la recherche de souvenirs uniques et pertinents. En tant que distributeurs de souvenirs en gros, nous garantissons que chaque pi\u00e8ce est le reflet de la riche culture catalane.<\/p>\n","protected":false},"excerpt":{"rendered":"<p>Aimant m\u00e9tallique avec une vue panoramique vibrante de Barcelone, de 8 cm. Cet aimant pr\u00e9sente une illustration color\u00e9e en mosa\u00efque qui capture l&rsquo;essence de la ville, incluant l&#8217;embl\u00e9matique Sagrada Fam\u00edlia, le caract\u00e9ristique b\u00e2timent Agbar et le c\u00e9l\u00e8bre Parc G\u00fcell, ainsi qu&rsquo;un l\u00e9zard en c\u00e9ramique color\u00e9. Le texte \u00ab\u00a0I \u2764\ufe0f Barcelona\u00a0\u00bb ressort en lettres frappantes, offrant un souvenir iconique et \u00e9l\u00e9gant de l&rsquo;architecture moderniste de la ville.<\/p>\n","protected":false},"featured_media":11413,"template":"","meta":{"_acf_changed":false},"product_brand":[],"product_cat":[697],"product_tag":[],"class_list":{"0":"post-34501","1":"product","2":"type-product","3":"status-publish","4":"has-post-thumbnail","6":"product_cat-aimants","7":"pa_ciudad-barcelona","8":"pa_motivo-panoramas","9":"pa_pais-espana","11":"first","12":"instock","13":"shipping-taxable","14":"product-type-simple"},"acf":[],"_links":{"self":[{"href":"https:\/\/olemosaic.orbitalia.org\/fr\/wp-json\/wp\/v2\/product\/34501","targetHints":{"allow":["GET"]}}],"collection":[{"href":"https:\/\/olemosaic.orbitalia.org\/fr\/wp-json\/wp\/v2\/product"}],"about":[{"href":"https:\/\/olemosaic.orbitalia.org\/fr\/wp-json\/wp\/v2\/types\/product"}],"wp:featuredmedia":[{"embeddable":true,"href":"https:\/\/olemosaic.orbitalia.org\/fr\/wp-json\/wp\/v2\/media\/11413"}],"wp:attachment":[{"href":"https:\/\/olemosaic.orbitalia.org\/fr\/wp-json\/wp\/v2\/media?parent=34501"}],"wp:term":[{"taxonomy":"product_brand","embeddable":true,"href":"https:\/\/olemosaic.orbitalia.org\/fr\/wp-json\/wp\/v2\/product_brand?post=34501"},{"taxonomy":"product_cat","embeddable":true,"href":"https:\/\/olemosaic.orbitalia.org\/fr\/wp-json\/wp\/v2\/product_cat?post=34501"},{"taxonomy":"product_tag","embeddable":true,"href":"https:\/\/olemosaic.orbitalia.org\/fr\/wp-json\/wp\/v2\/product_tag?post=34501"}],"curies":[{"name":"wp","href":"https:\/\/api.w.org\/{rel}","templated":true}]}}