{"id":34487,"date":"2025-02-20T23:36:16","date_gmt":"2025-02-20T22:36:16","guid":{"rendered":"https:\/\/olemosaic.orbitalia.org\/producto\/iman-de-metal-panoramica-barcelona-plata-8-cm-6\/"},"modified":"2025-07-25T23:04:06","modified_gmt":"2025-07-25T21:04:06","slug":"aimant-metal-panoramique-barcelone-argent-8-cm-6","status":"publish","type":"product","link":"https:\/\/olemosaic.orbitalia.org\/fr\/produit\/aimant-metal-panoramique-barcelone-argent-8-cm-6\/","title":{"rendered":"Aimant en m\u00e9tal. Panoramique. Gaud\u00ed. Barcelone. Argent. 8 cm."},"content":{"rendered":"<p>Aimant de m\u00e9tal panoramique de Barcelone avec un design vibrant qui c\u00e9l\u00e8bre l&rsquo;architecture embl\u00e9matique de la capitale catalane. D&rsquo;une taille de 8 cm, cet aimant attrayant est une repr\u00e9sentation visuelle captivante qui met en valeur les tours embl\u00e9matiques de la Sagrada Familia ainsi que le c\u00e9l\u00e8bre dragon du Park G\u00fcell, le tout r\u00e9alis\u00e9 dans un style \u00e9voquant le trencad\u00eds caract\u00e9ristique de la r\u00e9gion. Les d\u00e9tails artistiques qui ornent le produit incluent une explosion de couleurs vives que capturent l&rsquo;essence vibrante de Barcelone, en faisant un souvenir id\u00e9al pour ceux qui souhaitent ramener un fragment de la ville chez eux.<\/p>\n<p>Cet aimant n&rsquo;est pas seulement fonctionnel, il sert \u00e9galement de rappel constant du riche h\u00e9ritage culturel de Barcelone. Son design artistique refl\u00e8te la singularit\u00e9 de l&rsquo;architecture moderniste d&rsquo;Antoni Gaud\u00ed, qui a fait de la ville une destination touristique mondialement reconnue. Ol\u00e9 Mosaic, en tant que distributeur de souvenirs, propose cet aimant panoramique de Barcelone comme une option parfaite pour les boutiques de cadeaux touristiques \u00e0 la recherche de produits authentiques et repr\u00e9sentatifs de la culture espagnole. Cet aimant en m\u00e9tal est le choix id\u00e9al pour les touristes \u00e0 la recherche de souvenirs embl\u00e9matiques qui encapsulent la beaut\u00e9 et l&rsquo;histoire de Barcelone.<\/p>\n","protected":false},"excerpt":{"rendered":"<p>Aimant m\u00e9tallique avec une vue panoramique attrayante de Barcelone, de 8 cm. Cet aimant pr\u00e9sente un design vibrant qui met en valeur l&rsquo;architecture embl\u00e9matique de la ville, incluant les tours de la Sagrada Familia et le c\u00e9l\u00e8bre dragon du Park G\u00fcell, le tout dans un style \u00e9voquant le trencad\u00eds, si caract\u00e9ristique de la r\u00e9gion. Avec des couleurs vives et des d\u00e9tails artistiques, c&rsquo;est un souvenir parfait qui capture l&rsquo;essence de la capitale catalane.<\/p>\n","protected":false},"featured_media":11407,"template":"","meta":{"_acf_changed":false},"product_brand":[],"product_cat":[697],"product_tag":[],"class_list":{"0":"post-34487","1":"product","2":"type-product","3":"status-publish","4":"has-post-thumbnail","6":"product_cat-aimants","7":"pa_ciudad-barcelona","8":"pa_motivo-panoramas","9":"pa_pais-espana","11":"first","12":"instock","13":"shipping-taxable","14":"product-type-simple"},"acf":[],"_links":{"self":[{"href":"https:\/\/olemosaic.orbitalia.org\/fr\/wp-json\/wp\/v2\/product\/34487","targetHints":{"allow":["GET"]}}],"collection":[{"href":"https:\/\/olemosaic.orbitalia.org\/fr\/wp-json\/wp\/v2\/product"}],"about":[{"href":"https:\/\/olemosaic.orbitalia.org\/fr\/wp-json\/wp\/v2\/types\/product"}],"wp:featuredmedia":[{"embeddable":true,"href":"https:\/\/olemosaic.orbitalia.org\/fr\/wp-json\/wp\/v2\/media\/11407"}],"wp:attachment":[{"href":"https:\/\/olemosaic.orbitalia.org\/fr\/wp-json\/wp\/v2\/media?parent=34487"}],"wp:term":[{"taxonomy":"product_brand","embeddable":true,"href":"https:\/\/olemosaic.orbitalia.org\/fr\/wp-json\/wp\/v2\/product_brand?post=34487"},{"taxonomy":"product_cat","embeddable":true,"href":"https:\/\/olemosaic.orbitalia.org\/fr\/wp-json\/wp\/v2\/product_cat?post=34487"},{"taxonomy":"product_tag","embeddable":true,"href":"https:\/\/olemosaic.orbitalia.org\/fr\/wp-json\/wp\/v2\/product_tag?post=34487"}],"curies":[{"name":"wp","href":"https:\/\/api.w.org\/{rel}","templated":true}]}}