{"id":34486,"date":"2025-02-20T23:36:15","date_gmt":"2025-02-20T22:36:15","guid":{"rendered":"https:\/\/olemosaic.orbitalia.org\/producto\/iman-de-metal-panoramica-barcelona-negro-8-cm-7\/"},"modified":"2025-07-25T20:03:15","modified_gmt":"2025-07-25T18:03:15","slug":"aimant-metal-panoramique-barcelone-noir-8-cm-7","status":"publish","type":"product","link":"https:\/\/olemosaic.orbitalia.org\/fr\/produit\/aimant-metal-panoramique-barcelone-noir-8-cm-7\/","title":{"rendered":"Aimant en m\u00e9tal. Panoramique. Gaud\u00ed. Barcelone. Noir. 8 cm."},"content":{"rendered":"<p>Aimant de m\u00e9tal panoramique de Barcelone<\/p>\n<p>Cet aimant en m\u00e9tal capture l&rsquo;essence vibrante de Barcelone, en immortalisant dans un format compact et attrayant les monuments les plus embl\u00e9matiques de la ville. D&rsquo;une taille de 8 cm, il pr\u00e9sente une illustration color\u00e9e comprenant l&rsquo;iconique Sagrada Familia et l&rsquo;impressionnant Parc G\u00fcell, plongeant le spectateur dans le caract\u00e8re distinctif de la capitale catalane. Le design int\u00e8gre le texte \u00ab\u00a0I \u2665 Barcelona\u00a0\u00bb avec une typographie vibrante, faisant briller ce souvenir sur n&rsquo;importe quelle surface m\u00e9tallique ou r\u00e9frig\u00e9rateur.<\/p>\n<p>Les couleurs vives et les d\u00e9tails complexes de style mosa\u00efque refl\u00e8tent l&rsquo;h\u00e9ritage architectural d&rsquo;Antoni Gaud\u00ed, vous transportant dans un voyage visuel \u00e0 travers les rues de cette m\u00e9tropole artistique. Cet aimant n&rsquo;est pas seulement une pi\u00e8ce d\u00e9corative, mais un symbole de l&rsquo;esprit joyeux et cr\u00e9atif de Barcelone, constituant un cadeau parfait pour les touristes et les voyageurs souhaitant ramener un petit bout de cette ville incroyable chez eux.<\/p>\n<p>Chez Ol\u00e9 Mosaic, nous nous sp\u00e9cialisons dans la distribution de souvenirs en gros, et cet aimant de Barcelone est une option exceptionnelle pour toute boutique de cadeaux touristiques. Authentique et repr\u00e9sentatif, ce souvenir ne comm\u00e9more pas seulement un voyage, mais souligne \u00e9galement la riche culture et les merveilles architecturales qui font de Barcelone une destination unique au monde. En tant que grossistes en aimants, nous garantissons la qualit\u00e9 et l&rsquo;originalit\u00e9 de chacun de nos produits.<\/p>\n","protected":false},"excerpt":{"rendered":"<p>Aimant m\u00e9tallique avec une vue panoramique vibrante de Barcelone, de 8 cm. Cet aimant attrayant pr\u00e9sente un design color\u00e9 incluant des monuments embl\u00e9matiques comme la Sagrada Familia et le Park G\u00fcell, ainsi que le texte \u00ab\u00a0I \u2665 Barcelona\u00a0\u00bb en typographie mise en avant. Les couleurs vives et les formes de mosa\u00efque refl\u00e8tent le style unique de la ville, en faisant un souvenir parfait de Barcelone qui illuminera n&rsquo;importe quel r\u00e9frig\u00e9rateur ou surface m\u00e9tallique.<\/p>\n","protected":false},"featured_media":11428,"template":"","meta":{"_acf_changed":false},"product_brand":[],"product_cat":[697],"product_tag":[],"class_list":{"0":"post-34486","1":"product","2":"type-product","3":"status-publish","4":"has-post-thumbnail","6":"product_cat-aimants","7":"pa_ciudad-barcelona","8":"pa_motivo-panoramas","9":"pa_pais-espana","11":"first","12":"instock","13":"shipping-taxable","14":"product-type-simple"},"acf":[],"_links":{"self":[{"href":"https:\/\/olemosaic.orbitalia.org\/fr\/wp-json\/wp\/v2\/product\/34486","targetHints":{"allow":["GET"]}}],"collection":[{"href":"https:\/\/olemosaic.orbitalia.org\/fr\/wp-json\/wp\/v2\/product"}],"about":[{"href":"https:\/\/olemosaic.orbitalia.org\/fr\/wp-json\/wp\/v2\/types\/product"}],"wp:featuredmedia":[{"embeddable":true,"href":"https:\/\/olemosaic.orbitalia.org\/fr\/wp-json\/wp\/v2\/media\/11428"}],"wp:attachment":[{"href":"https:\/\/olemosaic.orbitalia.org\/fr\/wp-json\/wp\/v2\/media?parent=34486"}],"wp:term":[{"taxonomy":"product_brand","embeddable":true,"href":"https:\/\/olemosaic.orbitalia.org\/fr\/wp-json\/wp\/v2\/product_brand?post=34486"},{"taxonomy":"product_cat","embeddable":true,"href":"https:\/\/olemosaic.orbitalia.org\/fr\/wp-json\/wp\/v2\/product_cat?post=34486"},{"taxonomy":"product_tag","embeddable":true,"href":"https:\/\/olemosaic.orbitalia.org\/fr\/wp-json\/wp\/v2\/product_tag?post=34486"}],"curies":[{"name":"wp","href":"https:\/\/api.w.org\/{rel}","templated":true}]}}