{"id":34485,"date":"2025-02-20T23:36:15","date_gmt":"2025-02-20T22:36:15","guid":{"rendered":"https:\/\/olemosaic.orbitalia.org\/producto\/iman-de-metal-panoramica-barcelona-plata-8-cm-5\/"},"modified":"2025-07-25T20:39:44","modified_gmt":"2025-07-25T18:39:44","slug":"aimant-metal-panoramique-barcelone-argent-8-cm-5","status":"publish","type":"product","link":"https:\/\/olemosaic.orbitalia.org\/fr\/produit\/aimant-metal-panoramique-barcelone-argent-8-cm-5\/","title":{"rendered":"Aimant en m\u00e9tal. Panoramique. Sagrada Familia. Barcelone. Argent. 8 cm."},"content":{"rendered":"<p>Aimant m\u00e9tallique panoramique de Barcelone<\/p>\n<p>Cet aimant m\u00e9tallique panoramique de Barcelone est une pi\u00e8ce vibrante qui capture l&rsquo;essence artistique et culturelle de cette ville embl\u00e9matique. D&rsquo;une taille de 8 cm, ce souvenir attrayant pr\u00e9sente une illustration color\u00e9e qui met en avant deux de ses monuments les plus iconiques : la majestueuse Sagrada Familia et le c\u00e9l\u00e8bre dragon du Park G\u00fcell. Chaque d\u00e9tail est illustr\u00e9 par une mosa\u00efque de bleus, de jaunes et de rouges qui \u00e9voquent la cr\u00e9ativit\u00e9 in\u00e9gal\u00e9e d&rsquo;Antoni Gaud\u00ed et l&rsquo;art moderniste qui d\u00e9finit Barcelone.<\/p>\n<p>Le mot \u00ab\u00a0Barcelona\u00a0\u00bb est \u00e9l\u00e9gamment imprim\u00e9 dans un style accrocheur sur la partie sup\u00e9rieure, faisant de cet aimant non seulement un objet d\u00e9coratif, mais aussi un souvenir parfait pour ceux qui ont visit\u00e9 ou souhaitent se souvenir de cette ville fascinante. Cet aimant n&#8217;embellit pas seulement la maison, il repr\u00e9sente \u00e9galement un lien culturel inestimable, symbolisant la richesse patrimoniale et artistique d&rsquo;un lieu qui a attir\u00e9 des millions de touristes.<\/p>\n<p>En tant que distributeur de souvenirs en gros, Ol\u00e9 Mosaic est fier de proposer des produits authentiques et de qualit\u00e9. Cet aimant de Barcelone est une excellente option pour les boutiques de cadeaux touristiques souhaitant offrir \u00e0 leurs clients un morceau d&rsquo;histoire et d&rsquo;art \u00e0 emporter chez eux.<\/p>\n","protected":false},"excerpt":{"rendered":"<p>Aimant m\u00e9tallique avec une vue panoramique vibrante de Barcelone, pr\u00e9sent\u00e9 dans un design de 8 cm qui met en avant des \u00e9l\u00e9ments embl\u00e9matiques tels que la Sagrada Familia et le c\u00e9l\u00e8bre dragon du Park G\u00fcell. Cet aimant attrayant, orn\u00e9 d&rsquo;une mosa\u00efque color\u00e9e de bleus, de jaunes et de rouges, encapsule l&rsquo;essence artistique de la ville. Le mot \u00ab\u00a0Barcelona\u00a0\u00bb est \u00e9l\u00e9gamment imprim\u00e9 dans un style accrocheur, faisant de cet aimant un souvenir id\u00e9al pour les amoureux de la ville.<\/p>\n","protected":false},"featured_media":11425,"template":"","meta":{"_acf_changed":false},"product_brand":[],"product_cat":[697],"product_tag":[],"class_list":{"0":"post-34485","1":"product","2":"type-product","3":"status-publish","4":"has-post-thumbnail","6":"product_cat-aimants","7":"pa_ciudad-barcelona","8":"pa_motivo-panoramas","9":"pa_pais-espana","11":"first","12":"instock","13":"shipping-taxable","14":"product-type-simple"},"acf":[],"_links":{"self":[{"href":"https:\/\/olemosaic.orbitalia.org\/fr\/wp-json\/wp\/v2\/product\/34485","targetHints":{"allow":["GET"]}}],"collection":[{"href":"https:\/\/olemosaic.orbitalia.org\/fr\/wp-json\/wp\/v2\/product"}],"about":[{"href":"https:\/\/olemosaic.orbitalia.org\/fr\/wp-json\/wp\/v2\/types\/product"}],"wp:featuredmedia":[{"embeddable":true,"href":"https:\/\/olemosaic.orbitalia.org\/fr\/wp-json\/wp\/v2\/media\/11425"}],"wp:attachment":[{"href":"https:\/\/olemosaic.orbitalia.org\/fr\/wp-json\/wp\/v2\/media?parent=34485"}],"wp:term":[{"taxonomy":"product_brand","embeddable":true,"href":"https:\/\/olemosaic.orbitalia.org\/fr\/wp-json\/wp\/v2\/product_brand?post=34485"},{"taxonomy":"product_cat","embeddable":true,"href":"https:\/\/olemosaic.orbitalia.org\/fr\/wp-json\/wp\/v2\/product_cat?post=34485"},{"taxonomy":"product_tag","embeddable":true,"href":"https:\/\/olemosaic.orbitalia.org\/fr\/wp-json\/wp\/v2\/product_tag?post=34485"}],"curies":[{"name":"wp","href":"https:\/\/api.w.org\/{rel}","templated":true}]}}