{"id":34484,"date":"2025-02-20T23:36:15","date_gmt":"2025-02-20T22:36:15","guid":{"rendered":"https:\/\/olemosaic.orbitalia.org\/producto\/iman-de-metal-panoramica-barcelona-8-cm-16\/"},"modified":"2025-07-25T20:05:50","modified_gmt":"2025-07-25T18:05:50","slug":"aimant-metal-panoramique-barcelone-8-cm-16","status":"publish","type":"product","link":"https:\/\/olemosaic.orbitalia.org\/fr\/produit\/aimant-metal-panoramique-barcelone-8-cm-16\/","title":{"rendered":"Aimant en m\u00e9tal. Panoramique. Park G\u00fcell. Barcelone. 8 cm."},"content":{"rendered":"<p>Aimant m\u00e9tallique panoramique de Barcelone<\/p>\n<p>Cet aimant m\u00e9tallique de 8 cm est un hommage vibrant \u00e0 l&rsquo;architecture et \u00e0 l&rsquo;art de Barcelone, con\u00e7u avec une mosa\u00efque attrayante inspir\u00e9e du c\u00e9l\u00e8bre Park G\u00fcell. Son illustration met en avant les tours embl\u00e9matiques de la Sagrada Familia, entour\u00e9es de couleurs \u00e9clatantes et de formes g\u00e9om\u00e9triques qui \u00e9voquent la singularit\u00e9 du trencad\u00eds, une technique caract\u00e9ristique du modernisme catalan. Ce souvenir capture l&rsquo;essence artistique de la ville, offrant une repr\u00e9sentation visuelle vibrante qui transporte celui qui le regarde dans l&rsquo;atmosph\u00e8re magique de Barcelone.<\/p>\n<p>Les tons vibrants utilis\u00e9s dans le design, ainsi que les d\u00e9tails complexes qui ornent la vue panoramique, font de cet aimant un objet d\u00e9coratif id\u00e9al pour tout r\u00e9frig\u00e9rateur, devenant un rappel constant des moments sp\u00e9ciaux v\u00e9cus dans la ville. Le lien culturel entre cet aimant et Barcelone est ind\u00e9niable, \u00e9tant un symbole du riche h\u00e9ritage architectural et artistique que la ville offre \u00e0 ses visiteurs.<\/p>\n<p>En tant que distributeur de souvenirs en gros, Ol\u00e9 Mosaic pr\u00e9sente cet aimant comme une option exceptionnelle pour les boutiques de cadeaux touristiques, garantissant authenticit\u00e9 et attrait culturel dans chaque produit. Cet aimant de Barcelone s&rsquo;impose comme une excellente id\u00e9e de souvenir pour les touristes qui cherchent \u00e0 ramener chez eux un petit morceau de la vibrante culture catalane.<\/p>\n","protected":false},"excerpt":{"rendered":"<p>Aimant m\u00e9tallique avec une vue panoramique vibrante de Barcelone, de 8 cm. Cet aimant attrayant pr\u00e9sente un design inspir\u00e9 de la c\u00e9l\u00e8bre mosa\u00efque du Park G\u00fcell, mettant en valeur les tours embl\u00e9matiques de la Sagrada Familia et le trencad\u00eds color\u00e9, caract\u00e9ristique de la ville. Avec une base de couleurs vives et de formes g\u00e9om\u00e9triques, cet aimant capture l&rsquo;essence artistique de Barcelone, ce qui en fait un souvenir parfait pour se rem\u00e9morer les moments sp\u00e9ciaux pass\u00e9s dans la ville.<\/p>\n","protected":false},"featured_media":11405,"template":"","meta":{"_acf_changed":false},"product_brand":[],"product_cat":[697],"product_tag":[],"class_list":{"0":"post-34484","1":"product","2":"type-product","3":"status-publish","4":"has-post-thumbnail","6":"product_cat-aimants","7":"pa_ciudad-barcelona","8":"pa_motivo-panoramas","9":"pa_pais-espana","11":"first","12":"instock","13":"shipping-taxable","14":"product-type-simple"},"acf":[],"_links":{"self":[{"href":"https:\/\/olemosaic.orbitalia.org\/fr\/wp-json\/wp\/v2\/product\/34484","targetHints":{"allow":["GET"]}}],"collection":[{"href":"https:\/\/olemosaic.orbitalia.org\/fr\/wp-json\/wp\/v2\/product"}],"about":[{"href":"https:\/\/olemosaic.orbitalia.org\/fr\/wp-json\/wp\/v2\/types\/product"}],"wp:featuredmedia":[{"embeddable":true,"href":"https:\/\/olemosaic.orbitalia.org\/fr\/wp-json\/wp\/v2\/media\/11405"}],"wp:attachment":[{"href":"https:\/\/olemosaic.orbitalia.org\/fr\/wp-json\/wp\/v2\/media?parent=34484"}],"wp:term":[{"taxonomy":"product_brand","embeddable":true,"href":"https:\/\/olemosaic.orbitalia.org\/fr\/wp-json\/wp\/v2\/product_brand?post=34484"},{"taxonomy":"product_cat","embeddable":true,"href":"https:\/\/olemosaic.orbitalia.org\/fr\/wp-json\/wp\/v2\/product_cat?post=34484"},{"taxonomy":"product_tag","embeddable":true,"href":"https:\/\/olemosaic.orbitalia.org\/fr\/wp-json\/wp\/v2\/product_tag?post=34484"}],"curies":[{"name":"wp","href":"https:\/\/api.w.org\/{rel}","templated":true}]}}