{"id":34467,"date":"2025-02-20T22:36:15","date_gmt":"2025-02-20T22:36:15","guid":{"rendered":"https:\/\/olemosaic.orbitalia.org\/producto\/iman-de-metal-salamandra-gran-canaria-plata-8-cm\/"},"modified":"2025-07-25T19:16:51","modified_gmt":"2025-07-25T17:16:51","slug":"aimant-metal-salamandre-grande-canarie-argent-8-cm","status":"publish","type":"product","link":"https:\/\/olemosaic.orbitalia.org\/fr\/produit\/aimant-metal-salamandre-grande-canarie-argent-8-cm\/","title":{"rendered":"Aimant en m\u00e9tal. Salamandre. Grande Canarie. Argent. 8 cm."},"content":{"rendered":"<p>Aimant m\u00e9tallique en forme de salamandre, inspir\u00e9 de la nature exub\u00e9rante de la Grande Canarie. Cet aimant attrayant de 8 cm combine un design vibrant en mosa\u00efque qui attire l&rsquo;attention avec sa riche palette de couleurs : bleu, vert, rouge et jaune, qui contrastent merveilleusement sur un fond blanc textur\u00e9. La repr\u00e9sentation de la salamandre \u00e9voque la biodiversit\u00e9 unique des \u00eeles Canaries, o\u00f9 ces sympathiques reptiles sont une partie essentielle de l&rsquo;\u00e9cosyst\u00e8me local. En haut, l&rsquo;inscription \u00ab Gran Canaria \u00bb, en lettres frappantes, compl\u00e8te le design, faisant de cet aimant un v\u00e9ritable embl\u00e8me de la r\u00e9gion. Ce souvenir n&rsquo;est pas seulement un rappel visuel, mais aussi une pi\u00e8ce qui refl\u00e8te l&rsquo;histoire naturelle et culturelle de la Grande Canarie, id\u00e9ale pour ceux qui cherchent \u00e0 emporter un morceau de cette belle \u00eele. Chez Ol\u00e9 Mosaic, distributeurs de souvenirs, cet aimant salamandre est une excellente option pour les boutiques de cadeaux touristiques qui appr\u00e9cient l&rsquo;authenticit\u00e9 et la repr\u00e9sentation culturelle dans leurs produits. Il attirera aussi bien les collectionneurs que les touristes souhaitant se souvenir de leur visite dans ce paradis naturel.<\/p>\n","protected":false},"excerpt":{"rendered":"<p>Aimant m\u00e9tallique en forme de salamandre, inspir\u00e9 de la richesse naturelle de la Grande Canarie. Ce design color\u00e9 de 8 cm pr\u00e9sente un motif de mosa\u00efque vibrant, avec une palette de couleurs bleu, vert, rouge et jaune qui ressortent sur un fond blanc textur\u00e9. Le mot \u00ab\u00a0Gran Canaria\u00a0\u00bb est imprim\u00e9 en haut, compl\u00e9tant l&rsquo;attrait visuel de ce souvenir, id\u00e9al pour les collectionneurs et les amoureux de la faune canarienne.<\/p>\n","protected":false},"featured_media":12876,"template":"","meta":{"_acf_changed":false},"product_brand":[],"product_cat":[697],"product_tag":[530],"class_list":{"0":"post-34467","1":"product","2":"type-product","3":"status-publish","4":"has-post-thumbnail","6":"product_cat-aimants","7":"product_tag-animaux","8":"pa_ciudad-gran-canaria","9":"pa_motivo-salamandres","10":"pa_pais-espana","12":"first","13":"instock","14":"shipping-taxable","15":"product-type-simple"},"acf":[],"_links":{"self":[{"href":"https:\/\/olemosaic.orbitalia.org\/fr\/wp-json\/wp\/v2\/product\/34467","targetHints":{"allow":["GET"]}}],"collection":[{"href":"https:\/\/olemosaic.orbitalia.org\/fr\/wp-json\/wp\/v2\/product"}],"about":[{"href":"https:\/\/olemosaic.orbitalia.org\/fr\/wp-json\/wp\/v2\/types\/product"}],"wp:featuredmedia":[{"embeddable":true,"href":"https:\/\/olemosaic.orbitalia.org\/fr\/wp-json\/wp\/v2\/media\/12876"}],"wp:attachment":[{"href":"https:\/\/olemosaic.orbitalia.org\/fr\/wp-json\/wp\/v2\/media?parent=34467"}],"wp:term":[{"taxonomy":"product_brand","embeddable":true,"href":"https:\/\/olemosaic.orbitalia.org\/fr\/wp-json\/wp\/v2\/product_brand?post=34467"},{"taxonomy":"product_cat","embeddable":true,"href":"https:\/\/olemosaic.orbitalia.org\/fr\/wp-json\/wp\/v2\/product_cat?post=34467"},{"taxonomy":"product_tag","embeddable":true,"href":"https:\/\/olemosaic.orbitalia.org\/fr\/wp-json\/wp\/v2\/product_tag?post=34467"}],"curies":[{"name":"wp","href":"https:\/\/api.w.org\/{rel}","templated":true}]}}