{"id":34465,"date":"2025-02-20T23:36:14","date_gmt":"2025-02-20T22:36:14","guid":{"rendered":"https:\/\/olemosaic.orbitalia.org\/producto\/iman-de-metal-toro-mijas-8-cm-2\/"},"modified":"2025-07-25T19:12:50","modified_gmt":"2025-07-25T17:12:50","slug":"aimant-metal-taureau-mijas-8-cm-2","status":"publish","type":"product","link":"https:\/\/olemosaic.orbitalia.org\/fr\/produit\/aimant-metal-taureau-mijas-8-cm-2\/","title":{"rendered":"Aimant en m\u00e9tal. Taureau. Mijas. Espagne. 8 cm."},"content":{"rendered":"<p>Aimant m\u00e9tallique avec le taureau typique de Mijas. Ce charmant souvenir de 8 cm capture l&rsquo;essence du folklore espagnol gr\u00e2ce \u00e0 un design vibrant en mosa\u00efque. Les tons rouges et jaunes du taureau se distinguent, contrastant de mani\u00e8re exquise avec un fond bleu clair. La figure du taureau ne repr\u00e9sente pas seulement un symbole iconique de la culture espagnole, mais \u00e9voque \u00e9galement la passion et la tradition de la tauromachie, une pratique profond\u00e9ment enracin\u00e9e dans l&rsquo;histoire de la r\u00e9gion. Les yeux frappants du taureau, soulign\u00e9s en jaune, lui donnent un regard captivant et expressif \u00e0 cette pi\u00e8ce d\u00e9corative. Le nom \u00ab MIJAS \u00bb appara\u00eet en lettres grandes et audacieuses, ajoutant une touche d&rsquo;authenticit\u00e9 et de connexion locale, ce qui fait de cet aimant un souvenir parfait pour ceux qui visitent ce pittoresque village andalou. En tant que distributeur de souvenirs en gros, Ol\u00e9 Mosaic propose des produits authentiques qui se distinguent par leur artisanat et leur valeur culturelle. Cet aimant d\u00e9coratif est une excellente option pour les boutiques de cadeaux touristiques qui cherchent \u00e0 offrir \u00e0 leurs clients des souvenirs repr\u00e9sentatifs de l&rsquo;Espagne, id\u00e9aux pour ceux qui souhaitent ramener chez eux un morceau de la tradition espagnole.<\/p>\n","protected":false},"excerpt":{"rendered":"<p>Aimant m\u00e9tallique repr\u00e9sentant un taureau typique de Mijas, de 8 cm. Ce souvenir attrayant pr\u00e9sente un design en mosa\u00efque avec des tons rouges et jaunes vibrants, sur un fond bleu clair. La figure du taureau, symbole du folklore espagnol, se distingue par ses yeux frappants et ses couleurs joyeuses. Comprend le nom \u00ab MIJAS \u00bb en grandes lettres, ce qui ajoute une touche d&rsquo;identit\u00e9 locale \u00e0 cet aimant d\u00e9coratif.<\/p>\n","protected":false},"featured_media":9978,"template":"","meta":{"_acf_changed":false},"product_brand":[],"product_cat":[697],"product_tag":[530],"class_list":{"0":"post-34465","1":"product","2":"type-product","3":"status-publish","4":"has-post-thumbnail","6":"product_cat-aimants","7":"product_tag-animaux","8":"pa_ciudad-mijas","9":"pa_motivo-taureaux","10":"pa_pais-espana","12":"first","13":"instock","14":"shipping-taxable","15":"product-type-simple"},"acf":[],"_links":{"self":[{"href":"https:\/\/olemosaic.orbitalia.org\/fr\/wp-json\/wp\/v2\/product\/34465","targetHints":{"allow":["GET"]}}],"collection":[{"href":"https:\/\/olemosaic.orbitalia.org\/fr\/wp-json\/wp\/v2\/product"}],"about":[{"href":"https:\/\/olemosaic.orbitalia.org\/fr\/wp-json\/wp\/v2\/types\/product"}],"wp:featuredmedia":[{"embeddable":true,"href":"https:\/\/olemosaic.orbitalia.org\/fr\/wp-json\/wp\/v2\/media\/9978"}],"wp:attachment":[{"href":"https:\/\/olemosaic.orbitalia.org\/fr\/wp-json\/wp\/v2\/media?parent=34465"}],"wp:term":[{"taxonomy":"product_brand","embeddable":true,"href":"https:\/\/olemosaic.orbitalia.org\/fr\/wp-json\/wp\/v2\/product_brand?post=34465"},{"taxonomy":"product_cat","embeddable":true,"href":"https:\/\/olemosaic.orbitalia.org\/fr\/wp-json\/wp\/v2\/product_cat?post=34465"},{"taxonomy":"product_tag","embeddable":true,"href":"https:\/\/olemosaic.orbitalia.org\/fr\/wp-json\/wp\/v2\/product_tag?post=34465"}],"curies":[{"name":"wp","href":"https:\/\/api.w.org\/{rel}","templated":true}]}}