{"id":34464,"date":"2025-02-20T23:36:14","date_gmt":"2025-02-20T22:36:14","guid":{"rendered":"https:\/\/olemosaic.orbitalia.org\/producto\/iman-de-metal-tranvia-lisboa-8-cm-3\/"},"modified":"2025-07-25T18:47:14","modified_gmt":"2025-07-25T16:47:14","slug":"aimant-metal-tramway-lisbonne-8-cm-3","status":"publish","type":"product","link":"https:\/\/olemosaic.orbitalia.org\/fr\/produit\/aimant-metal-tramway-lisbonne-8-cm-3\/","title":{"rendered":"Aimant en m\u00e9tal. Tramway. Tram 28. Lisbonne. 8 cm."},"content":{"rendered":"<p>Aimant m\u00e9tallique du c\u00e9l\u00e8bre tramway de Lisbonne, l&rsquo;iconique Tram 28. D&rsquo;une taille de 8 cm, cet aimant se distingue par son design vibrant qui capture l&rsquo;essence du transport traditionnel de la ville. La carrosserie jaune du tramway, embl\u00e9matique et reconnaissable, est m\u00e9ticuleusement illustr\u00e9e au centre, entour\u00e9e d&rsquo;un \u00e9l\u00e9gant fond d\u00e9cor\u00e9 d&rsquo;azulejos typiques portugais. Le design inclut le mot \u00ab\u00a0LISBOA\u00a0\u00bb en haut, compl\u00e9tant l&rsquo;esth\u00e9tique color\u00e9e et culturelle de la capitale portugaise. Cet aimant n&rsquo;est pas seulement une excellente option d\u00e9corative pour la maison, mais aussi un souvenir \u00e9vocateur qui transporte les visiteurs dans les rues \u00e9troites et les collines de Lisbonne, o\u00f9 le Tram 28 est bien plus qu&rsquo;un moyen de transport, il fait partie du quotidien lisbo\u00e8te. Id\u00e9al pour ceux qui recherchent des souvenirs de qualit\u00e9 repr\u00e9sentant l&rsquo;authenticit\u00e9 de Lisbonne, cet aimant est un excellent ajout pour les boutiques de cadeaux touristiques. Chez Ol\u00e9 Mosaic, en tant que grossistes de souvenirs, nous proposons ce charmant aimant qui c\u00e9l\u00e8bre la riche culture et la tradition de la ville, parfait pour ceux qui souhaitent emporter un petit morceau de Lisbonne.<\/p>\n","protected":false},"excerpt":{"rendered":"<p>Aimant en m\u00e9tal de 8 cm avec un charmant tramway de Lisbonne, l&rsquo;iconique Tram 28. Avec un design color\u00e9, il met en valeur la traditionnelle carrosserie jaune du tramway, entour\u00e9e d&rsquo;un \u00e9l\u00e9gant fond d&rsquo;azulejos typiques portugais. Le mot \u00ab\u00a0LISBOA\u00a0\u00bb couronne la partie sup\u00e9rieure, compl\u00e9tant l&rsquo;esth\u00e9tique vibrante et culturelle de la ville. Id\u00e9al pour se souvenir de la beaut\u00e9 et de l&rsquo;esprit de Lisbonne n&rsquo;importe o\u00f9.<\/p>\n","protected":false},"featured_media":11204,"template":"","meta":{"_acf_changed":false},"product_brand":[],"product_cat":[697],"product_tag":[],"class_list":{"0":"post-34464","1":"product","2":"type-product","3":"status-publish","4":"has-post-thumbnail","6":"product_cat-aimants","7":"pa_ciudad-lisboa","8":"pa_motivo-tramways","9":"pa_pais-portugal","11":"first","12":"instock","13":"shipping-taxable","14":"product-type-simple"},"acf":[],"_links":{"self":[{"href":"https:\/\/olemosaic.orbitalia.org\/fr\/wp-json\/wp\/v2\/product\/34464","targetHints":{"allow":["GET"]}}],"collection":[{"href":"https:\/\/olemosaic.orbitalia.org\/fr\/wp-json\/wp\/v2\/product"}],"about":[{"href":"https:\/\/olemosaic.orbitalia.org\/fr\/wp-json\/wp\/v2\/types\/product"}],"wp:featuredmedia":[{"embeddable":true,"href":"https:\/\/olemosaic.orbitalia.org\/fr\/wp-json\/wp\/v2\/media\/11204"}],"wp:attachment":[{"href":"https:\/\/olemosaic.orbitalia.org\/fr\/wp-json\/wp\/v2\/media?parent=34464"}],"wp:term":[{"taxonomy":"product_brand","embeddable":true,"href":"https:\/\/olemosaic.orbitalia.org\/fr\/wp-json\/wp\/v2\/product_brand?post=34464"},{"taxonomy":"product_cat","embeddable":true,"href":"https:\/\/olemosaic.orbitalia.org\/fr\/wp-json\/wp\/v2\/product_cat?post=34464"},{"taxonomy":"product_tag","embeddable":true,"href":"https:\/\/olemosaic.orbitalia.org\/fr\/wp-json\/wp\/v2\/product_tag?post=34464"}],"curies":[{"name":"wp","href":"https:\/\/api.w.org\/{rel}","templated":true}]}}