{"id":34453,"date":"2025-02-20T23:36:14","date_gmt":"2025-02-20T22:36:14","guid":{"rendered":"https:\/\/olemosaic.orbitalia.org\/producto\/iman-de-metal-tranvia-lisboa-8-cm-2\/"},"modified":"2025-07-25T19:19:59","modified_gmt":"2025-07-25T17:19:59","slug":"aimant-metal-tramway-lisbonne-8-cm-fr","status":"publish","type":"product","link":"https:\/\/olemosaic.orbitalia.org\/fr\/produit\/aimant-metal-tramway-lisbonne-8-cm-fr\/","title":{"rendered":"Aimant en m\u00e9tal. Tramway. Azulejos portugais. Lisbonne. 8 cm."},"content":{"rendered":"<p>Aimant m\u00e9tallique du c\u00e9l\u00e8bre tramway de Lisbonne, connu sous le nom d'\u00a0\u00bbel\u00e9ctrico 28&Prime;. Cet aimant attrayant de 8 cm capture l&rsquo;essence vibrante de la capitale portugaise, montrant la silhouette embl\u00e9matique du tramway dans un jaune \u00e9clatant, caract\u00e9ristique du transport historique de la ville. L&rsquo;illustration, m\u00e9ticuleusement con\u00e7ue, met \u00e9galement en valeur des \u00e9l\u00e9ments d\u00e9coratifs en bleu qui \u00e9voquent les traditionnels azulejos portugais, pla\u00e7ant le tramway devant un b\u00e2timent orn\u00e9 de mosa\u00efques. Ce d\u00e9tail souligne non seulement la beaut\u00e9 architecturale de Lisbonne, mais rend \u00e9galement hommage \u00e0 son riche h\u00e9ritage culturel.<\/p>\n<p>Chaque fois que l&rsquo;on verra cet aimant, il rappellera aux touristes leur exp\u00e9rience d&rsquo;exploration des rues pittoresques de Lisbonne, o\u00f9 le son du tramway r\u00e9sonne dans l&rsquo;air alors qu&rsquo;ils parcourent ses collines escarp\u00e9es. Id\u00e9al comme souvenir de Lisbonne, cet aimant est une pi\u00e8ce authentique qui capture l&rsquo;esprit de la ville et de ses traditions. Chez Ol\u00e9 Mosaic, nous proposons une s\u00e9lection de souvenirs de haute qualit\u00e9, parfaits pour les boutiques de cadeaux touristiques. Cet aimant de l&rsquo;el\u00e9ctrico 28 n&rsquo;est pas seulement un souvenir esth\u00e9tique, mais aussi un symbole du lien de Lisbonne avec son pass\u00e9, id\u00e9al pour ceux qui cherchent \u00e0 emporter un morceau de cette ville captivante. En tant que distributeurs de souvenirs en gros, nous garantissons un produit qui met en valeur la culture lisbo\u00e8te dans chaque foyer.<\/p>\n","protected":false},"excerpt":{"rendered":"<p>Aimant m\u00e9tallique repr\u00e9sentant le c\u00e9l\u00e8bre tramway de Lisbonne, connu sous le nom d'\u00a0\u00bbel\u00e9ctrico 28&Prime;. D&rsquo;une dimension de 8 cm, cet aimant pr\u00e9sente des couleurs vibrantes, mettant en valeur le jaune du tramway et le bleu des azulejos d\u00e9coratifs typiques de la ville. L&rsquo;illustration capture l&rsquo;essence de ce transport historique devant un b\u00e2timent orn\u00e9 de mosa\u00efques, \u00e9voquant le charme des rues de Lisbonne. Un souvenir parfait du Portugal.<\/p>\n","protected":false},"featured_media":11205,"template":"","meta":{"_acf_changed":false},"product_brand":[],"product_cat":[697],"product_tag":[],"class_list":{"0":"post-34453","1":"product","2":"type-product","3":"status-publish","4":"has-post-thumbnail","6":"product_cat-aimants","7":"pa_ciudad-lisboa","8":"pa_motivo-tramways","9":"pa_pais-portugal","11":"first","12":"instock","13":"shipping-taxable","14":"product-type-simple"},"acf":[],"_links":{"self":[{"href":"https:\/\/olemosaic.orbitalia.org\/fr\/wp-json\/wp\/v2\/product\/34453","targetHints":{"allow":["GET"]}}],"collection":[{"href":"https:\/\/olemosaic.orbitalia.org\/fr\/wp-json\/wp\/v2\/product"}],"about":[{"href":"https:\/\/olemosaic.orbitalia.org\/fr\/wp-json\/wp\/v2\/types\/product"}],"wp:featuredmedia":[{"embeddable":true,"href":"https:\/\/olemosaic.orbitalia.org\/fr\/wp-json\/wp\/v2\/media\/11205"}],"wp:attachment":[{"href":"https:\/\/olemosaic.orbitalia.org\/fr\/wp-json\/wp\/v2\/media?parent=34453"}],"wp:term":[{"taxonomy":"product_brand","embeddable":true,"href":"https:\/\/olemosaic.orbitalia.org\/fr\/wp-json\/wp\/v2\/product_brand?post=34453"},{"taxonomy":"product_cat","embeddable":true,"href":"https:\/\/olemosaic.orbitalia.org\/fr\/wp-json\/wp\/v2\/product_cat?post=34453"},{"taxonomy":"product_tag","embeddable":true,"href":"https:\/\/olemosaic.orbitalia.org\/fr\/wp-json\/wp\/v2\/product_tag?post=34453"}],"curies":[{"name":"wp","href":"https:\/\/api.w.org\/{rel}","templated":true}]}}