{"id":34452,"date":"2025-02-20T23:36:14","date_gmt":"2025-02-20T22:36:14","guid":{"rendered":"https:\/\/olemosaic.orbitalia.org\/producto\/iman-de-metal-salamandra-mallorca-8-cm-2\/"},"modified":"2025-07-25T20:13:37","modified_gmt":"2025-07-25T18:13:37","slug":"aimant-metal-salamandre-majorque-8-cm-fr","status":"publish","type":"product","link":"https:\/\/olemosaic.orbitalia.org\/fr\/produit\/aimant-metal-salamandre-majorque-8-cm-fr\/","title":{"rendered":"Aimant en m\u00e9tal. Salamandre. \u00cele. Majorque. 8 cm."},"content":{"rendered":"<p>Aimant en m\u00e9tal d\u00e9coratif de Majorque<\/p>\n<p>Cet aimant en m\u00e9tal d\u00e9coratif de 8 cm est un hommage vibrant \u00e0 la faune unique de Majorque. Son design, avec une repr\u00e9sentation color\u00e9e de salamandres, \u00e9voque la vie sauvage de l&rsquo;\u00eele. La pi\u00e8ce pr\u00e9sente un fond de mosa\u00efque dans les tons bleus, rappelant l&rsquo;art traditionnel majorquin, cr\u00e9ant un contraste parfait avec les salamandres. Chacune d&rsquo;elles brille avec une palette de couleurs allant du rouge intense au vert \u00e9clatant, compl\u00e9t\u00e9e par des feuilles vertes qui apportent de la fra\u00eecheur \u00e0 la sc\u00e8ne. En haut, le mot \u00ab\u00a0MALLORCA\u00a0\u00bb se d\u00e9tache en lettres frappantes, accentuant son caract\u00e8re de souvenir repr\u00e9sentatif et authentique de la r\u00e9gion.<\/p>\n<p>Cet aimant n&rsquo;est pas seulement un souvenir esth\u00e9tique, mais aussi un symbole culturel qui souligne la diversit\u00e9 biologique de Majorque, une destination touristique c\u00e9l\u00e8bre pour sa beaut\u00e9 naturelle. Son design attrayant en fait une excellente option pour les touristes cherchant \u00e0 emporter un morceau de l&rsquo;\u00eele chez eux. Chez Ol\u00e9 Mosaic, nous sommes experts dans la distribution de souvenirs en gros, et cet aimant de salamandres est une pi\u00e8ce qui encapsule l&rsquo;essence des Bal\u00e9ares, id\u00e9ale pour les boutiques de cadeaux touristiques souhaitant offrir des produits authentiques et attrayants.<\/p>\n","protected":false},"excerpt":{"rendered":"<p>Aimant d\u00e9coratif en m\u00e9tal de 8 cm, inspir\u00e9 de la faune de Majorque, avec un design repr\u00e9sentant des salamandres. Cet aimant vibrant pr\u00e9sente un fond de mosa\u00efque \u00e9voquant l&rsquo;art de l&rsquo;\u00eele, avec des salamandres dans une vari\u00e9t\u00e9 de couleurs \u00e9clatantes, compl\u00e9t\u00e9es par des d\u00e9tails de feuilles vertes. Le mot \u00ab\u00a0MALLORCA\u00a0\u00bb est imprim\u00e9 en haut, renfor\u00e7ant son attrait comme souvenir typique de la r\u00e9gion.<\/p>\n","protected":false},"featured_media":13531,"template":"","meta":{"_acf_changed":false},"product_brand":[],"product_cat":[697],"product_tag":[530],"class_list":{"0":"post-34452","1":"product","2":"type-product","3":"status-publish","4":"has-post-thumbnail","6":"product_cat-aimants","7":"product_tag-animaux","8":"pa_ciudad-mallorca","9":"pa_motivo-salamandres","10":"pa_pais-espana","12":"first","13":"instock","14":"shipping-taxable","15":"product-type-simple"},"acf":[],"_links":{"self":[{"href":"https:\/\/olemosaic.orbitalia.org\/fr\/wp-json\/wp\/v2\/product\/34452","targetHints":{"allow":["GET"]}}],"collection":[{"href":"https:\/\/olemosaic.orbitalia.org\/fr\/wp-json\/wp\/v2\/product"}],"about":[{"href":"https:\/\/olemosaic.orbitalia.org\/fr\/wp-json\/wp\/v2\/types\/product"}],"wp:featuredmedia":[{"embeddable":true,"href":"https:\/\/olemosaic.orbitalia.org\/fr\/wp-json\/wp\/v2\/media\/13531"}],"wp:attachment":[{"href":"https:\/\/olemosaic.orbitalia.org\/fr\/wp-json\/wp\/v2\/media?parent=34452"}],"wp:term":[{"taxonomy":"product_brand","embeddable":true,"href":"https:\/\/olemosaic.orbitalia.org\/fr\/wp-json\/wp\/v2\/product_brand?post=34452"},{"taxonomy":"product_cat","embeddable":true,"href":"https:\/\/olemosaic.orbitalia.org\/fr\/wp-json\/wp\/v2\/product_cat?post=34452"},{"taxonomy":"product_tag","embeddable":true,"href":"https:\/\/olemosaic.orbitalia.org\/fr\/wp-json\/wp\/v2\/product_tag?post=34452"}],"curies":[{"name":"wp","href":"https:\/\/api.w.org\/{rel}","templated":true}]}}