{"id":34451,"date":"2025-02-20T23:36:14","date_gmt":"2025-02-20T22:36:14","guid":{"rendered":"https:\/\/olemosaic.orbitalia.org\/producto\/iman-de-metal-salamandra-gran-canaria-negro-8-cm-2\/"},"modified":"2025-07-25T19:12:31","modified_gmt":"2025-07-25T17:12:31","slug":"aimant-metal-salamandre-grande-canarie-noir-8-cm-fr","status":"publish","type":"product","link":"https:\/\/olemosaic.orbitalia.org\/fr\/produit\/aimant-metal-salamandre-grande-canarie-noir-8-cm-fr\/","title":{"rendered":"Aimant en m\u00e9tal. Salamandre. Mosa\u00efque. Grande Canarie. Noir. 8 cm."},"content":{"rendered":"<p>Aimant d\u00e9coratif en m\u00e9tal de Grande Canarie. Cet aimant vibrant de 8 cm capture l&rsquo;essence de la riche faune de Grande Canarie gr\u00e2ce \u00e0 son impressionnant design de salamandres. La technique de mosa\u00efque employ\u00e9e met en valeur une explosion de couleurs vives, avec des tons bleus, verts, jaunes et rouges qui contrastent parfaitement avec le fond noir, cr\u00e9ant une pi\u00e8ce visuellement captivante. En haut, les mots \u00ab\u00a0Gran Canaria\u00a0\u00bb sont pr\u00e9sent\u00e9s avec des lettres color\u00e9es, ajoutant une touche joyeuse et distinctive.<\/p>\n<p>Cet aimant n&rsquo;est pas seulement un objet d\u00e9coratif, mais aussi un authentique souvenir qui repr\u00e9sente la beaut\u00e9 naturelle de l&rsquo;\u00eele. Les salamandres, emblematiques de la faune canarienne, sont un symbole de la biodiversit\u00e9 locale, ce qui fait de cet aimant un souvenir significatif de vos voyages. Con\u00e7u avec une attention particuli\u00e8re aux d\u00e9tails, cet article est id\u00e9al pour ceux qui cherchent \u00e0 emporter chez eux un morceau de la culture et de l&rsquo;histoire de Grande Canarie.<\/p>\n<p>Chez Ol\u00e9 Mosaic, nous sommes sp\u00e9cialis\u00e9s dans la distribution de souvenirs en gros, et cet aimant de salamandre est une excellente option pour les boutiques de cadeaux touristiques recherchant des produits authentiques et de qualit\u00e9. Parfait comme cadeau ou pour se souvenir de vos exp\u00e9riences sur l&rsquo;\u00eele, cet aimant incarne l&rsquo;essence de Grande Canarie et est un excellent exemple de nos souvenirs embl\u00e9matiques.<\/p>\n","protected":false},"excerpt":{"rendered":"<p>Aimant m\u00e9tallique de 8 cm d\u00e9cor\u00e9 d&rsquo;une repr\u00e9sentation vibrante de salamandres, inspir\u00e9 de la faune de Grande Canarie. Le design, avec une technique de mosa\u00efque, pr\u00e9sente une explosion de couleurs dans les tons bleus, verts, jaunes et rouges sur fond noir. Les mots \u00ab\u00a0Gran Canaria\u00a0\u00bb apparaissent en lettres color\u00e9es en haut, capturant l&rsquo;essence de cette magnifique \u00eele canarienne. Id\u00e9al pour se souvenir de vos voyages ou comme cadeau.<\/p>\n","protected":false},"featured_media":12905,"template":"","meta":{"_acf_changed":false},"product_brand":[],"product_cat":[697],"product_tag":[530],"class_list":{"0":"post-34451","1":"product","2":"type-product","3":"status-publish","4":"has-post-thumbnail","6":"product_cat-aimants","7":"product_tag-animaux","8":"pa_ciudad-gran-canaria","9":"pa_motivo-salamandres","10":"pa_pais-espana","12":"first","13":"instock","14":"shipping-taxable","15":"product-type-simple"},"acf":[],"_links":{"self":[{"href":"https:\/\/olemosaic.orbitalia.org\/fr\/wp-json\/wp\/v2\/product\/34451","targetHints":{"allow":["GET"]}}],"collection":[{"href":"https:\/\/olemosaic.orbitalia.org\/fr\/wp-json\/wp\/v2\/product"}],"about":[{"href":"https:\/\/olemosaic.orbitalia.org\/fr\/wp-json\/wp\/v2\/types\/product"}],"wp:featuredmedia":[{"embeddable":true,"href":"https:\/\/olemosaic.orbitalia.org\/fr\/wp-json\/wp\/v2\/media\/12905"}],"wp:attachment":[{"href":"https:\/\/olemosaic.orbitalia.org\/fr\/wp-json\/wp\/v2\/media?parent=34451"}],"wp:term":[{"taxonomy":"product_brand","embeddable":true,"href":"https:\/\/olemosaic.orbitalia.org\/fr\/wp-json\/wp\/v2\/product_brand?post=34451"},{"taxonomy":"product_cat","embeddable":true,"href":"https:\/\/olemosaic.orbitalia.org\/fr\/wp-json\/wp\/v2\/product_cat?post=34451"},{"taxonomy":"product_tag","embeddable":true,"href":"https:\/\/olemosaic.orbitalia.org\/fr\/wp-json\/wp\/v2\/product_tag?post=34451"}],"curies":[{"name":"wp","href":"https:\/\/api.w.org\/{rel}","templated":true}]}}