{"id":34449,"date":"2025-02-20T23:36:14","date_gmt":"2025-02-20T22:36:14","guid":{"rendered":"https:\/\/olemosaic.orbitalia.org\/producto\/iman-de-metal-salamandra-fuerteventura-plata-8-cm-2\/"},"modified":"2025-07-25T18:59:49","modified_gmt":"2025-07-25T16:59:49","slug":"aimant-metal-salamandre-fuerteventura-argent-8-cm-fr","status":"publish","type":"product","link":"https:\/\/olemosaic.orbitalia.org\/fr\/produit\/aimant-metal-salamandre-fuerteventura-argent-8-cm-fr\/","title":{"rendered":"Aimant en m\u00e9tal. Salamandre. Fuerteventura. Canaries. Argent. 8 cm."},"content":{"rendered":"<p>Aimant en m\u00e9tal d\u00e9coratif \u00ab\u00a0Salamandres de Fuerteventura\u00a0\u00bb<\/p>\n<p>D\u00e9couvrez le vibrant aimant en m\u00e9tal \u00ab\u00a0Salamandres de Fuerteventura\u00a0\u00bb, une pi\u00e8ce unique qui capture l&rsquo;essence de la faune canarienne. Avec ses 8 cm, cet aimant pr\u00e9sente un design captivant qui met en valeur la repr\u00e9sentation color\u00e9e de salamandres dans une mosa\u00efque fusionnant des tons verts, bleus et rouges, sur un fond blanc qui rehausse sa luminosit\u00e9. Le mot \u00ab\u00a0FUERTEVENTURA\u00a0\u00bb, \u00e9crit en lettres frappantes, n&rsquo;ajoute pas seulement de l&rsquo;authenticit\u00e9, mais souligne \u00e9galement l&rsquo;esprit joyeux des \u00eeles Canaries.<\/p>\n<p>Le style moderne de l&rsquo;aimant se m\u00eale \u00e0 des \u00e9l\u00e9ments folkloriques, en faisant le souvenir parfait pour les touristes cherchant \u00e0 emporter un petit morceau de Fuerteventura chez eux. Chaque salamandre, avec ses d\u00e9tails complexes et ses couleurs vibrantes, symbolise la riche biodiversit\u00e9 de l&rsquo;\u00eele, faisant de ce produit un excellent souvenir qui c\u00e9l\u00e8bre la connexion culturelle et naturelle de Fuerteventura.<\/p>\n<p>Chez Ol\u00e9 Mosaic, nous sommes experts dans la distribution de souvenirs en gros, garantissant l&rsquo;authenticit\u00e9 et la qualit\u00e9 de nos produits. Cet aimant de salamandres est une option id\u00e9ale pour les boutiques de cadeaux touristiques souhaitant offrir \u00e0 leurs clients un souvenir repr\u00e9sentatif et artistique de la tradition canarienne. Un v\u00e9ritable embl\u00e8me qui combine art, culture et nature, parfait pour toute collection de souvenirs de Fuerteventura.<\/p>\n","protected":false},"excerpt":{"rendered":"<p>Aimant en m\u00e9tal d\u00e9coratif avec un design vibrant de salamandres, inspir\u00e9 de la faune de Fuerteventura. D&rsquo;une dimension de 8 cm, cet aimant pr\u00e9sente une mosa\u00efque color\u00e9e dans les tons verts, bleus et rouges, qui fait ressortir les salamandres sur un fond blanc. Le mot \u00ab\u00a0FUERTEVENTURA\u00a0\u00bb se d\u00e9tache en lettres frappantes, ajoutant une touche d&rsquo;authenticit\u00e9 canarienne. Cet article combine un style moderne avec des \u00e9l\u00e9ments folkloriques, id\u00e9al pour apporter un petit morceau de Fuerteventura dans votre maison.<\/p>\n","protected":false},"featured_media":13524,"template":"","meta":{"_acf_changed":false},"product_brand":[],"product_cat":[697],"product_tag":[530],"class_list":{"0":"post-34449","1":"product","2":"type-product","3":"status-publish","4":"has-post-thumbnail","6":"product_cat-aimants","7":"product_tag-animaux","8":"pa_ciudad-fuerteventura","9":"pa_motivo-salamandres","10":"pa_pais-espana","12":"first","13":"instock","14":"shipping-taxable","15":"product-type-simple"},"acf":[],"_links":{"self":[{"href":"https:\/\/olemosaic.orbitalia.org\/fr\/wp-json\/wp\/v2\/product\/34449","targetHints":{"allow":["GET"]}}],"collection":[{"href":"https:\/\/olemosaic.orbitalia.org\/fr\/wp-json\/wp\/v2\/product"}],"about":[{"href":"https:\/\/olemosaic.orbitalia.org\/fr\/wp-json\/wp\/v2\/types\/product"}],"wp:featuredmedia":[{"embeddable":true,"href":"https:\/\/olemosaic.orbitalia.org\/fr\/wp-json\/wp\/v2\/media\/13524"}],"wp:attachment":[{"href":"https:\/\/olemosaic.orbitalia.org\/fr\/wp-json\/wp\/v2\/media?parent=34449"}],"wp:term":[{"taxonomy":"product_brand","embeddable":true,"href":"https:\/\/olemosaic.orbitalia.org\/fr\/wp-json\/wp\/v2\/product_brand?post=34449"},{"taxonomy":"product_cat","embeddable":true,"href":"https:\/\/olemosaic.orbitalia.org\/fr\/wp-json\/wp\/v2\/product_cat?post=34449"},{"taxonomy":"product_tag","embeddable":true,"href":"https:\/\/olemosaic.orbitalia.org\/fr\/wp-json\/wp\/v2\/product_tag?post=34449"}],"curies":[{"name":"wp","href":"https:\/\/api.w.org\/{rel}","templated":true}]}}