{"id":34442,"date":"2025-02-20T22:36:13","date_gmt":"2025-02-20T22:36:13","guid":{"rendered":"https:\/\/olemosaic.orbitalia.org\/producto\/iman-de-metal-flamenco-plata-8-cm\/"},"modified":"2025-07-25T20:36:24","modified_gmt":"2025-07-25T18:36:24","slug":"aimant-metal-flamant-rose-argent-8-cm","status":"publish","type":"product","link":"https:\/\/olemosaic.orbitalia.org\/fr\/produit\/aimant-metal-flamant-rose-argent-8-cm\/","title":{"rendered":"Aimant en m\u00e9tal. Flamant rose. Argent. 8 cm."},"content":{"rendered":"<p>Aimant m\u00e9tallique d\u00e9cor\u00e9 de flamants roses entrelac\u00e9s : une pi\u00e8ce vibrante et captivante qui capture l&rsquo;essence de la faune espagnole. Mesurant 8 cm, cet aimant se distingue par son design color\u00e9, o\u00f9 les flamants s&rsquo;entrelacent dans une mosa\u00efque resplendissante de tons roses, oranges et de d\u00e9tails aux contours sombres. La repr\u00e9sentation stylis\u00e9e de ces oiseaux \u00e9l\u00e9gants est un exemple de la riche biodiversit\u00e9 que l&rsquo;on peut trouver dans les r\u00e9gions c\u00f4ti\u00e8res d&rsquo;Espagne, particuli\u00e8rement dans des zones comme Do\u00f1ana et l&rsquo;Albufera, o\u00f9 les flamants roses font partie int\u00e9grante du paysage. Cet aimant n&rsquo;est pas seulement fonctionnel, il est aussi un attrait d\u00e9coratif qui apporte une touche artistique \u00e0 toute surface magn\u00e9tique, que ce soit le r\u00e9frig\u00e9rateur de votre maison ou un tableau d&rsquo;affichage au bureau. Fabriqu\u00e9 en m\u00e9tal, ce souvenir combine art et culture dans une pi\u00e8ce qui c\u00e9l\u00e8bre la beaut\u00e9 naturelle de l&rsquo;Espagne, devenant le souvenir parfait pour les touristes souhaitant emporter un morceau de leur exp\u00e9rience. Chez Ol\u00e9 Mosaic, en tant que distributeurs de souvenirs en gros, nous proposons des produits authentiques avec une valeur culturelle significative, faisant de cet aimant un choix id\u00e9al pour les boutiques de cadeaux touristiques souhaitant offrir \u00e0 leurs clients un souvenir collectif de la riche culture espagnole.<\/p>\n","protected":false},"excerpt":{"rendered":"<p>Aimant m\u00e9tallique d\u00e9cor\u00e9 d&rsquo;un design vibrant de flamants roses entrelac\u00e9s, repr\u00e9sentant l&rsquo;\u00e9l\u00e9gance et la singularit\u00e9 de la faune espagnole. Avec des dimensions de 8 cm, sa mosa\u00efque color\u00e9e dans les tons roses, oranges et ses d\u00e9tails aux contours sombres lui conf\u00e8rent un grand attrait visuel. Ce produit est id\u00e9al pour se souvenir de la beaut\u00e9 de ces oiseaux dans leur habitat naturel, alliant art et culture dans une pi\u00e8ce fonctionnelle, parfaite pour toute surface magn\u00e9tique.<\/p>\n","protected":false},"featured_media":12865,"template":"","meta":{"_acf_changed":false},"product_brand":[],"product_cat":[697],"product_tag":[530],"class_list":{"0":"post-34442","1":"product","2":"type-product","3":"status-publish","4":"has-post-thumbnail","6":"product_cat-aimants","7":"product_tag-animaux","8":"pa_motivo-flamants-roses","10":"first","11":"instock","12":"shipping-taxable","13":"product-type-simple"},"acf":[],"_links":{"self":[{"href":"https:\/\/olemosaic.orbitalia.org\/fr\/wp-json\/wp\/v2\/product\/34442","targetHints":{"allow":["GET"]}}],"collection":[{"href":"https:\/\/olemosaic.orbitalia.org\/fr\/wp-json\/wp\/v2\/product"}],"about":[{"href":"https:\/\/olemosaic.orbitalia.org\/fr\/wp-json\/wp\/v2\/types\/product"}],"wp:featuredmedia":[{"embeddable":true,"href":"https:\/\/olemosaic.orbitalia.org\/fr\/wp-json\/wp\/v2\/media\/12865"}],"wp:attachment":[{"href":"https:\/\/olemosaic.orbitalia.org\/fr\/wp-json\/wp\/v2\/media?parent=34442"}],"wp:term":[{"taxonomy":"product_brand","embeddable":true,"href":"https:\/\/olemosaic.orbitalia.org\/fr\/wp-json\/wp\/v2\/product_brand?post=34442"},{"taxonomy":"product_cat","embeddable":true,"href":"https:\/\/olemosaic.orbitalia.org\/fr\/wp-json\/wp\/v2\/product_cat?post=34442"},{"taxonomy":"product_tag","embeddable":true,"href":"https:\/\/olemosaic.orbitalia.org\/fr\/wp-json\/wp\/v2\/product_tag?post=34442"}],"curies":[{"name":"wp","href":"https:\/\/api.w.org\/{rel}","templated":true}]}}