{"id":34441,"date":"2025-02-20T22:36:12","date_gmt":"2025-02-20T22:36:12","guid":{"rendered":"https:\/\/olemosaic.orbitalia.org\/producto\/iman-de-metal-mariposa-negro-8-cm\/"},"modified":"2025-07-25T20:22:36","modified_gmt":"2025-07-25T18:22:36","slug":"aimant-metal-papillon-noir-8-cm","status":"publish","type":"product","link":"https:\/\/olemosaic.orbitalia.org\/fr\/produit\/aimant-metal-papillon-noir-8-cm\/","title":{"rendered":"Aimant en m\u00e9tal. Papillon. Noir. 8 cm."},"content":{"rendered":"<p>Aimant m\u00e9tallique d\u00e9cor\u00e9 de papillons et de fleurs color\u00e9es, id\u00e9al pour se souvenir de la vibrante faune espagnole. Cet aimant de 8 cm pr\u00e9sente un fond noir qui fait ressortir les couleurs vives des papillons, ing\u00e9nieusement con\u00e7us avec un motif de mosa\u00efque qui capture l&rsquo;essence artistique de la culture espagnole. Les papillons, repr\u00e9sent\u00e9s dans une vari\u00e9t\u00e9 de tons, du rouge vibrant au bleu intense, \u00e9voquent la diversit\u00e9 et la beaut\u00e9 de la nature qui caract\u00e9rise les r\u00e9gions espagnoles, tandis que les fleurs color\u00e9es ajoutent une touche de fra\u00eecheur et de joie.<\/p>\n<p>Le design d\u00e9taill\u00e9 et artisanal de l&rsquo;aimant en fait un objet d\u00e9coratif et un authentique souvenir qui encapsule la riche biodiversit\u00e9 et le folklore de l&rsquo;Espagne. Parfait pour les touristes \u00e0 la recherche d&rsquo;un souvenir significatif qui leur rappelle la beaut\u00e9 de la faune locale, c&rsquo;est une excellente option pour tout r\u00e9frig\u00e9rateur ou surface m\u00e9tallique.<\/p>\n<p>Chez Ol\u00e9 Mosaic, nous proposons des aimants qui se distinguent par leur qualit\u00e9 et leur authenticit\u00e9, id\u00e9aux pour les boutiques de cadeaux touristiques \u00e0 la recherche de souvenirs repr\u00e9sentatifs de l&rsquo;Espagne. En tant que distributeurs d&rsquo;aimants en gros, nous garantissons que chaque pi\u00e8ce n&rsquo;est pas seulement un attrait d\u00e9coratif, mais aussi un symbole de la richesse culturelle et naturelle qui d\u00e9finit notre pays.<\/p>\n","protected":false},"excerpt":{"rendered":"<p>Aimant m\u00e9tallique d\u00e9cor\u00e9 de papillons et de fleurs aux couleurs vives, id\u00e9al pour se souvenir de la vibrante faune espagnole. D&rsquo;une taille de 8 cm, il pr\u00e9sente un fond noir qui rehausse les couleurs des papillons, con\u00e7us avec un motif de mosa\u00efque. Cet aimant est parfait pour ajouter une touche artistique \u00e0 n&rsquo;importe quel espace, \u00e9voquant le folklore et la nature qui caract\u00e9risent la culture espagnole.<\/p>\n","protected":false},"featured_media":11444,"template":"","meta":{"_acf_changed":false},"product_brand":[],"product_cat":[697],"product_tag":[530],"class_list":{"0":"post-34441","1":"product","2":"type-product","3":"status-publish","4":"has-post-thumbnail","6":"product_cat-aimants","7":"product_tag-animaux","8":"pa_motivo-papillons","10":"first","11":"instock","12":"shipping-taxable","13":"product-type-simple"},"acf":[],"_links":{"self":[{"href":"https:\/\/olemosaic.orbitalia.org\/fr\/wp-json\/wp\/v2\/product\/34441","targetHints":{"allow":["GET"]}}],"collection":[{"href":"https:\/\/olemosaic.orbitalia.org\/fr\/wp-json\/wp\/v2\/product"}],"about":[{"href":"https:\/\/olemosaic.orbitalia.org\/fr\/wp-json\/wp\/v2\/types\/product"}],"wp:featuredmedia":[{"embeddable":true,"href":"https:\/\/olemosaic.orbitalia.org\/fr\/wp-json\/wp\/v2\/media\/11444"}],"wp:attachment":[{"href":"https:\/\/olemosaic.orbitalia.org\/fr\/wp-json\/wp\/v2\/media?parent=34441"}],"wp:term":[{"taxonomy":"product_brand","embeddable":true,"href":"https:\/\/olemosaic.orbitalia.org\/fr\/wp-json\/wp\/v2\/product_brand?post=34441"},{"taxonomy":"product_cat","embeddable":true,"href":"https:\/\/olemosaic.orbitalia.org\/fr\/wp-json\/wp\/v2\/product_cat?post=34441"},{"taxonomy":"product_tag","embeddable":true,"href":"https:\/\/olemosaic.orbitalia.org\/fr\/wp-json\/wp\/v2\/product_tag?post=34441"}],"curies":[{"name":"wp","href":"https:\/\/api.w.org\/{rel}","templated":true}]}}