{"id":34440,"date":"2025-02-20T23:36:12","date_gmt":"2025-02-20T22:36:12","guid":{"rendered":"https:\/\/olemosaic.orbitalia.org\/producto\/iman-de-metal-tortuga-mallorca-azul-8-cm-2\/"},"modified":"2025-07-26T00:00:39","modified_gmt":"2025-07-25T22:00:39","slug":"aimant-metal-tortue-majorque-bleu-8-cm-fr","status":"publish","type":"product","link":"https:\/\/olemosaic.orbitalia.org\/fr\/produit\/aimant-metal-tortue-majorque-bleu-8-cm-fr\/","title":{"rendered":"Aimant en m\u00e9tal. Tortue. \u00cele. Majorque. Bleu. 8 cm."},"content":{"rendered":"<p>Aimant en m\u00e9tal de tortues marines de Majorque<\/p>\n<p>Cet aimant en m\u00e9tal de 8 cm est un souvenir vibrant des magnifiques eaux de Majorque, mettant en avant la riche vie marine qui caract\u00e9rise l&rsquo;\u00eele. L&rsquo;illustration color\u00e9e montre plusieurs tortues marines nageant dans un oc\u00e9an bleu profond, cr\u00e9ant un contraste spectaculaire avec les nombreux \u00e9l\u00e9ments marins qui ornent le fond. Entre coraux et poissons joueurs, la sc\u00e8ne est con\u00e7ue dans un style mosa\u00efque qui rehausse la luminosit\u00e9 de chaque figure, invitant les observateurs \u00e0 appr\u00e9cier la beaut\u00e9 de l&rsquo;environnement sous-marin.<\/p>\n<p>Le mot \u00ab\u00a0MALLORCA\u00a0\u00bb s&rsquo;affiche en lettres frappantes sur la partie sup\u00e9rieure, \u00e9voquant instantan\u00e9ment la connexion avec cette r\u00e9gion m\u00e9diterran\u00e9enne idyllique. Cet aimant n&rsquo;est pas seulement un article d\u00e9coratif, mais un authentique souvenir qui capture l&rsquo;essence de la vie marine majorquine, parfait pour ceux qui souhaitent ramener chez eux un morceau de cette \u00eele magique.<\/p>\n<p>Chez Ol\u00e9 Mosaic, nous sommes sp\u00e9cialis\u00e9s dans la distribution de souvenirs en gros, et cet aimant de tortues marines de Majorque est un choix id\u00e9al pour les boutiques de cadeaux touristiques \u00e0 la recherche de produits authentiques et repr\u00e9sentatifs. Son design attrayant et sa signification culturelle en font un excellent cadeau pour les touristes et un compl\u00e9ment parfait \u00e0 toute collection de souvenirs de Majorque.<\/p>\n","protected":false},"excerpt":{"rendered":"<p>Aimant m\u00e9tallique de 8 cm inspir\u00e9 des tortues marines de Majorque. Cet aimant color\u00e9 pr\u00e9sente une illustration vibrante avec des tortues nageant sur un fond bleu, entour\u00e9es d&rsquo;\u00e9l\u00e9ments marins tels que des coraux et des poissons, le tout dans un style mosa\u00efque. Le mot \u00ab\u00a0MALLORCA\u00a0\u00bb se d\u00e9tache sur la partie sup\u00e9rieure, compl\u00e9tant ce souvenir joyeux et pittoresque qui capture l&rsquo;essence de la vie sous-marine de l&rsquo;\u00eele. Id\u00e9al pour ramener un petit morceau de Majorque \u00e0 la maison.<\/p>\n","protected":false},"featured_media":12864,"template":"","meta":{"_acf_changed":false},"product_brand":[],"product_cat":[697],"product_tag":[530],"class_list":{"0":"post-34440","1":"product","2":"type-product","3":"status-publish","4":"has-post-thumbnail","6":"product_cat-aimants","7":"product_tag-animaux","8":"pa_ciudad-mallorca","9":"pa_motivo-tortues","10":"pa_pais-espana","12":"first","13":"instock","14":"shipping-taxable","15":"product-type-simple"},"acf":[],"_links":{"self":[{"href":"https:\/\/olemosaic.orbitalia.org\/fr\/wp-json\/wp\/v2\/product\/34440","targetHints":{"allow":["GET"]}}],"collection":[{"href":"https:\/\/olemosaic.orbitalia.org\/fr\/wp-json\/wp\/v2\/product"}],"about":[{"href":"https:\/\/olemosaic.orbitalia.org\/fr\/wp-json\/wp\/v2\/types\/product"}],"wp:featuredmedia":[{"embeddable":true,"href":"https:\/\/olemosaic.orbitalia.org\/fr\/wp-json\/wp\/v2\/media\/12864"}],"wp:attachment":[{"href":"https:\/\/olemosaic.orbitalia.org\/fr\/wp-json\/wp\/v2\/media?parent=34440"}],"wp:term":[{"taxonomy":"product_brand","embeddable":true,"href":"https:\/\/olemosaic.orbitalia.org\/fr\/wp-json\/wp\/v2\/product_brand?post=34440"},{"taxonomy":"product_cat","embeddable":true,"href":"https:\/\/olemosaic.orbitalia.org\/fr\/wp-json\/wp\/v2\/product_cat?post=34440"},{"taxonomy":"product_tag","embeddable":true,"href":"https:\/\/olemosaic.orbitalia.org\/fr\/wp-json\/wp\/v2\/product_tag?post=34440"}],"curies":[{"name":"wp","href":"https:\/\/api.w.org\/{rel}","templated":true}]}}