{"id":34423,"date":"2025-02-20T23:36:11","date_gmt":"2025-02-20T22:36:11","guid":{"rendered":"https:\/\/olemosaic.orbitalia.org\/producto\/iman-de-metal-toro-marbella-negro-8-cm-2\/"},"modified":"2025-07-25T19:23:59","modified_gmt":"2025-07-25T17:23:59","slug":"aimant-metal-taureau-marbella-noir-8-cm-fr","status":"publish","type":"product","link":"https:\/\/olemosaic.orbitalia.org\/fr\/produit\/aimant-metal-taureau-marbella-noir-8-cm-fr\/","title":{"rendered":"Aimant en m\u00e9tal. Taureau. Marbella. Espagne. Noir. 8 cm."},"content":{"rendered":"<p>Aimant m\u00e9tallique de taureau de Marbella. Cet aimant au design vibrant est un v\u00e9ritable hommage \u00e0 la culture espagnole, car il capture l&rsquo;essence du taureau, symbole iconique de la tradition et des f\u00eates andalouses. Avec des dimensions de 8 cm, cet aimant se distingue par son impressionnante mosa\u00efque de couleurs \u00e9clatantes \u00e9voquant la chaleur et la vitalit\u00e9 de Marbella. Le fond noir rehausse la figure dynamique du taureau, cr\u00e9\u00e9e \u00e0 partir de tesselles de mosa\u00efque dans des tons vari\u00e9s allant du rouge intense au bleu profond, produisant un effet visuel attrayant et contemporain.<\/p>\n<p>Le nom \u00ab\u00a0MARBELLA\u00a0\u00bb appara\u00eet en lettres frappantes \u00e0 c\u00f4t\u00e9 de l&rsquo;image, faisant de cet aimant un souvenir distinctif qui repr\u00e9sente non seulement la ville, mais aussi son riche h\u00e9ritage culturel. Ce souvenir est id\u00e9al pour d\u00e9corer n&rsquo;importe quelle surface, des r\u00e9frig\u00e9rateurs aux tableaux blancs, et constitue une excellente option pour les touristes cherchant \u00e0 ramener un morceau d&rsquo;Andalousie chez eux. Chez Ol\u00e9 Mosaic, notre engagement est d&rsquo;offrir des souvenirs authentiques qui connectent les clients \u00e0 l&rsquo;essence de chaque r\u00e9gion. Cet aimant repr\u00e9sente une opportunit\u00e9 parfaite pour les boutiques de cadeaux touristiques recherchant des produits de qualit\u00e9, pertinents et visuellement attrayants.<\/p>\n","protected":false},"excerpt":{"rendered":"<p>Aimant m\u00e9tallique avec un design vibrant de taureau, repr\u00e9sentant l&rsquo;essence de Marbella. Avec des dimensions de 8 cm, cet aimant se distingue par sa mosa\u00efque color\u00e9e, combinant des tons vari\u00e9s et cr\u00e9ant un effet visuel attrayant. Le fond noir fait ressortir l&rsquo;image du taureau, symbole de la culture espagnole, tandis que le texte \u00ab\u00a0MARBELLA\u00a0\u00bb, en lettres frappantes, ajoute une touche distinctive. Id\u00e9al pour d\u00e9corer n&rsquo;importe quelle surface et \u00e9voquer la beaut\u00e9 de la c\u00f4te andalouse.<\/p>\n","protected":false},"featured_media":10007,"template":"","meta":{"_acf_changed":false},"product_brand":[],"product_cat":[697],"product_tag":[530],"class_list":{"0":"post-34423","1":"product","2":"type-product","3":"status-publish","4":"has-post-thumbnail","6":"product_cat-aimants","7":"product_tag-animaux","8":"pa_ciudad-marbella","9":"pa_motivo-taureaux","10":"pa_pais-espana","12":"first","13":"instock","14":"shipping-taxable","15":"product-type-simple"},"acf":[],"_links":{"self":[{"href":"https:\/\/olemosaic.orbitalia.org\/fr\/wp-json\/wp\/v2\/product\/34423","targetHints":{"allow":["GET"]}}],"collection":[{"href":"https:\/\/olemosaic.orbitalia.org\/fr\/wp-json\/wp\/v2\/product"}],"about":[{"href":"https:\/\/olemosaic.orbitalia.org\/fr\/wp-json\/wp\/v2\/types\/product"}],"wp:featuredmedia":[{"embeddable":true,"href":"https:\/\/olemosaic.orbitalia.org\/fr\/wp-json\/wp\/v2\/media\/10007"}],"wp:attachment":[{"href":"https:\/\/olemosaic.orbitalia.org\/fr\/wp-json\/wp\/v2\/media?parent=34423"}],"wp:term":[{"taxonomy":"product_brand","embeddable":true,"href":"https:\/\/olemosaic.orbitalia.org\/fr\/wp-json\/wp\/v2\/product_brand?post=34423"},{"taxonomy":"product_cat","embeddable":true,"href":"https:\/\/olemosaic.orbitalia.org\/fr\/wp-json\/wp\/v2\/product_cat?post=34423"},{"taxonomy":"product_tag","embeddable":true,"href":"https:\/\/olemosaic.orbitalia.org\/fr\/wp-json\/wp\/v2\/product_tag?post=34423"}],"curies":[{"name":"wp","href":"https:\/\/api.w.org\/{rel}","templated":true}]}}